{"id":67105,"date":"2022-10-05T15:53:30","date_gmt":"2022-10-05T19:53:30","guid":{"rendered":"https:\/\/chiropractic.ca\/centre-des-medias\/"},"modified":"2022-11-08T15:01:34","modified_gmt":"2022-11-08T20:01:34","slug":"medias","status":"publish","type":"page","link":"https:\/\/chiropractic.ca\/fr\/medias\/","title":{"rendered":"Centre des m\u00e9dias"},"content":{"rendered":"<header class=\"hero hero-large alignfull\"><div class=\"ct-container\"><figure class=\"animated fadeIn\"><div class=\"ct-media-container\"><img decoding=\"async\" width=\"2560\" height=\"1708\" src=\"https:\/\/chiropractic.ca\/wp-content\/uploads\/2022\/11\/media-scaled.jpg\" class=\"attachment-full size-full\" alt=\"Speech bubble\" srcset=\"https:\/\/chiropractic.ca\/wp-content\/uploads\/2022\/11\/media-scaled.jpg 2560w, https:\/\/chiropractic.ca\/wp-content\/uploads\/2022\/11\/media-400x267.jpg 400w, https:\/\/chiropractic.ca\/wp-content\/uploads\/2022\/11\/media-1024x683.jpg 1024w, https:\/\/chiropractic.ca\/wp-content\/uploads\/2022\/11\/media-768x513.jpg 768w, https:\/\/chiropractic.ca\/wp-content\/uploads\/2022\/11\/media-1536x1025.jpg 1536w, https:\/\/chiropractic.ca\/wp-content\/uploads\/2022\/11\/media-2048x1367.jpg 2048w\" sizes=\"(max-width: 2560px) 100vw, 2560px\" style=\"aspect-ratio: 16\/9;\" \/><\/div><\/figure><div class=\"wp-block-columns is-not-stacked-on-mobile\"><div class=\"wp-block-column\" style=\"flex-basis: 55%;\"><h1 class=\"animated fadeIn\">Centre des m\u00e9dias<\/h1><div class=\"is-style-lead-text\" content-device=\"desktop\"><p>L\u2019Association chiropratique canadienne (ACC) est une association nationale qui repr\u00e9sente les int\u00e9r\u00eats des 9 000 docteurs en chiropratique agr\u00e9\u00e9s au Canada.<\/p>\n<\/div><\/div><div class=\"wp-block-column\"><\/div><\/div><\/div><div class=\"shape-divider-bottom\">\n\t\t\t\t<svg xmlns=\"http:\/\/www.w3.org\/2000\/svg\" viewBox=\"0 0 2419.94 122.9\"><path id=\"Path_240\" class=\"cls-1\" d=\"M0,49.78C124.41-31.69,584.23,5.21,823.77,32.17c239.54,26.96,751.95,124.97,1269.64,17.61,58.43-12.12,280.19-83,319.61-18.2,7.57,12.44,9.72,32.23,2.36,48.08-21.49,46.26-117.05,43.59-150,43-136.67-2.44-1027.9-1.62-2262-1L0,49.78Z\"\/><\/svg>\n\t\t\t\t<\/div><\/header><div class=\"is-style-lead-text\" aria-hidden=\"true\" content-device=\"mobile\"><p>L\u2019Association chiropratique canadienne (ACC) est une association nationale qui repr\u00e9sente les int\u00e9r\u00eats des 9 000 docteurs en chiropratique agr\u00e9\u00e9s au Canada.<\/p>\n<\/div>\n\n\n<div class=\"wp-block-columns is-layout-flex wp-container-core-columns-is-layout-28f84493 wp-block-columns-is-layout-flex\">\n<div class=\"wp-block-column is-layout-flow wp-block-column-is-layout-flow\" style=\"flex-basis:66.66%\">\n<p>Les chiropraticiens aident \u00e0 soulager la douleur des Canadiens et leur permettent de mener la vie saine et active qu\u2019ils souhaitent. On estime que 4,7 millions d\u2019adultes canadiens se sont tourn\u00e9s vers un chiropraticien en 2019 pour traiter des probl\u00e8mes li\u00e9s \u00e0 la colonne vert\u00e9brale, aux muscles et au syst\u00e8me nerveux. La chiropratique est un traitement manuel, non invasif et sans m\u00e9dicaments.<\/p>\n\n\n\n<p>L\u2019ACC est le porte-parole national des chiropraticiens depuis 1953; elle travaille \u00e0 faire conna\u00eetre la valeur et l\u2019expertise uniques que ses membres ont \u00e0 offrir. Nous collaborons avec d\u2019autres associations de professionnels de la sant\u00e9, ainsi qu\u2019avec des gouvernements et des assureurs priv\u00e9s de soins m\u00e9dicaux afin de rendre les soins chiropratiques accessibles \u00e0 tous ceux qui en ont besoin, dans le cadre d\u2019un syst\u00e8me de sant\u00e9 robuste qui met l\u2019accent sur les soins, au moyen d\u2019\u00e9quipes int\u00e9gr\u00e9es de professionnels de la sant\u00e9.<\/p>\n\n\n\n<h2 class=\"wp-block-heading\">Pour les demandes des m\u00e9dias,<br>veuillez \u00e9crire \u00e0 :<\/h2>\n\n\n\n<h3 class=\"wp-block-heading\">Courriel<\/h3>\n\n\n\n<p><a href=\"mailto:media@chiropractic.ca\">media@chiropractic.ca<\/a><\/p>\n\n\n\n<h3 class=\"wp-block-heading\">Adresse postale<\/h3>\n\n\n\n<p>184 Front St. East, bureau 200<br>Toronto (Ontario) M5A 4N3<\/p>\n\n\n\n<h2 class=\"wp-block-heading\">Communiqu\u00e9s de presse<\/h2>\n\n\n<div class=\"ct-posts-shortcode\" data-prefix=\"media-centre_archive\"><div class=\"entries\" data-archive=\"default\" data-layout=\"simple\" data-cards=\"simple\"><article class=\"entry-card post-76907 media-centre type-media-centre status-publish hentry\" ><div class=\"card-content\"><h3 class=\"entry-title\"><a href=\"https:\/\/chiropractic.ca\/fr\/centre-des-medias\/lassociation-chiropratique-canadienne-et-luniversite-ontario-tech-creent-un-poste-de-chercheuse-principale\/\" rel=\"bookmark\">L\u2019Association chiropratique canadienne et l\u2019Universit\u00e9 Ontario Tech cr\u00e9ent un poste de chercheuse principale<\/a><\/h3><ul class=\"entry-meta\" data-type=\"simple:none\" data-id=\"SvG3GR\" ><li class=\"meta-date\" ><time class=\"ct-meta-element-date\" datetime=\"2026-04-01T08:00:00-04:00\">1 avril 2026<\/time><\/li><\/ul><div class=\"entry-excerpt\"><p>Toronto, Ontario \u2013 [1er avril 2026] \u2013 Les troubles musculosquelettiques, qui repr\u00e9sentent l\u2019une des principales causes d\u2019invalidit\u00e9 dans le monde1, mobilisent fortement les ressources du syst\u00e8me de sant\u00e9, ce qui souligne la n\u00e9cessit\u00e9 d\u2019adopter des approches fond\u00e9es sur des donn\u00e9es\u2026<\/p>\n<\/div><a class=\"entry-button\" href=\"https:\/\/chiropractic.ca\/fr\/centre-des-medias\/lassociation-chiropratique-canadienne-et-luniversite-ontario-tech-creent-un-poste-de-chercheuse-principale\/\">Read full news release<span class=\"screen-reader-text\">L\u2019Association chiropratique canadienne et l\u2019Universit\u00e9 Ontario Tech cr\u00e9ent un poste de chercheuse principale<\/span><\/a><\/div><\/article><article class=\"entry-card post-76817 media-centre type-media-centre status-publish hentry\" ><div class=\"card-content\"><h3 class=\"entry-title\"><a href=\"https:\/\/chiropractic.ca\/fr\/centre-des-medias\/la-dre-ayla-azad-prend-la-parole-devant-le-comite-huma-au-nom-de-lassociation-chiropratique-canadienne\/\" rel=\"bookmark\">La Dre Ayla Azad prend la parole devant le Comit\u00e9 HUMA au nom de l\u2019Association chiropratique canadienne<\/a><\/h3><ul class=\"entry-meta\" data-type=\"simple:none\" data-id=\"SvG3GR\" ><li class=\"meta-date\" ><time class=\"ct-meta-element-date\" datetime=\"2026-02-12T10:52:37-05:00\">12 f\u00e9vrier 2026<\/time><\/li><\/ul><div class=\"entry-excerpt\"><p>Toronto, Ontario \u2013 12 f\u00e9vrier 2026 \u2013 Le 12 f\u00e9vrier, la Dre Ayla Azad s\u2019est exprim\u00e9e devant le Comit\u00e9 permanent des ressources humaines, du d\u00e9veloppement des comp\u00e9tences et du d\u00e9veloppement social et de la condition des personnes handicap\u00e9es (HUMA) pour\u2026<\/p>\n<\/div><a class=\"entry-button\" href=\"https:\/\/chiropractic.ca\/fr\/centre-des-medias\/la-dre-ayla-azad-prend-la-parole-devant-le-comite-huma-au-nom-de-lassociation-chiropratique-canadienne\/\">Read full news release<span class=\"screen-reader-text\">La Dre Ayla Azad prend la parole devant le Comit\u00e9 HUMA au nom de l\u2019Association chiropratique canadienne<\/span><\/a><\/div><\/article><article class=\"entry-card post-76815 media-centre type-media-centre status-publish hentry\" ><div class=\"card-content\"><h3 class=\"entry-title\"><a href=\"https:\/\/chiropractic.ca\/fr\/centre-des-medias\/a-la-suite-des-resolutions-adoptees-par-les-premieres-nations-lacc-demande-au-gouvernement-federal-de-retablir-le-remboursement-des-soins-chiropratiques-au-titre-du-programme-des-services-de\/\" rel=\"bookmark\">\u00c0 la suite des r\u00e9solutions adopt\u00e9es par les Premi\u00e8res Nations, l\u2019ACC demande au gouvernement f\u00e9d\u00e9ral de r\u00e9tablir le remboursement des soins chiropratiques au titre du Programme des services de sant\u00e9 non assur\u00e9s (SSNA)<\/a><\/h3><ul class=\"entry-meta\" data-type=\"simple:none\" data-id=\"SvG3GR\" ><li class=\"meta-date\" ><time class=\"ct-meta-element-date\" datetime=\"2026-02-05T12:09:16-05:00\">5 f\u00e9vrier 2026<\/time><\/li><\/ul><div class=\"entry-excerpt\"><p>TORONTO, (Ontario) \u2013 4 f\u00e9vrier 2026\u2013 Dans le sillage des r\u00e9solutions officiellement adopt\u00e9es par les Chefs de l\u2019Ontario et l\u2019Assembl\u00e9e des Premi\u00e8res Nations exhortant le gouvernement f\u00e9d\u00e9ral \u00e0 r\u00e9tablir le remboursement des soins chiropratiques au titre du Programme des SSNA,\u2026<\/p>\n<\/div><a class=\"entry-button\" href=\"https:\/\/chiropractic.ca\/fr\/centre-des-medias\/a-la-suite-des-resolutions-adoptees-par-les-premieres-nations-lacc-demande-au-gouvernement-federal-de-retablir-le-remboursement-des-soins-chiropratiques-au-titre-du-programme-des-services-de\/\">Read full news release<span class=\"screen-reader-text\">\u00c0 la suite des r\u00e9solutions adopt\u00e9es par les Premi\u00e8res Nations, l\u2019ACC demande au gouvernement f\u00e9d\u00e9ral de r\u00e9tablir le remboursement des soins chiropratiques au titre du Programme des services de sant\u00e9 non assur\u00e9s (SSNA)<\/span><\/a><\/div><\/article><article class=\"entry-card post-76754 media-centre type-media-centre status-publish hentry\" ><div class=\"card-content\"><h3 class=\"entry-title\"><a href=\"https:\/\/chiropractic.ca\/fr\/centre-des-medias\/les-chiropraticiens-canadiens-lancent-une-campagne-nationale-intitulee-bouger-cest-important-vraiment\/\" rel=\"bookmark\">Les chiropraticiens canadiens lancent une campagne nationale intitul\u00e9e \u00ab Bouger, c\u2019est important. Vraiment. \u00bb<\/a><\/h3><ul class=\"entry-meta\" data-type=\"simple:none\" data-id=\"SvG3GR\" ><li class=\"meta-date\" ><time class=\"ct-meta-element-date\" datetime=\"2026-01-08T12:18:43-05:00\">8 janvier 2026<\/time><\/li><\/ul><div class=\"entry-excerpt\"><p>Toronto (Ontario), 8 janvier 2026 \u2013 Les chiropraticiens canadiens ont lanc\u00e9 aujourd\u2019hui la campagne nationale \u00ab Bouger, c\u2019est important. Vraiment. \u00bb, qui encourage les Canadiens \u00e0 consid\u00e9rer l\u2019activit\u00e9 physique quotidienne comme un \u00e9l\u00e9ment indispensable de leur bien-\u00eatre et non comme\u2026<\/p>\n<\/div><a class=\"entry-button\" href=\"https:\/\/chiropractic.ca\/fr\/centre-des-medias\/les-chiropraticiens-canadiens-lancent-une-campagne-nationale-intitulee-bouger-cest-important-vraiment\/\">Read full news release<span class=\"screen-reader-text\">Les chiropraticiens canadiens lancent une campagne nationale intitul\u00e9e \u00ab Bouger, c\u2019est important. Vraiment. \u00bb<\/span><\/a><\/div><\/article><article class=\"entry-card post-76588 media-centre type-media-centre status-publish hentry\" ><div class=\"card-content\"><h3 class=\"entry-title\"><a href=\"https:\/\/chiropractic.ca\/fr\/centre-des-medias\/lassociation-chiropratique-canadienne-appelle-a-lamelioration-de-lacces-aux-soins-pour-les-communautes-des-premieres-nations-et-des-inuits\/\" rel=\"bookmark\">L\u2019Association chiropratique canadienne appelle \u00e0 l\u2019am\u00e9lioration de l\u2019acc\u00e8s aux soins pour les communaut\u00e9s des Premi\u00e8res Nations et des Inuits<\/a><\/h3><ul class=\"entry-meta\" data-type=\"simple:none\" data-id=\"SvG3GR\" ><li class=\"meta-date\" ><time class=\"ct-meta-element-date\" datetime=\"2025-10-28T08:00:00-04:00\">28 octobre 2025<\/time><\/li><\/ul><div class=\"entry-excerpt\"><p>Ottawa (Ontario), 28 octobre 2025 \u2013 L\u2019Association chiropratique canadienne (ACC) appelle en urgence \u00e0 un acc\u00e8s \u00e9quitable aux soins chiropratiques pour l\u2019ensemble de la population canadienne, avec une attention particuli\u00e8re aux membres des communaut\u00e9s des Premi\u00e8res Nations et des Inuits\u2026<\/p>\n<\/div><a class=\"entry-button\" href=\"https:\/\/chiropractic.ca\/fr\/centre-des-medias\/lassociation-chiropratique-canadienne-appelle-a-lamelioration-de-lacces-aux-soins-pour-les-communautes-des-premieres-nations-et-des-inuits\/\">Read full news release<span class=\"screen-reader-text\">L\u2019Association chiropratique canadienne appelle \u00e0 l\u2019am\u00e9lioration de l\u2019acc\u00e8s aux soins pour les communaut\u00e9s des Premi\u00e8res Nations et des Inuits<\/span><\/a><\/div><\/article><\/div>\n\t\t<nav class=\"ct-pagination\" data-pagination=\"load_more\"  >\n\t\t\t<span aria-current=\"page\" class=\"page-numbers current\">1<\/span>\n<a class=\"page-numbers\" href=\"https:\/\/chiropractic.ca\/fr\/wp-json\/wp\/v2\/pages\/67105\/page\/2\/\">2<\/a>\n<a class=\"page-numbers\" href=\"https:\/\/chiropractic.ca\/fr\/wp-json\/wp\/v2\/pages\/67105\/page\/3\/\">3<\/a>\n<a class=\"page-numbers\" href=\"https:\/\/chiropractic.ca\/fr\/wp-json\/wp\/v2\/pages\/67105\/page\/4\/\">4<\/a>\n<span class=\"page-numbers dots\">&hellip;<\/span>\n<a class=\"page-numbers\" href=\"https:\/\/chiropractic.ca\/fr\/wp-json\/wp\/v2\/pages\/67105\/page\/9\/\">9<\/a><a class=\"next page-numbers\" rel=\"next\" href=\"https:\/\/chiropractic.ca\/fr\/wp-json\/wp\/v2\/pages\/67105\/page\/2\/\">Suivant <svg width=\"9px\" height=\"9px\" viewBox=\"0 0 15 15\" fill=\"currentColor\"><path d=\"M4.1,15c0.2,0,0.4-0.1,0.6-0.2L11.4,8c0.3-0.3,0.3-0.8,0-1.1L4.8,0.2C4.5-0.1,4-0.1,3.7,0.2C3.4,0.5,3.4,1,3.7,1.3l6.1,6.1l-6.2,6.2c-0.3,0.3-0.3,0.8,0,1.1C3.7,14.9,3.9,15,4.1,15z\"\/><\/svg><\/a>\n\t\t\t<div class=\"ct-load-more-helper\"><button class=\"wp-element-button ct-load-more\">Charger plus<\/button><span class=\"ct-ajax-loader\">\n\t\t\t\t<svg viewBox=\"0 0 24 24\">\n\t\t\t\t\t<circle cx=\"12\" cy=\"12\" r=\"10\" opacity=\"0.2\" fill=\"none\" stroke=\"currentColor\" stroke-miterlimit=\"10\" stroke-width=\"2\"\/>\n\n\t\t\t\t\t<path d=\"m12,2c5.52,0,10,4.48,10,10\" fill=\"none\" stroke=\"currentColor\" stroke-linecap=\"round\" stroke-miterlimit=\"10\" stroke-width=\"2\">\n\t\t\t\t\t\t<animateTransform\n\t\t\t\t\t\t\tattributeName=\"transform\"\n\t\t\t\t\t\t\tattributeType=\"XML\"\n\t\t\t\t\t\t\ttype=\"rotate\"\n\t\t\t\t\t\t\tdur=\"0.6s\"\n\t\t\t\t\t\t\tfrom=\"0 12 12\"\n\t\t\t\t\t\t\tto=\"360 12 12\"\n\t\t\t\t\t\t\trepeatCount=\"indefinite\"\n\t\t\t\t\t\t\/>\n\t\t\t\t\t<\/path>\n\t\t\t\t<\/svg>\n\t\t\t<\/span><div class=\"ct-last-page-text\">Plus aucun article \u00e0 charger<\/div><\/div>\n\t\t<\/nav><\/div>\n<\/div>\n\n\n\n<div class=\"wp-block-column is-layout-flow wp-block-column-is-layout-flow\" style=\"flex-basis:33.33%\">\n<div class=\"wp-block-group is-style-callout-green is-layout-flow wp-block-group-is-layout-flow\">\n<ul class=\"is-style-fancy wp-block-list\"><li>Tous les ans, environ 4,5 millions de Canadiens consultent en chiropratique<\/li><li>L\u2019ACC compte plus de 7 800 membres, docteurs en chiropratique agr\u00e9\u00e9s<\/li><li>On compte environ 9 000 chiropraticiens agr\u00e9\u00e9s au Canada<\/li><li>Les chiropraticiens re\u00e7oivent une formation de 4 200 heures dans des domaines fondamentaux ax\u00e9s sur la sant\u00e9 musculosquelettique<\/li><li>On retrouve au Canada deux \u00e9tablissements agr\u00e9\u00e9s d\u2019enseignement de la chiropratique : le Canadian Memorial Chiropractic College \u00e0 Toronto, en Ontario, et l\u2019Universit\u00e9 du Qu\u00e9bec \u00e0 Trois-Rivi\u00e8res (UQTR) au Qu\u00e9bec<\/li><\/ul>\n<\/div>\n<\/div>\n<\/div>\n","protected":false},"excerpt":{"rendered":"<p>Les chiropraticiens aident \u00e0 soulager la douleur des Canadiens et leur permettent de mener la vie saine et active qu\u2019ils souhaitent. On estime que 4,7 millions d\u2019adultes canadiens se sont tourn\u00e9s vers un chiropraticien en 2019 pour traiter des probl\u00e8mes li\u00e9s \u00e0 la colonne vert\u00e9brale, aux muscles et au syst\u00e8me nerveux. La chiropratique est un [&hellip;]<\/p>\n","protected":false},"author":9,"featured_media":69360,"parent":0,"menu_order":43,"comment_status":"closed","ping_status":"closed","template":"","meta":{"_acf_changed":false,"_relevanssi_hide_post":"","_relevanssi_hide_content":"","_relevanssi_pin_for_all":"","_relevanssi_pin_keywords":"","_relevanssi_unpin_keywords":"","_relevanssi_related_keywords":"","_relevanssi_related_include_ids":"","_relevanssi_related_exclude_ids":"","_relevanssi_related_no_append":"","_relevanssi_related_not_related":"","_relevanssi_related_posts":"39138,12683,38511,42214,40758,13906","_relevanssi_noindex_reason":"","footnotes":""},"page_category":[],"class_list":["post-67105","page","type-page","status-publish","has-post-thumbnail","hentry"],"blocksy_meta":{"styles_descriptor":{"styles":{"desktop":"","tablet":"","mobile":""},"google_fonts":[],"version":6}},"acf":[],"yoast_head":"<!-- This site is optimized with the Yoast SEO plugin v27.3 - https:\/\/yoast.com\/product\/yoast-seo-wordpress\/ -->\n<title>Association chiropratique canadienne<\/title>\n<meta name=\"description\" content=\"Les chiropraticiens aident \u00e0 soulager la douleur des Canadiens et leur permettent de mener la vie saine et active qu\u2019ils souhaitent. On estime que 4,7\" \/>\n<meta name=\"robots\" content=\"index, follow, max-snippet:-1, max-image-preview:large, max-video-preview:-1\" \/>\n<link rel=\"canonical\" href=\"https:\/\/chiropractic.ca\/fr\/medias\/\" \/>\n<meta property=\"og:locale\" content=\"fr_FR\" \/>\n<meta property=\"og:type\" content=\"article\" \/>\n<meta property=\"og:title\" content=\"Centre des m\u00e9dias - Association chiropratique canadienne\" \/>\n<meta property=\"og:description\" content=\"Les chiropraticiens aident \u00e0 soulager la douleur des Canadiens et leur permettent de mener la vie saine et active qu\u2019ils souhaitent. On estime que 4,7\" \/>\n<meta property=\"og:url\" content=\"https:\/\/chiropractic.ca\/fr\/medias\/\" \/>\n<meta property=\"og:site_name\" content=\"Association chiropratique canadienne\" \/>\n<meta property=\"article:modified_time\" content=\"2022-11-08T20:01:34+00:00\" \/>\n<meta property=\"og:image\" content=\"https:\/\/chiropractic.ca\/wp-content\/uploads\/2022\/11\/media-scaled.jpg\" \/>\n\t<meta property=\"og:image:width\" content=\"2560\" \/>\n\t<meta property=\"og:image:height\" content=\"1708\" \/>\n\t<meta property=\"og:image:type\" content=\"image\/jpeg\" \/>\n<meta name=\"twitter:card\" content=\"summary_large_image\" \/>\n<meta name=\"twitter:label1\" content=\"Dur\u00e9e de lecture estim\u00e9e\" \/>\n\t<meta name=\"twitter:data1\" content=\"1 minute\" \/>\n<script type=\"application\/ld+json\" class=\"yoast-schema-graph\">{\"@context\":\"https:\\\/\\\/schema.org\",\"@graph\":[{\"@type\":\"WebPage\",\"@id\":\"https:\\\/\\\/chiropractic.ca\\\/fr\\\/medias\\\/\",\"url\":\"https:\\\/\\\/chiropractic.ca\\\/fr\\\/medias\\\/\",\"name\":\"Centre des m\u00e9dias - Association chiropratique canadienne\",\"isPartOf\":{\"@id\":\"https:\\\/\\\/chiropractic.ca\\\/fr\\\/#website\"},\"primaryImageOfPage\":{\"@id\":\"https:\\\/\\\/chiropractic.ca\\\/fr\\\/medias\\\/#primaryimage\"},\"image\":{\"@id\":\"https:\\\/\\\/chiropractic.ca\\\/fr\\\/medias\\\/#primaryimage\"},\"thumbnailUrl\":\"https:\\\/\\\/chiropractic.ca\\\/wp-content\\\/uploads\\\/2022\\\/11\\\/media-scaled.jpg\",\"datePublished\":\"2022-10-05T19:53:30+00:00\",\"dateModified\":\"2022-11-08T20:01:34+00:00\",\"description\":\"Les chiropraticiens aident \u00e0 soulager la douleur des Canadiens et leur permettent de mener la vie saine et active qu\u2019ils souhaitent. On estime que 4,7\",\"breadcrumb\":{\"@id\":\"https:\\\/\\\/chiropractic.ca\\\/fr\\\/medias\\\/#breadcrumb\"},\"inLanguage\":\"fr-FR\",\"potentialAction\":[{\"@type\":\"ReadAction\",\"target\":[\"https:\\\/\\\/chiropractic.ca\\\/fr\\\/medias\\\/\"]}]},{\"@type\":\"ImageObject\",\"inLanguage\":\"fr-FR\",\"@id\":\"https:\\\/\\\/chiropractic.ca\\\/fr\\\/medias\\\/#primaryimage\",\"url\":\"https:\\\/\\\/chiropractic.ca\\\/wp-content\\\/uploads\\\/2022\\\/11\\\/media-scaled.jpg\",\"contentUrl\":\"https:\\\/\\\/chiropractic.ca\\\/wp-content\\\/uploads\\\/2022\\\/11\\\/media-scaled.jpg\",\"width\":2560,\"height\":1708,\"caption\":\"Hand is holding one white speech bubble in front of blue background.\"},{\"@type\":\"BreadcrumbList\",\"@id\":\"https:\\\/\\\/chiropractic.ca\\\/fr\\\/medias\\\/#breadcrumb\",\"itemListElement\":[{\"@type\":\"ListItem\",\"position\":1,\"name\":\"Home\",\"item\":\"https:\\\/\\\/chiropractic.ca\\\/fr\\\/\"},{\"@type\":\"ListItem\",\"position\":2,\"name\":\"Centre des m\u00e9dias\"}]},{\"@type\":\"WebSite\",\"@id\":\"https:\\\/\\\/chiropractic.ca\\\/fr\\\/#website\",\"url\":\"https:\\\/\\\/chiropractic.ca\\\/fr\\\/\",\"name\":\"Association chiropratique canadienne\",\"description\":\"Chiropractors helping Canadians live healthier lives\",\"publisher\":{\"@id\":\"https:\\\/\\\/chiropractic.ca\\\/fr\\\/#organization\"},\"potentialAction\":[{\"@type\":\"SearchAction\",\"target\":{\"@type\":\"EntryPoint\",\"urlTemplate\":\"https:\\\/\\\/chiropractic.ca\\\/fr\\\/?s={search_term_string}\"},\"query-input\":{\"@type\":\"PropertyValueSpecification\",\"valueRequired\":true,\"valueName\":\"search_term_string\"}}],\"inLanguage\":\"fr-FR\"},{\"@type\":\"Organization\",\"@id\":\"https:\\\/\\\/chiropractic.ca\\\/fr\\\/#organization\",\"name\":\"Association chiropratique canadienne\",\"url\":\"https:\\\/\\\/chiropractic.ca\\\/fr\\\/\",\"logo\":{\"@type\":\"ImageObject\",\"inLanguage\":\"fr-FR\",\"@id\":\"https:\\\/\\\/chiropractic.ca\\\/fr\\\/#\\\/schema\\\/logo\\\/image\\\/\",\"url\":\"https:\\\/\\\/chiropractic.ca\\\/wp-content\\\/uploads\\\/2022\\\/08\\\/cca-logo.svg\",\"contentUrl\":\"https:\\\/\\\/chiropractic.ca\\\/wp-content\\\/uploads\\\/2022\\\/08\\\/cca-logo.svg\",\"width\":921,\"height\":250,\"caption\":\"Association chiropratique canadienne\"},\"image\":{\"@id\":\"https:\\\/\\\/chiropractic.ca\\\/fr\\\/#\\\/schema\\\/logo\\\/image\\\/\"}}]}<\/script>\n<!-- \/ Yoast SEO plugin. -->","yoast_head_json":{"title":"Association chiropratique canadienne","description":"Les chiropraticiens aident \u00e0 soulager la douleur des Canadiens et leur permettent de mener la vie saine et active qu\u2019ils souhaitent. On estime que 4,7","robots":{"index":"index","follow":"follow","max-snippet":"max-snippet:-1","max-image-preview":"max-image-preview:large","max-video-preview":"max-video-preview:-1"},"canonical":"https:\/\/chiropractic.ca\/fr\/medias\/","og_locale":"fr_FR","og_type":"article","og_title":"Centre des m\u00e9dias - Association chiropratique canadienne","og_description":"Les chiropraticiens aident \u00e0 soulager la douleur des Canadiens et leur permettent de mener la vie saine et active qu\u2019ils souhaitent. On estime que 4,7","og_url":"https:\/\/chiropractic.ca\/fr\/medias\/","og_site_name":"Association chiropratique canadienne","article_modified_time":"2022-11-08T20:01:34+00:00","og_image":[{"width":2560,"height":1708,"url":"https:\/\/chiropractic.ca\/wp-content\/uploads\/2022\/11\/media-scaled.jpg","type":"image\/jpeg"}],"twitter_card":"summary_large_image","twitter_misc":{"Dur\u00e9e de lecture estim\u00e9e":"1 minute"},"schema":{"@context":"https:\/\/schema.org","@graph":[{"@type":"WebPage","@id":"https:\/\/chiropractic.ca\/fr\/medias\/","url":"https:\/\/chiropractic.ca\/fr\/medias\/","name":"Centre des m\u00e9dias - Association chiropratique canadienne","isPartOf":{"@id":"https:\/\/chiropractic.ca\/fr\/#website"},"primaryImageOfPage":{"@id":"https:\/\/chiropractic.ca\/fr\/medias\/#primaryimage"},"image":{"@id":"https:\/\/chiropractic.ca\/fr\/medias\/#primaryimage"},"thumbnailUrl":"https:\/\/chiropractic.ca\/wp-content\/uploads\/2022\/11\/media-scaled.jpg","datePublished":"2022-10-05T19:53:30+00:00","dateModified":"2022-11-08T20:01:34+00:00","description":"Les chiropraticiens aident \u00e0 soulager la douleur des Canadiens et leur permettent de mener la vie saine et active qu\u2019ils souhaitent. On estime que 4,7","breadcrumb":{"@id":"https:\/\/chiropractic.ca\/fr\/medias\/#breadcrumb"},"inLanguage":"fr-FR","potentialAction":[{"@type":"ReadAction","target":["https:\/\/chiropractic.ca\/fr\/medias\/"]}]},{"@type":"ImageObject","inLanguage":"fr-FR","@id":"https:\/\/chiropractic.ca\/fr\/medias\/#primaryimage","url":"https:\/\/chiropractic.ca\/wp-content\/uploads\/2022\/11\/media-scaled.jpg","contentUrl":"https:\/\/chiropractic.ca\/wp-content\/uploads\/2022\/11\/media-scaled.jpg","width":2560,"height":1708,"caption":"Hand is holding one white speech bubble in front of blue background."},{"@type":"BreadcrumbList","@id":"https:\/\/chiropractic.ca\/fr\/medias\/#breadcrumb","itemListElement":[{"@type":"ListItem","position":1,"name":"Home","item":"https:\/\/chiropractic.ca\/fr\/"},{"@type":"ListItem","position":2,"name":"Centre des m\u00e9dias"}]},{"@type":"WebSite","@id":"https:\/\/chiropractic.ca\/fr\/#website","url":"https:\/\/chiropractic.ca\/fr\/","name":"Association chiropratique canadienne","description":"Chiropractors helping Canadians live healthier lives","publisher":{"@id":"https:\/\/chiropractic.ca\/fr\/#organization"},"potentialAction":[{"@type":"SearchAction","target":{"@type":"EntryPoint","urlTemplate":"https:\/\/chiropractic.ca\/fr\/?s={search_term_string}"},"query-input":{"@type":"PropertyValueSpecification","valueRequired":true,"valueName":"search_term_string"}}],"inLanguage":"fr-FR"},{"@type":"Organization","@id":"https:\/\/chiropractic.ca\/fr\/#organization","name":"Association chiropratique canadienne","url":"https:\/\/chiropractic.ca\/fr\/","logo":{"@type":"ImageObject","inLanguage":"fr-FR","@id":"https:\/\/chiropractic.ca\/fr\/#\/schema\/logo\/image\/","url":"https:\/\/chiropractic.ca\/wp-content\/uploads\/2022\/08\/cca-logo.svg","contentUrl":"https:\/\/chiropractic.ca\/wp-content\/uploads\/2022\/08\/cca-logo.svg","width":921,"height":250,"caption":"Association chiropratique canadienne"},"image":{"@id":"https:\/\/chiropractic.ca\/fr\/#\/schema\/logo\/image\/"}}]}},"_links":{"self":[{"href":"https:\/\/chiropractic.ca\/fr\/wp-json\/wp\/v2\/pages\/67105","targetHints":{"allow":["GET"]}}],"collection":[{"href":"https:\/\/chiropractic.ca\/fr\/wp-json\/wp\/v2\/pages"}],"about":[{"href":"https:\/\/chiropractic.ca\/fr\/wp-json\/wp\/v2\/types\/page"}],"author":[{"embeddable":true,"href":"https:\/\/chiropractic.ca\/fr\/wp-json\/wp\/v2\/users\/9"}],"replies":[{"embeddable":true,"href":"https:\/\/chiropractic.ca\/fr\/wp-json\/wp\/v2\/comments?post=67105"}],"version-history":[{"count":7,"href":"https:\/\/chiropractic.ca\/fr\/wp-json\/wp\/v2\/pages\/67105\/revisions"}],"predecessor-version":[{"id":69965,"href":"https:\/\/chiropractic.ca\/fr\/wp-json\/wp\/v2\/pages\/67105\/revisions\/69965"}],"wp:featuredmedia":[{"embeddable":true,"href":"https:\/\/chiropractic.ca\/fr\/wp-json\/wp\/v2\/media\/69360"}],"wp:attachment":[{"href":"https:\/\/chiropractic.ca\/fr\/wp-json\/wp\/v2\/media?parent=67105"}],"wp:term":[{"taxonomy":"page_category","embeddable":true,"href":"https:\/\/chiropractic.ca\/fr\/wp-json\/wp\/v2\/page_category?post=67105"}],"curies":[{"name":"wp","href":"https:\/\/api.w.org\/{rel}","templated":true}]}}