{"id":69440,"date":"2022-11-03T14:31:19","date_gmt":"2022-11-03T18:31:19","guid":{"rendered":"https:\/\/chiropractic.ca\/le-pcgpc\/"},"modified":"2026-04-08T13:22:19","modified_gmt":"2026-04-08T17:22:19","slug":"le-pcgpc","status":"publish","type":"page","link":"https:\/\/chiropractic.ca\/fr\/le-pcgpc\/","title":{"rendered":"Guides chiropratiques canadiens"},"content":{"rendered":"<header class=\"hero hero-large alignfull\"><div class=\"ct-container\"><figure class=\"animated fadeIn\"><div class=\"ct-media-container\"><img decoding=\"async\" width=\"1190\" height=\"852\" src=\"https:\/\/chiropractic.ca\/wp-content\/uploads\/2026\/02\/CCGI-1.jpg\" class=\"attachment-full size-full\" alt=\"\" srcset=\"https:\/\/chiropractic.ca\/wp-content\/uploads\/2026\/02\/CCGI-1.jpg 1190w, https:\/\/chiropractic.ca\/wp-content\/uploads\/2026\/02\/CCGI-1-400x286.jpg 400w, https:\/\/chiropractic.ca\/wp-content\/uploads\/2026\/02\/CCGI-1-1024x733.jpg 1024w, https:\/\/chiropractic.ca\/wp-content\/uploads\/2026\/02\/CCGI-1-768x550.jpg 768w\" sizes=\"(max-width: 1190px) 100vw, 1190px\" style=\"aspect-ratio: 16\/9;\" \/><\/div><\/figure><div class=\"wp-block-columns is-not-stacked-on-mobile\"><div class=\"wp-block-column\" style=\"flex-basis: 55%;\"><h1 class=\"animated fadeIn\">Guides chiropratiques canadiens<\/h1><div class=\"is-style-lead-text\" content-device=\"desktop\"><p>Les Guides chiropratiques canadiens ont pour objectif d\u2019am\u00e9liorer la sant\u00e9 de la population canadienne en favorisant l\u2019excellence en chiropratique.<\/p>\n<\/div><\/div><div class=\"wp-block-column\"><\/div><\/div><\/div><div class=\"shape-divider-bottom\">\n\t\t\t\t<svg xmlns=\"http:\/\/www.w3.org\/2000\/svg\" viewBox=\"0 0 2419.94 122.9\"><path id=\"Path_240\" class=\"cls-1\" d=\"M0,49.78C124.41-31.69,584.23,5.21,823.77,32.17c239.54,26.96,751.95,124.97,1269.64,17.61,58.43-12.12,280.19-83,319.61-18.2,7.57,12.44,9.72,32.23,2.36,48.08-21.49,46.26-117.05,43.59-150,43-136.67-2.44-1027.9-1.62-2262-1L0,49.78Z\"\/><\/svg>\n\t\t\t\t<\/div><\/header><div class=\"is-style-lead-text\" aria-hidden=\"true\" content-device=\"mobile\"><p>Les Guides chiropratiques canadiens ont pour objectif d\u2019am\u00e9liorer la sant\u00e9 de la population canadienne en favorisant l\u2019excellence en chiropratique.<\/p>\n<\/div>\n<div class=\"wp-block-columns is-layout-flex wp-container-core-columns-is-layout-28f84493 wp-block-columns-is-layout-flex\">\n<div class=\"wp-block-column is-layout-flow wp-block-column-is-layout-flow\" style=\"flex-basis:66.66%\">\n<p>Lanc\u00e9 en 2013, le Projet canadien des guides de pratique chiropratique (PCGPC) est devenu un leader international dans l\u2019\u00e9laboration et la diffusion de guides de pratique clinique, ainsi que dans la cr\u00e9ation d\u2019outils fond\u00e9s sur les donn\u00e9es probantes pour soutenir les cliniciens et les patients. Ces ressources comprennent des vid\u00e9os d\u2019exercice et des documents destin\u00e9s aux patients qui sont bas\u00e9s sur les recommandations actuelles, de m\u00eame que des modules \u00e9ducatifs interactifs disponibles en ligne et con\u00e7us pour les cliniciens. Avant tout, ce travail vise \u00e0 am\u00e9liorer les soins aux patients en favorisant une prise de d\u00e9cision clinique fond\u00e9e sur les donn\u00e9es probantes dans la pratique clinique.  <\/p>\n<\/div>\n\n\n\n<div class=\"wp-block-column is-layout-flow wp-block-column-is-layout-flow\" style=\"flex-basis:33.33%\">\n<div class=\"wp-block-group is-style-callout-yellow is-layout-flow wp-block-group-is-layout-flow\">\n<p><strong>Am\u00e9liorer la sant\u00e9 de la population canadienne en favorisant l\u2019excellence en chiropratique.<\/strong><\/p>\n<\/div>\n<\/div>\n<\/div>\n\n<p>En 2026, le PCGPC deviendra les Guides chiropratiques canadiens (GCC), qui demeureront la r\u00e9f\u00e9rence en mati\u00e8re de guides de pratique clinique et d\u2019outils pratiques pour les cliniciens et les patients. Gr\u00e2ce au soutien de la Dre Carol Cancelliere, chercheuse principale en transposition des connaissances et en politiques de sant\u00e9, ACC, de l\u2019Association chiropratique canadienne et de l\u2019Institut de recherche sur l\u2019invalidit\u00e9 et la r\u00e9adaptation de l\u2019Universit\u00e9 Ontario Tech, les GCC continueront d\u2019am\u00e9liorer l\u2019acc\u00e8s aux guides et aux ressources sur les pratiques exemplaires. <\/p>\n\n<p><\/p>\n\n<div class=\"wp-block-buttons is-layout-flex wp-block-buttons-is-layout-flex\">\n<div class=\"wp-block-button\"><a class=\"wp-block-button__link wp-element-button\" href=\"https:\/\/canadianchiropracticguidelines.ca\/\" target=\"_blank\" rel=\"noreferrer noopener\"><strong>Guides chiropratiques canadiens<\/strong><\/a><\/div>\n<\/div>\n\n<p><em>Acc\u00e9dez aux ressources pour les cliniciens et les patients, aux publications et \u00e0 la formation continue sur le site Web des GCC.<\/em><\/p>\n\n<p><\/p>\n","protected":false},"excerpt":{"rendered":"<p>Lanc\u00e9 en 2013, le Projet canadien des guides de pratique chiropratique (PCGPC) est devenu un leader international dans l\u2019\u00e9laboration et la diffusion de guides de pratique clinique, ainsi que dans la cr\u00e9ation d\u2019outils fond\u00e9s sur les donn\u00e9es probantes pour soutenir les cliniciens et les patients. Ces ressources comprennent des vid\u00e9os d\u2019exercice et des documents destin\u00e9s [&hellip;]<\/p>\n","protected":false},"author":13548,"featured_media":76857,"parent":0,"menu_order":14,"comment_status":"closed","ping_status":"closed","template":"","meta":{"_acf_changed":false,"_relevanssi_hide_post":"","_relevanssi_hide_content":"","_relevanssi_pin_for_all":"","_relevanssi_pin_keywords":"","_relevanssi_unpin_keywords":"","_relevanssi_related_keywords":"","_relevanssi_related_include_ids":"","_relevanssi_related_exclude_ids":"","_relevanssi_related_no_append":"","_relevanssi_related_not_related":"","_relevanssi_related_posts":"18921,50825,50845,71579,73247,72497","_relevanssi_noindex_reason":"","footnotes":""},"page_category":[2919],"class_list":["post-69440","page","type-page","status-publish","has-post-thumbnail","hentry","page_category-research"],"blocksy_meta":{"styles_descriptor":{"styles":{"desktop":"","tablet":"","mobile":""},"google_fonts":[],"version":6}},"acf":[],"yoast_head":"<!-- This site is optimized with the Yoast SEO plugin v27.4 - https:\/\/yoast.com\/product\/yoast-seo-wordpress\/ -->\n<title>Association chiropratique canadienne<\/title>\n<meta name=\"description\" content=\"Les Guides chiropratiques canadiens ont pour objectif d\u2019am\u00e9liorer la sant\u00e9 de la population canadienne en favorisant l\u2019excellence en chiropratique.\" \/>\n<meta name=\"robots\" content=\"index, follow, max-snippet:-1, max-image-preview:large, max-video-preview:-1\" \/>\n<link rel=\"canonical\" href=\"https:\/\/chiropractic.ca\/fr\/le-pcgpc\/\" \/>\n<meta property=\"og:locale\" content=\"fr_FR\" \/>\n<meta property=\"og:type\" content=\"article\" \/>\n<meta property=\"og:title\" content=\"Guides chiropratiques canadiens - Association chiropratique canadienne\" \/>\n<meta property=\"og:description\" content=\"Les Guides chiropratiques canadiens ont pour objectif d\u2019am\u00e9liorer la sant\u00e9 de la population canadienne en favorisant l\u2019excellence en chiropratique.\" \/>\n<meta property=\"og:url\" content=\"https:\/\/chiropractic.ca\/fr\/le-pcgpc\/\" \/>\n<meta property=\"og:site_name\" content=\"Association chiropratique canadienne\" \/>\n<meta property=\"article:modified_time\" content=\"2026-04-08T17:22:19+00:00\" \/>\n<meta property=\"og:image\" content=\"https:\/\/chiropractic.ca\/wp-content\/uploads\/2026\/02\/CCGI-1.jpg\" \/>\n\t<meta property=\"og:image:width\" content=\"1190\" \/>\n\t<meta property=\"og:image:height\" content=\"852\" \/>\n\t<meta property=\"og:image:type\" content=\"image\/jpeg\" \/>\n<meta name=\"twitter:card\" content=\"summary_large_image\" \/>\n<meta name=\"twitter:label1\" content=\"Dur\u00e9e de lecture estim\u00e9e\" \/>\n\t<meta name=\"twitter:data1\" content=\"1 minute\" \/>\n<script type=\"application\/ld+json\" class=\"yoast-schema-graph\">{\"@context\":\"https:\\\/\\\/schema.org\",\"@graph\":[{\"@type\":\"WebPage\",\"@id\":\"https:\\\/\\\/chiropractic.ca\\\/fr\\\/le-pcgpc\\\/\",\"url\":\"https:\\\/\\\/chiropractic.ca\\\/fr\\\/le-pcgpc\\\/\",\"name\":\"Guides chiropratiques canadiens - Association chiropratique canadienne\",\"isPartOf\":{\"@id\":\"https:\\\/\\\/chiropractic.ca\\\/fr\\\/#website\"},\"primaryImageOfPage\":{\"@id\":\"https:\\\/\\\/chiropractic.ca\\\/fr\\\/le-pcgpc\\\/#primaryimage\"},\"image\":{\"@id\":\"https:\\\/\\\/chiropractic.ca\\\/fr\\\/le-pcgpc\\\/#primaryimage\"},\"thumbnailUrl\":\"https:\\\/\\\/chiropractic.ca\\\/wp-content\\\/uploads\\\/2026\\\/02\\\/CCGI-1.jpg\",\"datePublished\":\"2022-11-03T18:31:19+00:00\",\"dateModified\":\"2026-04-08T17:22:19+00:00\",\"description\":\"Les Guides chiropratiques canadiens ont pour objectif d\u2019am\u00e9liorer la sant\u00e9 de la population canadienne en favorisant l\u2019excellence en chiropratique.\",\"breadcrumb\":{\"@id\":\"https:\\\/\\\/chiropractic.ca\\\/fr\\\/le-pcgpc\\\/#breadcrumb\"},\"inLanguage\":\"fr-FR\",\"potentialAction\":[{\"@type\":\"ReadAction\",\"target\":[\"https:\\\/\\\/chiropractic.ca\\\/fr\\\/le-pcgpc\\\/\"]}]},{\"@type\":\"ImageObject\",\"inLanguage\":\"fr-FR\",\"@id\":\"https:\\\/\\\/chiropractic.ca\\\/fr\\\/le-pcgpc\\\/#primaryimage\",\"url\":\"https:\\\/\\\/chiropractic.ca\\\/wp-content\\\/uploads\\\/2026\\\/02\\\/CCGI-1.jpg\",\"contentUrl\":\"https:\\\/\\\/chiropractic.ca\\\/wp-content\\\/uploads\\\/2026\\\/02\\\/CCGI-1.jpg\",\"width\":1190,\"height\":852},{\"@type\":\"BreadcrumbList\",\"@id\":\"https:\\\/\\\/chiropractic.ca\\\/fr\\\/le-pcgpc\\\/#breadcrumb\",\"itemListElement\":[{\"@type\":\"ListItem\",\"position\":1,\"name\":\"Home\",\"item\":\"https:\\\/\\\/chiropractic.ca\\\/fr\\\/\"},{\"@type\":\"ListItem\",\"position\":2,\"name\":\"Guides chiropratiques canadiens\"}]},{\"@type\":\"WebSite\",\"@id\":\"https:\\\/\\\/chiropractic.ca\\\/fr\\\/#website\",\"url\":\"https:\\\/\\\/chiropractic.ca\\\/fr\\\/\",\"name\":\"Association chiropratique canadienne\",\"description\":\"Chiropractors helping Canadians live healthier lives\",\"publisher\":{\"@id\":\"https:\\\/\\\/chiropractic.ca\\\/fr\\\/#organization\"},\"potentialAction\":[{\"@type\":\"SearchAction\",\"target\":{\"@type\":\"EntryPoint\",\"urlTemplate\":\"https:\\\/\\\/chiropractic.ca\\\/fr\\\/?s={search_term_string}\"},\"query-input\":{\"@type\":\"PropertyValueSpecification\",\"valueRequired\":true,\"valueName\":\"search_term_string\"}}],\"inLanguage\":\"fr-FR\"},{\"@type\":\"Organization\",\"@id\":\"https:\\\/\\\/chiropractic.ca\\\/fr\\\/#organization\",\"name\":\"Association chiropratique canadienne\",\"url\":\"https:\\\/\\\/chiropractic.ca\\\/fr\\\/\",\"logo\":{\"@type\":\"ImageObject\",\"inLanguage\":\"fr-FR\",\"@id\":\"https:\\\/\\\/chiropractic.ca\\\/fr\\\/#\\\/schema\\\/logo\\\/image\\\/\",\"url\":\"https:\\\/\\\/chiropractic.ca\\\/wp-content\\\/uploads\\\/2022\\\/08\\\/cca-logo.svg\",\"contentUrl\":\"https:\\\/\\\/chiropractic.ca\\\/wp-content\\\/uploads\\\/2022\\\/08\\\/cca-logo.svg\",\"width\":921,\"height\":250,\"caption\":\"Association chiropratique canadienne\"},\"image\":{\"@id\":\"https:\\\/\\\/chiropractic.ca\\\/fr\\\/#\\\/schema\\\/logo\\\/image\\\/\"}}]}<\/script>\n<!-- \/ Yoast SEO plugin. -->","yoast_head_json":{"title":"Association chiropratique canadienne","description":"Les Guides chiropratiques canadiens ont pour objectif d\u2019am\u00e9liorer la sant\u00e9 de la population canadienne en favorisant l\u2019excellence en chiropratique.","robots":{"index":"index","follow":"follow","max-snippet":"max-snippet:-1","max-image-preview":"max-image-preview:large","max-video-preview":"max-video-preview:-1"},"canonical":"https:\/\/chiropractic.ca\/fr\/le-pcgpc\/","og_locale":"fr_FR","og_type":"article","og_title":"Guides chiropratiques canadiens - Association chiropratique canadienne","og_description":"Les Guides chiropratiques canadiens ont pour objectif d\u2019am\u00e9liorer la sant\u00e9 de la population canadienne en favorisant l\u2019excellence en chiropratique.","og_url":"https:\/\/chiropractic.ca\/fr\/le-pcgpc\/","og_site_name":"Association chiropratique canadienne","article_modified_time":"2026-04-08T17:22:19+00:00","og_image":[{"width":1190,"height":852,"url":"https:\/\/chiropractic.ca\/wp-content\/uploads\/2026\/02\/CCGI-1.jpg","type":"image\/jpeg"}],"twitter_card":"summary_large_image","twitter_misc":{"Dur\u00e9e de lecture estim\u00e9e":"1 minute"},"schema":{"@context":"https:\/\/schema.org","@graph":[{"@type":"WebPage","@id":"https:\/\/chiropractic.ca\/fr\/le-pcgpc\/","url":"https:\/\/chiropractic.ca\/fr\/le-pcgpc\/","name":"Guides chiropratiques canadiens - Association chiropratique canadienne","isPartOf":{"@id":"https:\/\/chiropractic.ca\/fr\/#website"},"primaryImageOfPage":{"@id":"https:\/\/chiropractic.ca\/fr\/le-pcgpc\/#primaryimage"},"image":{"@id":"https:\/\/chiropractic.ca\/fr\/le-pcgpc\/#primaryimage"},"thumbnailUrl":"https:\/\/chiropractic.ca\/wp-content\/uploads\/2026\/02\/CCGI-1.jpg","datePublished":"2022-11-03T18:31:19+00:00","dateModified":"2026-04-08T17:22:19+00:00","description":"Les Guides chiropratiques canadiens ont pour objectif d\u2019am\u00e9liorer la sant\u00e9 de la population canadienne en favorisant l\u2019excellence en chiropratique.","breadcrumb":{"@id":"https:\/\/chiropractic.ca\/fr\/le-pcgpc\/#breadcrumb"},"inLanguage":"fr-FR","potentialAction":[{"@type":"ReadAction","target":["https:\/\/chiropractic.ca\/fr\/le-pcgpc\/"]}]},{"@type":"ImageObject","inLanguage":"fr-FR","@id":"https:\/\/chiropractic.ca\/fr\/le-pcgpc\/#primaryimage","url":"https:\/\/chiropractic.ca\/wp-content\/uploads\/2026\/02\/CCGI-1.jpg","contentUrl":"https:\/\/chiropractic.ca\/wp-content\/uploads\/2026\/02\/CCGI-1.jpg","width":1190,"height":852},{"@type":"BreadcrumbList","@id":"https:\/\/chiropractic.ca\/fr\/le-pcgpc\/#breadcrumb","itemListElement":[{"@type":"ListItem","position":1,"name":"Home","item":"https:\/\/chiropractic.ca\/fr\/"},{"@type":"ListItem","position":2,"name":"Guides chiropratiques canadiens"}]},{"@type":"WebSite","@id":"https:\/\/chiropractic.ca\/fr\/#website","url":"https:\/\/chiropractic.ca\/fr\/","name":"Association chiropratique canadienne","description":"Chiropractors helping Canadians live healthier lives","publisher":{"@id":"https:\/\/chiropractic.ca\/fr\/#organization"},"potentialAction":[{"@type":"SearchAction","target":{"@type":"EntryPoint","urlTemplate":"https:\/\/chiropractic.ca\/fr\/?s={search_term_string}"},"query-input":{"@type":"PropertyValueSpecification","valueRequired":true,"valueName":"search_term_string"}}],"inLanguage":"fr-FR"},{"@type":"Organization","@id":"https:\/\/chiropractic.ca\/fr\/#organization","name":"Association chiropratique canadienne","url":"https:\/\/chiropractic.ca\/fr\/","logo":{"@type":"ImageObject","inLanguage":"fr-FR","@id":"https:\/\/chiropractic.ca\/fr\/#\/schema\/logo\/image\/","url":"https:\/\/chiropractic.ca\/wp-content\/uploads\/2022\/08\/cca-logo.svg","contentUrl":"https:\/\/chiropractic.ca\/wp-content\/uploads\/2022\/08\/cca-logo.svg","width":921,"height":250,"caption":"Association chiropratique canadienne"},"image":{"@id":"https:\/\/chiropractic.ca\/fr\/#\/schema\/logo\/image\/"}}]}},"_links":{"self":[{"href":"https:\/\/chiropractic.ca\/fr\/wp-json\/wp\/v2\/pages\/69440","targetHints":{"allow":["GET"]}}],"collection":[{"href":"https:\/\/chiropractic.ca\/fr\/wp-json\/wp\/v2\/pages"}],"about":[{"href":"https:\/\/chiropractic.ca\/fr\/wp-json\/wp\/v2\/types\/page"}],"author":[{"embeddable":true,"href":"https:\/\/chiropractic.ca\/fr\/wp-json\/wp\/v2\/users\/13548"}],"replies":[{"embeddable":true,"href":"https:\/\/chiropractic.ca\/fr\/wp-json\/wp\/v2\/comments?post=69440"}],"version-history":[{"count":7,"href":"https:\/\/chiropractic.ca\/fr\/wp-json\/wp\/v2\/pages\/69440\/revisions"}],"predecessor-version":[{"id":76917,"href":"https:\/\/chiropractic.ca\/fr\/wp-json\/wp\/v2\/pages\/69440\/revisions\/76917"}],"wp:featuredmedia":[{"embeddable":true,"href":"https:\/\/chiropractic.ca\/fr\/wp-json\/wp\/v2\/media\/76857"}],"wp:attachment":[{"href":"https:\/\/chiropractic.ca\/fr\/wp-json\/wp\/v2\/media?parent=69440"}],"wp:term":[{"taxonomy":"page_category","embeddable":true,"href":"https:\/\/chiropractic.ca\/fr\/wp-json\/wp\/v2\/page_category?post=69440"}],"curies":[{"name":"wp","href":"https:\/\/api.w.org\/{rel}","templated":true}]}}