{"id":69817,"date":"2023-09-27T15:46:59","date_gmt":"2023-09-27T19:46:59","guid":{"rendered":"https:\/\/chiropractic.ca\/?page_id=69817"},"modified":"2025-10-07T14:46:54","modified_gmt":"2025-10-07T18:46:54","slug":"journee-mondiale-de-la-colonne-vertebrale","status":"publish","type":"page","link":"https:\/\/chiropractic.ca\/fr\/journee-mondiale-de-la-colonne-vertebrale\/","title":{"rendered":"Journ\u00e9e mondiale de la colonne vert\u00e9brale"},"content":{"rendered":"<header class=\"hero hero-large alignfull\"><div class=\"ct-container\"><figure class=\"animated fadeIn\"><div class=\"ct-media-container\"><img decoding=\"async\" width=\"2048\" height=\"1367\" src=\"https:\/\/chiropractic.ca\/wp-content\/uploads\/2024\/10\/WSD-Banner.jpg\" class=\"attachment-full size-full\" alt=\"\" srcset=\"https:\/\/chiropractic.ca\/wp-content\/uploads\/2024\/10\/WSD-Banner.jpg 2048w, https:\/\/chiropractic.ca\/wp-content\/uploads\/2024\/10\/WSD-Banner-400x267.jpg 400w, https:\/\/chiropractic.ca\/wp-content\/uploads\/2024\/10\/WSD-Banner-1024x684.jpg 1024w, https:\/\/chiropractic.ca\/wp-content\/uploads\/2024\/10\/WSD-Banner-768x513.jpg 768w, https:\/\/chiropractic.ca\/wp-content\/uploads\/2024\/10\/WSD-Banner-1536x1025.jpg 1536w\" sizes=\"(max-width: 2048px) 100vw, 2048px\" style=\"aspect-ratio: 16\/9;\" \/><\/div><\/figure><div class=\"wp-block-columns is-not-stacked-on-mobile\"><div class=\"wp-block-column\" style=\"flex-basis: 55%;\"><h1 class=\"animated fadeIn\">Journ\u00e9e mondiale de la colonne vert\u00e9brale<\/h1><div class=\"is-style-lead-text\" content-device=\"desktop\"><p>#journ\u00e9edelacolonne <\/p>\n<\/div><\/div><div class=\"wp-block-column\"><\/div><\/div><\/div><div class=\"shape-divider-bottom\">\n\t\t\t\t<svg xmlns=\"http:\/\/www.w3.org\/2000\/svg\" viewBox=\"0 0 2419.94 122.9\"><path id=\"Path_240\" class=\"cls-1\" d=\"M0,49.78C124.41-31.69,584.23,5.21,823.77,32.17c239.54,26.96,751.95,124.97,1269.64,17.61,58.43-12.12,280.19-83,319.61-18.2,7.57,12.44,9.72,32.23,2.36,48.08-21.49,46.26-117.05,43.59-150,43-136.67-2.44-1027.9-1.62-2262-1L0,49.78Z\"\/><\/svg>\n\t\t\t\t<\/div><\/header><div class=\"is-style-lead-text\" aria-hidden=\"true\" content-device=\"mobile\"><p>#journ\u00e9edelacolonne <\/p>\n<\/div>\n\n\n<div style=\"height:53px\" aria-hidden=\"true\" class=\"wp-block-spacer\"><\/div>\n\n\n\n<div class=\"wp-block-columns is-layout-flex wp-container-core-columns-is-layout-28f84493 wp-block-columns-is-layout-flex\">\n<div class=\"wp-block-column is-layout-flow wp-block-column-is-layout-flow\" style=\"flex-basis:66.66%\">\n<p><strong>\n  <a href=\"https:\/\/www.worldspineday.org\/\">La Journ\u00e9e mondiale de la colonne<\/a>\n<\/strong> vert\u00e9brale met en lumi\u00e8re l\u2019importance de la sant\u00e9 de la colonne vert\u00e9brale et le fardeau mondial que repr\u00e9sentent la douleur et les incapacit\u00e9s qui y sont li\u00e9es. Chaque ann\u00e9e, le 16 octobre, des personnes du monde entier se rassemblent pour \u00e9veiller les consciences \u00e0 l\u2019importance de la sant\u00e9 de la colonne vert\u00e9brale, de sa mobilit\u00e9 et de la pr\u00e9vention des troubles qui la touchent.  <\/p>\n\n\n\n<div class=\"wp-block-group is-layout-constrained wp-block-group-is-layout-constrained\">\n<p>Le th\u00e8me de cette ann\u00e9e, <strong>\n  <em>Investissez dans votre colonne vert\u00e9brale<\/em>\n<\/strong>, encourage les Canadiens \u00e0 consacrer du temps, de l\u2019\u00e9nergie et de l\u2019attention aux habitudes quotidiennes qui prot\u00e8gent leur colonne vert\u00e9brale, de la posture aux soins professionnels, en passant par le mouvement. Ici, l\u2019investissement n\u2019est pas qu\u2019une question d\u2019argent. Il s\u2019agit aussi d\u2019adopter de petites habitudes quotidiennes qui renforcent les muscles, pr\u00e9viennent les blessures et gardent le corps en mouvement.  <\/p>\n\n\n\n<figure class=\"wp-block-embed is-type-video is-provider-youtube wp-block-embed-youtube animated fadeIn wp-embed-aspect-16-9 wp-has-aspect-ratio\"><div class=\"wp-block-embed__wrapper\">\n<iframe title=\"World Spine Day 2025 - #InvestInYourSpine\" width=\"1395\" height=\"785\" src=\"https:\/\/www.youtube.com\/embed\/j_su8nHJRL4?feature=oembed&#038;modestbranding=1&#038;showinfo=0&#038;rel=0\" frameborder=\"0\" allow=\"accelerometer; autoplay; clipboard-write; encrypted-media; gyroscope; picture-in-picture; web-share\" referrerpolicy=\"strict-origin-when-cross-origin\" allowfullscreen><\/iframe>\n<\/div><\/figure>\n\n\n\n<p><strong>Pourquoi investir dans votre colonne vert\u00e9brale?<\/strong> <\/p>\n\n\n\n<ul class=\"wp-block-list\">\n<li>Le tiers de la population canadienne aura au moins un mal de dos au cours de l\u2019ann\u00e9e.<\/li>\n\n\n\n<li>Les douleurs lombaires constituent la principale cause d\u2019invalidit\u00e9 \u00e0 l\u2019\u00e9chelle mondiale; elles touchent plus de 540 millions de personnes. <\/li>\n\n\n\n<li>Le mouvement r\u00e9gulier et les habitudes saines pour la colonne vert\u00e9brale peuvent r\u00e9duire la douleur, pr\u00e9venir l\u2019invalidit\u00e9 et prot\u00e9ger le bien-\u00eatre \u00e0 long terme. <\/li>\n<\/ul>\n\n\n\n<p>Joignez-vous \u00e0 nous pour sensibiliser le public au fardeau mondial que repr\u00e9sentent les troubles de la colonne vert\u00e9brale en soulignant les d\u00e9fis auxquels font face les personnes souffrant de lombalgie, peu importe leur r\u00e9gion, leur culture, leur origine ou leur \u00e2ge. Surveillez nos comptes <a href=\"https:\/\/www.facebook.com\/canadianchiropracticassociation\" target=\"_blank\" rel=\"noreferrer noopener\">Facebook<\/a> et <a href=\"https:\/\/www.instagram.com\/canchiroassoc\/\" target=\"_blank\" rel=\"noreferrer noopener\">Instagram<\/a> tout au long du mois d\u2019octobre pour d\u00e9couvrir d\u2019autres ressources ou visitez le site <a href=\"https:\/\/www.worldspineday.org\/\" target=\"_blank\" rel=\"noreferrer noopener\">worldspineday.org<\/a> pour plus d\u2019informations.  <\/p>\n<\/div>\n<\/div>\n\n\n\n<div class=\"wp-block-column is-layout-flow wp-block-column-is-layout-flow\" style=\"flex-basis:33.33%\">\n\n\n<div class=\"wp-block-group is-vertical is-layout-flex wp-container-core-group-is-layout-fe9cc265 wp-block-group-is-layout-flex\">\n<figure class=\"wp-block-image size-large\"><a href=\"https:\/\/chiropractic.ca\/wp-content\/uploads\/2025\/10\/CCA-WSD-2025-Handout-FR.pdf\"><img decoding=\"async\" width=\"791\" height=\"1024\" src=\"https:\/\/chiropractic.ca\/wp-content\/uploads\/2025\/10\/CCA-WSD-2025-Handout-FR-2-791x1024.png\" alt=\"\" class=\"wp-image-76545\" srcset=\"https:\/\/chiropractic.ca\/wp-content\/uploads\/2025\/10\/CCA-WSD-2025-Handout-FR-2-791x1024.png 791w, https:\/\/chiropractic.ca\/wp-content\/uploads\/2025\/10\/CCA-WSD-2025-Handout-FR-2-309x400.png 309w, https:\/\/chiropractic.ca\/wp-content\/uploads\/2025\/10\/CCA-WSD-2025-Handout-FR-2-768x994.png 768w, https:\/\/chiropractic.ca\/wp-content\/uploads\/2025\/10\/CCA-WSD-2025-Handout-FR-2-1187x1536.png 1187w, https:\/\/chiropractic.ca\/wp-content\/uploads\/2025\/10\/CCA-WSD-2025-Handout-FR-2-1583x2048.png 1583w, https:\/\/chiropractic.ca\/wp-content\/uploads\/2025\/10\/CCA-WSD-2025-Handout-FR-2.png 1700w\" sizes=\"(max-width: 791px) 100vw, 791px\" \/><\/a><\/figure>\n<\/div>\n<\/div>\n<\/div>\n\n\n\n<p><strong>D\u00e9couvrez comment ces Canadiens investissent dans la sant\u00e9 de leur colonne vert\u00e9brale<\/strong> <\/p>\n\n\n\n<p>Cette ann\u00e9e, nous diffusons les t\u00e9moignages de chiropraticiens et de patients canadiens sur ce qu\u2019investir dans sa colonne vert\u00e9brale signifie. Qu\u2019il s\u2019agisse de restaurer la force apr\u00e8s une blessure ou d\u2019aider les parents \u00e0 prot\u00e9ger leur colonne vert\u00e9brale, leurs exp\u00e9riences montrent qu\u2019investir dans de petites habitudes r\u00e9guli\u00e8res peut s\u2019av\u00e9rer payant au fil du temps.  <\/p>\n\n\n\n<p><strong>Explorez notre blogue sur la Journ\u00e9e mondiale de la colonne vert\u00e9brale :<\/strong> <\/p>\n\n\n\n<div class=\"wp-block-columns is-layout-flex wp-container-core-columns-is-layout-28f84493 wp-block-columns-is-layout-flex\">\n<div class=\"wp-block-column is-layout-flow wp-block-column-is-layout-flow\" style=\"flex-basis:33.33%\">\n<figure class=\"wp-block-embed is-type-video is-provider-youtube wp-block-embed-youtube wp-embed-aspect-16-9 wp-has-aspect-ratio\"><div class=\"wp-block-embed__wrapper\">\n<iframe title=\"World Spine Day 2025 - #InvestInYourSpine\" width=\"1395\" height=\"785\" src=\"https:\/\/www.youtube.com\/embed\/j_su8nHJRL4?feature=oembed&#038;modestbranding=1&#038;showinfo=0&#038;rel=0\" frameborder=\"0\" allow=\"accelerometer; autoplay; clipboard-write; encrypted-media; gyroscope; picture-in-picture; web-share\" referrerpolicy=\"strict-origin-when-cross-origin\" allowfullscreen><\/iframe>\n<\/div><\/figure>\n<\/div>\n\n\n\n<div class=\"wp-block-column is-layout-flow wp-block-column-is-layout-flow\"><\/div>\n\n\n\n<div class=\"wp-block-column is-layout-flow wp-block-column-is-layout-flow\" style=\"flex-basis:66.66%\">\n<p><strong>Teresa : Investir dans sa colonne vert\u00e9brale, une \u00e9tape \u00e0 la fois<\/strong><br><br>Enfant, Teresa a re\u00e7u un diagnostic de scoliose et a port\u00e9 un corset jusqu\u2019\u00e0 la fin de sa pubert\u00e9. Pendant des ann\u00e9es, on lui a dit que son \u00e9tat restreindrait ses capacit\u00e9s \u00e0 vie. Aujourd\u2019hui, avec l\u2019aide des soins chiropratiques, elle investit dans sa colonne vert\u00e9brale en bougeant r\u00e9guli\u00e8rement, en entra\u00eenant ses muscles et en faisant au quotidien des choix qui l\u2019aident \u00e0 demeurer active et confiante dans ses capacit\u00e9s.   <br><br><a href=\"https:\/\/chiropractic.ca\/fr\/investir-dans-votre-colonne-vertebrale-lhistoire-de-teresa\/\">En savoir plus<\/a><\/p>\n<\/div>\n<\/div>\n\n\n\n<div class=\"wp-block-columns is-layout-flex wp-container-core-columns-is-layout-28f84493 wp-block-columns-is-layout-flex\">\n<div class=\"wp-block-column is-layout-flow wp-block-column-is-layout-flow\" style=\"flex-basis:33.33%\">\n<figure class=\"wp-block-image size-large is-resized\"><img decoding=\"async\" width=\"2560\" height=\"1439\" src=\"https:\/\/chiropractic.ca\/wp-content\/uploads\/2025\/10\/IMG_1832-edited-scaled.jpg\" alt=\"\" class=\"wp-image-76443\" style=\"width:476px;height:auto\" srcset=\"https:\/\/chiropractic.ca\/wp-content\/uploads\/2025\/10\/IMG_1832-edited-scaled.jpg 2560w, https:\/\/chiropractic.ca\/wp-content\/uploads\/2025\/10\/IMG_1832-edited-400x225.jpg 400w, https:\/\/chiropractic.ca\/wp-content\/uploads\/2025\/10\/IMG_1832-edited-1024x576.jpg 1024w, https:\/\/chiropractic.ca\/wp-content\/uploads\/2025\/10\/IMG_1832-edited-768x432.jpg 768w, https:\/\/chiropractic.ca\/wp-content\/uploads\/2025\/10\/IMG_1832-edited-1536x864.jpg 1536w, https:\/\/chiropractic.ca\/wp-content\/uploads\/2025\/10\/IMG_1832-edited-2048x1151.jpg 2048w\" sizes=\"(max-width: 2560px) 100vw, 2560px\" \/><\/figure>\n<\/div>\n\n\n\n<div class=\"wp-block-column is-layout-flow wp-block-column-is-layout-flow\"><\/div>\n\n\n\n<div class=\"wp-block-column is-layout-flow wp-block-column-is-layout-flow\" style=\"flex-basis:66.66%\">\n<p><strong>Dr Martin Lai : Investir dans les soins<\/strong><br><br>C\u2019est en voyant sa m\u00e8re se remettre d\u2019un grave accident que le Dr Lai a d\u00e9fini son approche de la chiropratique. Il consid\u00e8re les soins de la colonne vert\u00e9brale comme le fondement pour retrouver la force, conserver la mobilit\u00e9 et gagner une confiance durable.  <br><br><a href=\"https:\/\/chiropractic.ca\/fr\/investir-dans-les-soins-ce-qui-a-pousse-le-dr-martin-lai-a-devenir-chiropraticien\/\">En savoir plus<\/a><br><br><\/p>\n<\/div>\n<\/div>\n\n\n\n<div class=\"wp-block-columns is-layout-flex wp-container-core-columns-is-layout-28f84493 wp-block-columns-is-layout-flex\">\n<div class=\"wp-block-column is-layout-flow wp-block-column-is-layout-flow\" style=\"flex-basis:33.33%\">\n<figure class=\"wp-block-image size-large\"><img decoding=\"async\" width=\"1440\" height=\"810\" src=\"https:\/\/chiropractic.ca\/wp-content\/uploads\/2025\/10\/Dr-Zemari-edited.jpg\" alt=\"\" class=\"wp-image-76447\" srcset=\"https:\/\/chiropractic.ca\/wp-content\/uploads\/2025\/10\/Dr-Zemari-edited.jpg 1440w, https:\/\/chiropractic.ca\/wp-content\/uploads\/2025\/10\/Dr-Zemari-edited-400x225.jpg 400w, https:\/\/chiropractic.ca\/wp-content\/uploads\/2025\/10\/Dr-Zemari-edited-1024x576.jpg 1024w, https:\/\/chiropractic.ca\/wp-content\/uploads\/2025\/10\/Dr-Zemari-edited-768x432.jpg 768w\" sizes=\"(max-width: 1440px) 100vw, 1440px\" \/><\/figure>\n<\/div>\n\n\n\n<div class=\"wp-block-column is-layout-flow wp-block-column-is-layout-flow\"><\/div>\n\n\n\n<div class=\"wp-block-column is-layout-flow wp-block-column-is-layout-flow\" style=\"flex-basis:66.66%\">\n<p><strong>Dre Michelle Zemari : Aider les parents \u00e0 prot\u00e9ger leur colonne vert\u00e9brale<\/strong><br><br>La Dre Zemari aide les parents \u00e0 mettre en place des routines simples et durables, par exemple des ajustements de la posture ou de l\u2019activit\u00e9 douce. Elle montre qu\u2019investir dans sa colonne vert\u00e9brale, c\u2019est investir dans sa sant\u00e9 et sa r\u00e9silience en g\u00e9n\u00e9ral.  <br><br><a href=\"https:\/\/chiropractic.ca\/fr\/investir-dans-votre-colonne-vertebrale-en-tant-que-nouveau-parent\/\">En savoir plus<br><\/a><br><\/p>\n<\/div>\n<\/div>\n","protected":false},"excerpt":{"rendered":"<p>La Journ\u00e9e mondiale de la colonne vert\u00e9brale met en lumi\u00e8re l\u2019importance de la sant\u00e9 de la colonne vert\u00e9brale et le fardeau mondial que repr\u00e9sentent la douleur et les incapacit\u00e9s qui y sont li\u00e9es. Chaque ann\u00e9e, le 16 octobre, des personnes du monde entier se rassemblent pour \u00e9veiller les consciences \u00e0 l\u2019importance de la sant\u00e9 de [&hellip;]<\/p>\n","protected":false},"author":13561,"featured_media":75221,"parent":0,"menu_order":13,"comment_status":"closed","ping_status":"closed","template":"","meta":{"_acf_changed":false,"_relevanssi_hide_post":"","_relevanssi_hide_content":"","_relevanssi_pin_for_all":"","_relevanssi_pin_keywords":"","_relevanssi_unpin_keywords":"","_relevanssi_related_keywords":"","_relevanssi_related_include_ids":"","_relevanssi_related_exclude_ids":"","_relevanssi_related_no_append":"","_relevanssi_related_not_related":"","_relevanssi_related_posts":"17649,47228,39138,17491,16129,20399","_relevanssi_noindex_reason":"","footnotes":""},"page_category":[2918],"class_list":["post-69817","page","type-page","status-publish","has-post-thumbnail","hentry","page_category-resources"],"blocksy_meta":{"styles_descriptor":{"styles":{"desktop":"","tablet":"","mobile":""},"google_fonts":[],"version":6}},"acf":[],"yoast_head":"<!-- This site is optimized with the Yoast SEO plugin v27.5 - https:\/\/yoast.com\/product\/yoast-seo-wordpress\/ -->\n<title>Association chiropratique canadienne<\/title>\n<meta name=\"description\" content=\"Pour de nombreuses populations, les douleurs et les incapacit\u00e9s li\u00e9es \u00e0 la colonne vert\u00e9brale ne constituent pas seulement un inconv\u00e9nient mineur, elles peuvent se traduire par l\u2019impossibilit\u00e9 de travailler et de subvenir \u00e0 ses besoins.\" \/>\n<meta name=\"robots\" content=\"index, follow, max-snippet:-1, max-image-preview:large, max-video-preview:-1\" \/>\n<link rel=\"canonical\" href=\"https:\/\/chiropractic.ca\/fr\/journee-mondiale-de-la-colonne-vertebrale\/\" \/>\n<meta property=\"og:locale\" content=\"fr_FR\" \/>\n<meta property=\"og:type\" content=\"article\" \/>\n<meta property=\"og:title\" content=\"Journ\u00e9e mondiale de la colonne vert\u00e9brale - Association chiropratique canadienne\" \/>\n<meta property=\"og:description\" content=\"Pour de nombreuses populations, les douleurs et les incapacit\u00e9s li\u00e9es \u00e0 la colonne vert\u00e9brale ne constituent pas seulement un inconv\u00e9nient mineur, elles peuvent se traduire par l\u2019impossibilit\u00e9 de travailler et de subvenir \u00e0 ses besoins.\" \/>\n<meta property=\"og:url\" content=\"https:\/\/chiropractic.ca\/fr\/journee-mondiale-de-la-colonne-vertebrale\/\" \/>\n<meta property=\"og:site_name\" content=\"Association chiropratique canadienne\" \/>\n<meta property=\"article:modified_time\" content=\"2025-10-07T18:46:54+00:00\" \/>\n<meta property=\"og:image\" content=\"https:\/\/chiropractic.ca\/wp-content\/uploads\/2024\/10\/WSD-Banner.jpg\" \/>\n\t<meta property=\"og:image:width\" content=\"2048\" \/>\n\t<meta property=\"og:image:height\" content=\"1367\" \/>\n\t<meta property=\"og:image:type\" content=\"image\/jpeg\" \/>\n<meta name=\"twitter:card\" content=\"summary_large_image\" \/>\n<meta name=\"twitter:label1\" content=\"Dur\u00e9e de lecture estim\u00e9e\" \/>\n\t<meta name=\"twitter:data1\" content=\"3 minutes\" \/>\n<script type=\"application\/ld+json\" class=\"yoast-schema-graph\">{\"@context\":\"https:\\\/\\\/schema.org\",\"@graph\":[{\"@type\":\"WebPage\",\"@id\":\"https:\\\/\\\/chiropractic.ca\\\/fr\\\/journee-mondiale-de-la-colonne-vertebrale\\\/\",\"url\":\"https:\\\/\\\/chiropractic.ca\\\/fr\\\/journee-mondiale-de-la-colonne-vertebrale\\\/\",\"name\":\"Journ\u00e9e mondiale de la colonne vert\u00e9brale - Association chiropratique canadienne\",\"isPartOf\":{\"@id\":\"https:\\\/\\\/chiropractic.ca\\\/fr\\\/#website\"},\"primaryImageOfPage\":{\"@id\":\"https:\\\/\\\/chiropractic.ca\\\/fr\\\/journee-mondiale-de-la-colonne-vertebrale\\\/#primaryimage\"},\"image\":{\"@id\":\"https:\\\/\\\/chiropractic.ca\\\/fr\\\/journee-mondiale-de-la-colonne-vertebrale\\\/#primaryimage\"},\"thumbnailUrl\":\"https:\\\/\\\/chiropractic.ca\\\/wp-content\\\/uploads\\\/2024\\\/10\\\/WSD-Banner.jpg\",\"datePublished\":\"2023-09-27T19:46:59+00:00\",\"dateModified\":\"2025-10-07T18:46:54+00:00\",\"description\":\"Pour de nombreuses populations, les douleurs et les incapacit\u00e9s li\u00e9es \u00e0 la colonne vert\u00e9brale ne constituent pas seulement un inconv\u00e9nient mineur, elles peuvent se traduire par l\u2019impossibilit\u00e9 de travailler et de subvenir \u00e0 ses besoins.\",\"breadcrumb\":{\"@id\":\"https:\\\/\\\/chiropractic.ca\\\/fr\\\/journee-mondiale-de-la-colonne-vertebrale\\\/#breadcrumb\"},\"inLanguage\":\"fr-FR\",\"potentialAction\":[{\"@type\":\"ReadAction\",\"target\":[\"https:\\\/\\\/chiropractic.ca\\\/fr\\\/journee-mondiale-de-la-colonne-vertebrale\\\/\"]}]},{\"@type\":\"ImageObject\",\"inLanguage\":\"fr-FR\",\"@id\":\"https:\\\/\\\/chiropractic.ca\\\/fr\\\/journee-mondiale-de-la-colonne-vertebrale\\\/#primaryimage\",\"url\":\"https:\\\/\\\/chiropractic.ca\\\/wp-content\\\/uploads\\\/2024\\\/10\\\/WSD-Banner.jpg\",\"contentUrl\":\"https:\\\/\\\/chiropractic.ca\\\/wp-content\\\/uploads\\\/2024\\\/10\\\/WSD-Banner.jpg\",\"width\":2048,\"height\":1367},{\"@type\":\"BreadcrumbList\",\"@id\":\"https:\\\/\\\/chiropractic.ca\\\/fr\\\/journee-mondiale-de-la-colonne-vertebrale\\\/#breadcrumb\",\"itemListElement\":[{\"@type\":\"ListItem\",\"position\":1,\"name\":\"Home\",\"item\":\"https:\\\/\\\/chiropractic.ca\\\/fr\\\/\"},{\"@type\":\"ListItem\",\"position\":2,\"name\":\"Journ\u00e9e mondiale de la colonne vert\u00e9brale\"}]},{\"@type\":\"WebSite\",\"@id\":\"https:\\\/\\\/chiropractic.ca\\\/fr\\\/#website\",\"url\":\"https:\\\/\\\/chiropractic.ca\\\/fr\\\/\",\"name\":\"Association chiropratique canadienne\",\"description\":\"Chiropractors helping Canadians live healthier lives\",\"publisher\":{\"@id\":\"https:\\\/\\\/chiropractic.ca\\\/fr\\\/#organization\"},\"potentialAction\":[{\"@type\":\"SearchAction\",\"target\":{\"@type\":\"EntryPoint\",\"urlTemplate\":\"https:\\\/\\\/chiropractic.ca\\\/fr\\\/?s={search_term_string}\"},\"query-input\":{\"@type\":\"PropertyValueSpecification\",\"valueRequired\":true,\"valueName\":\"search_term_string\"}}],\"inLanguage\":\"fr-FR\"},{\"@type\":\"Organization\",\"@id\":\"https:\\\/\\\/chiropractic.ca\\\/fr\\\/#organization\",\"name\":\"Association chiropratique canadienne\",\"url\":\"https:\\\/\\\/chiropractic.ca\\\/fr\\\/\",\"logo\":{\"@type\":\"ImageObject\",\"inLanguage\":\"fr-FR\",\"@id\":\"https:\\\/\\\/chiropractic.ca\\\/fr\\\/#\\\/schema\\\/logo\\\/image\\\/\",\"url\":\"https:\\\/\\\/chiropractic.ca\\\/wp-content\\\/uploads\\\/2022\\\/08\\\/cca-logo.svg\",\"contentUrl\":\"https:\\\/\\\/chiropractic.ca\\\/wp-content\\\/uploads\\\/2022\\\/08\\\/cca-logo.svg\",\"width\":921,\"height\":250,\"caption\":\"Association chiropratique canadienne\"},\"image\":{\"@id\":\"https:\\\/\\\/chiropractic.ca\\\/fr\\\/#\\\/schema\\\/logo\\\/image\\\/\"}}]}<\/script>\n<!-- \/ Yoast SEO plugin. -->","yoast_head_json":{"title":"Association chiropratique canadienne","description":"Pour de nombreuses populations, les douleurs et les incapacit\u00e9s li\u00e9es \u00e0 la colonne vert\u00e9brale ne constituent pas seulement un inconv\u00e9nient mineur, elles peuvent se traduire par l\u2019impossibilit\u00e9 de travailler et de subvenir \u00e0 ses besoins.","robots":{"index":"index","follow":"follow","max-snippet":"max-snippet:-1","max-image-preview":"max-image-preview:large","max-video-preview":"max-video-preview:-1"},"canonical":"https:\/\/chiropractic.ca\/fr\/journee-mondiale-de-la-colonne-vertebrale\/","og_locale":"fr_FR","og_type":"article","og_title":"Journ\u00e9e mondiale de la colonne vert\u00e9brale - Association chiropratique canadienne","og_description":"Pour de nombreuses populations, les douleurs et les incapacit\u00e9s li\u00e9es \u00e0 la colonne vert\u00e9brale ne constituent pas seulement un inconv\u00e9nient mineur, elles peuvent se traduire par l\u2019impossibilit\u00e9 de travailler et de subvenir \u00e0 ses besoins.","og_url":"https:\/\/chiropractic.ca\/fr\/journee-mondiale-de-la-colonne-vertebrale\/","og_site_name":"Association chiropratique canadienne","article_modified_time":"2025-10-07T18:46:54+00:00","og_image":[{"width":2048,"height":1367,"url":"https:\/\/chiropractic.ca\/wp-content\/uploads\/2024\/10\/WSD-Banner.jpg","type":"image\/jpeg"}],"twitter_card":"summary_large_image","twitter_misc":{"Dur\u00e9e de lecture estim\u00e9e":"3 minutes"},"schema":{"@context":"https:\/\/schema.org","@graph":[{"@type":"WebPage","@id":"https:\/\/chiropractic.ca\/fr\/journee-mondiale-de-la-colonne-vertebrale\/","url":"https:\/\/chiropractic.ca\/fr\/journee-mondiale-de-la-colonne-vertebrale\/","name":"Journ\u00e9e mondiale de la colonne vert\u00e9brale - Association chiropratique canadienne","isPartOf":{"@id":"https:\/\/chiropractic.ca\/fr\/#website"},"primaryImageOfPage":{"@id":"https:\/\/chiropractic.ca\/fr\/journee-mondiale-de-la-colonne-vertebrale\/#primaryimage"},"image":{"@id":"https:\/\/chiropractic.ca\/fr\/journee-mondiale-de-la-colonne-vertebrale\/#primaryimage"},"thumbnailUrl":"https:\/\/chiropractic.ca\/wp-content\/uploads\/2024\/10\/WSD-Banner.jpg","datePublished":"2023-09-27T19:46:59+00:00","dateModified":"2025-10-07T18:46:54+00:00","description":"Pour de nombreuses populations, les douleurs et les incapacit\u00e9s li\u00e9es \u00e0 la colonne vert\u00e9brale ne constituent pas seulement un inconv\u00e9nient mineur, elles peuvent se traduire par l\u2019impossibilit\u00e9 de travailler et de subvenir \u00e0 ses besoins.","breadcrumb":{"@id":"https:\/\/chiropractic.ca\/fr\/journee-mondiale-de-la-colonne-vertebrale\/#breadcrumb"},"inLanguage":"fr-FR","potentialAction":[{"@type":"ReadAction","target":["https:\/\/chiropractic.ca\/fr\/journee-mondiale-de-la-colonne-vertebrale\/"]}]},{"@type":"ImageObject","inLanguage":"fr-FR","@id":"https:\/\/chiropractic.ca\/fr\/journee-mondiale-de-la-colonne-vertebrale\/#primaryimage","url":"https:\/\/chiropractic.ca\/wp-content\/uploads\/2024\/10\/WSD-Banner.jpg","contentUrl":"https:\/\/chiropractic.ca\/wp-content\/uploads\/2024\/10\/WSD-Banner.jpg","width":2048,"height":1367},{"@type":"BreadcrumbList","@id":"https:\/\/chiropractic.ca\/fr\/journee-mondiale-de-la-colonne-vertebrale\/#breadcrumb","itemListElement":[{"@type":"ListItem","position":1,"name":"Home","item":"https:\/\/chiropractic.ca\/fr\/"},{"@type":"ListItem","position":2,"name":"Journ\u00e9e mondiale de la colonne vert\u00e9brale"}]},{"@type":"WebSite","@id":"https:\/\/chiropractic.ca\/fr\/#website","url":"https:\/\/chiropractic.ca\/fr\/","name":"Association chiropratique canadienne","description":"Chiropractors helping Canadians live healthier lives","publisher":{"@id":"https:\/\/chiropractic.ca\/fr\/#organization"},"potentialAction":[{"@type":"SearchAction","target":{"@type":"EntryPoint","urlTemplate":"https:\/\/chiropractic.ca\/fr\/?s={search_term_string}"},"query-input":{"@type":"PropertyValueSpecification","valueRequired":true,"valueName":"search_term_string"}}],"inLanguage":"fr-FR"},{"@type":"Organization","@id":"https:\/\/chiropractic.ca\/fr\/#organization","name":"Association chiropratique canadienne","url":"https:\/\/chiropractic.ca\/fr\/","logo":{"@type":"ImageObject","inLanguage":"fr-FR","@id":"https:\/\/chiropractic.ca\/fr\/#\/schema\/logo\/image\/","url":"https:\/\/chiropractic.ca\/wp-content\/uploads\/2022\/08\/cca-logo.svg","contentUrl":"https:\/\/chiropractic.ca\/wp-content\/uploads\/2022\/08\/cca-logo.svg","width":921,"height":250,"caption":"Association chiropratique canadienne"},"image":{"@id":"https:\/\/chiropractic.ca\/fr\/#\/schema\/logo\/image\/"}}]}},"_links":{"self":[{"href":"https:\/\/chiropractic.ca\/fr\/wp-json\/wp\/v2\/pages\/69817","targetHints":{"allow":["GET"]}}],"collection":[{"href":"https:\/\/chiropractic.ca\/fr\/wp-json\/wp\/v2\/pages"}],"about":[{"href":"https:\/\/chiropractic.ca\/fr\/wp-json\/wp\/v2\/types\/page"}],"author":[{"embeddable":true,"href":"https:\/\/chiropractic.ca\/fr\/wp-json\/wp\/v2\/users\/13561"}],"replies":[{"embeddable":true,"href":"https:\/\/chiropractic.ca\/fr\/wp-json\/wp\/v2\/comments?post=69817"}],"version-history":[{"count":17,"href":"https:\/\/chiropractic.ca\/fr\/wp-json\/wp\/v2\/pages\/69817\/revisions"}],"predecessor-version":[{"id":76549,"href":"https:\/\/chiropractic.ca\/fr\/wp-json\/wp\/v2\/pages\/69817\/revisions\/76549"}],"wp:featuredmedia":[{"embeddable":true,"href":"https:\/\/chiropractic.ca\/fr\/wp-json\/wp\/v2\/media\/75221"}],"wp:attachment":[{"href":"https:\/\/chiropractic.ca\/fr\/wp-json\/wp\/v2\/media?parent=69817"}],"wp:term":[{"taxonomy":"page_category","embeddable":true,"href":"https:\/\/chiropractic.ca\/fr\/wp-json\/wp\/v2\/page_category?post=69817"}],"curies":[{"name":"wp","href":"https:\/\/api.w.org\/{rel}","templated":true}]}}