{"id":69889,"date":"2022-08-24T12:53:24","date_gmt":"2022-08-24T16:53:24","guid":{"rendered":"https:\/\/chiropractic.ca\/les-bienfaits-de-la-chiropratique\/deroulement-de-votre-premiere-consultation-en-chiropratique\/"},"modified":"2024-06-18T15:06:05","modified_gmt":"2024-06-18T19:06:05","slug":"deroulement-de-votre-premiere-consultation-en-chiropratique","status":"publish","type":"page","link":"https:\/\/chiropractic.ca\/fr\/les-bienfaits-de-la-chiropratique\/deroulement-de-votre-premiere-consultation-en-chiropratique\/","title":{"rendered":"D\u00e9roulement de votre premi\u00e8re consultation en chiropratique"},"content":{"rendered":"<header class=\"hero hero-large alignfull\"><div class=\"ct-container\"><figure class=\"animated fadeIn\"><div class=\"ct-media-container\"><img decoding=\"async\" width=\"1190\" height=\"852\" src=\"https:\/\/chiropractic.ca\/wp-content\/uploads\/2026\/02\/appointment.jpg\" class=\"attachment-full size-full\" alt=\"\" srcset=\"https:\/\/chiropractic.ca\/wp-content\/uploads\/2026\/02\/appointment.jpg 1190w, https:\/\/chiropractic.ca\/wp-content\/uploads\/2026\/02\/appointment-400x286.jpg 400w, https:\/\/chiropractic.ca\/wp-content\/uploads\/2026\/02\/appointment-1024x733.jpg 1024w, https:\/\/chiropractic.ca\/wp-content\/uploads\/2026\/02\/appointment-768x550.jpg 768w\" sizes=\"(max-width: 1190px) 100vw, 1190px\" style=\"aspect-ratio: 16\/9;\" \/><\/div><\/figure><div class=\"wp-block-columns is-not-stacked-on-mobile\"><div class=\"wp-block-column\" style=\"flex-basis: 55%;\"><h1 class=\"animated fadeIn\">D\u00e9roulement de votre premi\u00e8re consultation en chiropratique<\/h1><div class=\"is-style-lead-text\" content-device=\"desktop\"><p>Il est normal d\u2019avoir des questions avant une premi\u00e8re consultation avec un nouveau professionnel de la sant\u00e9. <\/p>\n<\/div><\/div><div class=\"wp-block-column\"><\/div><\/div><\/div><div class=\"shape-divider-bottom\">\n\t\t\t\t<svg xmlns=\"http:\/\/www.w3.org\/2000\/svg\" viewBox=\"0 0 2419.94 122.9\"><path id=\"Path_240\" class=\"cls-1\" d=\"M0,49.78C124.41-31.69,584.23,5.21,823.77,32.17c239.54,26.96,751.95,124.97,1269.64,17.61,58.43-12.12,280.19-83,319.61-18.2,7.57,12.44,9.72,32.23,2.36,48.08-21.49,46.26-117.05,43.59-150,43-136.67-2.44-1027.9-1.62-2262-1L0,49.78Z\"\/><\/svg>\n\t\t\t\t<\/div><\/header><div class=\"is-style-lead-text\" aria-hidden=\"true\" content-device=\"mobile\"><p>Il est normal d\u2019avoir des questions avant une premi\u00e8re consultation avec un nouveau professionnel de la sant\u00e9. <\/p>\n<\/div>\n\n\n<div class=\"wp-block-columns is-layout-flex wp-container-core-columns-is-layout-28f84493 wp-block-columns-is-layout-flex\">\n<div class=\"wp-block-column is-layout-flow wp-block-column-is-layout-flow\" style=\"flex-basis:66.66%\">\n<p>Heureusement, les chiropraticiens savent que leurs nouveaux patients ont besoin de plus de temps pour poser des questions et parler de leurs probl\u00e8mes. De votre c\u00f4t\u00e9, vous pouvez contribuer au bon d\u00e9roulement de votre premi\u00e8re consultation, notamment en sachant \u00e0 quoi vous attendre.<\/p>\n\n\n\n<h2 class=\"wp-block-heading\">Dur\u00e9e de la visite<\/h2>\n\n\n\n<p>Les premi\u00e8res consultations peuvent durer de 30 \u00e0 60 minutes, selon la blessure ou la raison pour laquelle vous souhaitez recourir \u00e0 la chiropratique. Les visites suivantes seront probablement plus courtes, mais la premi\u00e8re visite vise \u00e0 poser les bases de la relation th\u00e9rapeutique, \u00e0 cerner la cause du probl\u00e8me et \u00e0 discuter du plan de traitement propos\u00e9. Les chiropraticiens poss\u00e8dent une solide formation dans l\u2019\u00e9valuation, le diagnostic, le traitement, la gestion et la pr\u00e9vention des probl\u00e8mes musculosquelettiques, et se font un devoir de r\u00e9pondre \u00e0 vos besoins et objectifs. Il est important que vous communiquiez vos valeurs et vos attentes en mati\u00e8re de traitement \u00e0 votre chiropraticien.   <\/p>\n\n\n\n<h2 class=\"wp-block-heading\">Quel est le co\u00fbt moyen d\u2019une consultation chez un chiropraticien?<\/h2>\n\n\n\n<p>Le <a href=\"https:\/\/chiropractic.ca\/fr\/les-bienfaits-de-la-chiropratique\/couts-et-protection-chiropratiques\/\">co\u00fbt d\u2019une consultation chiropratique<\/a> d\u00e9pend de votre professionnel, de la dur\u00e9e du traitement, de la province ou du territoire o\u00f9 vous recevez le traitement, et d\u2019autres facteurs. Les premiers rendez-vous co\u00fbtent g\u00e9n\u00e9ralement plus cher, car ils sont plus longs. Avant votre premier rendez-vous, communiquez avec le chiropraticien ou sa clinique pour obtenir des renseignements d\u00e9taill\u00e9s sur les tarifs des consultations. <\/p>\n\n\n\n<p>Certains r\u00e9gimes d\u2019assurance-maladie compl\u00e9mentaire remboursent une partie ou la totalit\u00e9 du co\u00fbt de votre consultation chiropratique. Si vous b\u00e9n\u00e9ficiez d\u2019un tel r\u00e9gime, il est recommand\u00e9 de contacter le fournisseur pour d\u00e9terminer si vous \u00eates couvert ou le niveau de protection auquel vous avez droit avant de vous rendre \u00e0 votre premi\u00e8re consultation. <\/p>\n\n\n\n<p>Certaines cliniques chiropratiques proposent un service de facturation directe aux assureurs. Communiquez avec la clinique pour en savoir plus sur ce service. <\/p>\n\n\n\n<h2 class=\"wp-block-heading\">Ant\u00e9c\u00e9dents m\u00e9dicaux<\/h2>\n\n\n\n<p>Votre premi\u00e8re consultation comprend une \u00e9valuation compl\u00e8te de votre \u00e9tat afin de d\u00e9terminer la cause du probl\u00e8me et le traitement qui vous convient. Pour ce faire, votre chiropraticien peut vous poser des questions sur tous les aspects suivants de votre sant\u00e9<sup class='footnote' id='fnref-69889-1'><a href='#fn-69889-1' rel='footnote'>1<\/a><\/sup> : <\/p>\n\n\n\n<ul class=\"wp-block-list\">\n<li>Description de vos probl\u00e8mes<\/li>\n\n\n\n<li>Mesures prises pour soigner votre probl\u00e8me<\/li>\n\n\n\n<li>Description de votre \u00e9tat de sant\u00e9 g\u00e9n\u00e9ral<\/li>\n\n\n\n<li>Ant\u00e9c\u00e9dents m\u00e9dicaux personnels et familiaux<\/li>\n\n\n\n<li>Maladies graves dont vous avez souffert<\/li>\n\n\n\n<li>Interventions chirurgicales subies<\/li>\n\n\n\n<li>M\u00e9dicaments consomm\u00e9s<\/li>\n\n\n\n<li>Votre alimentation et vos activit\u00e9s physiques<\/li>\n\n\n\n<li>Vos habitudes de sommeil<\/li>\n\n\n\n<li>Vos activit\u00e9s courantes<\/li>\n\n\n\n<li>Votre routine de travail<\/li>\n\n\n\n<li>Votre niveau de stress<\/li>\n\n\n\n<li>Votre vie domestique<\/li>\n<\/ul>\n\n\n\n<p>La partie du rendez-vous consacr\u00e9e aux ant\u00e9c\u00e9dents m\u00e9dicaux est \u00e9galement l\u2019occasion pour les patients de discuter de leurs valeurs, de leurs objectifs et de leurs attentes en mati\u00e8re de soins avec leur chiropraticien.<\/p>\n\n\n\n<h2 class=\"wp-block-heading\">Maximiser les avantages<\/h2>\n\n\n\n<p>Il faut parfois un certain temps pour \u00e9tablir une relation th\u00e9rapeutique avec un nouveau praticien. Toutefois, la mise en place d\u2019une bonne communication d\u00e8s le d\u00e9part peut contribuer \u00e0 optimiser les bienfaits de votre traitement chiropratique. Votre chiropraticien prendra le temps qu\u2019il faut pour r\u00e9pondre \u00e0 vos questions et pr\u00e9occupations et pour vous expliquer les choix de traitement qui s\u2019offrent \u00e0 vous, y compris des strat\u00e9gies de pr\u00e9vention et des changements \u00e0 vos habitudes de vie.  <\/p>\n\n\n\n<h2 class=\"wp-block-heading\">Apr\u00e8s la consultation<\/h2>\n\n\n\n<p>Votre chiropraticien vous expliquera ce \u00e0 quoi vous devez vous attendre apr\u00e8s votre rendez-vous, en fonction de votre plan de traitement. Si vous avez d\u2019autres questions ou pr\u00e9occupations, contactez la clinique ou notez-les pour en discuter lors d\u2019une visite ult\u00e9rieure. <\/p>\n<\/div>\n\n\n\n<div class=\"wp-block-column is-layout-flow wp-block-column-is-layout-flow\" style=\"flex-basis:33.33%\"><\/div>\n<\/div>\n\n\n\n<div class=\"wp-block-group is-style-footnotes is-layout-flow wp-block-group-is-layout-flow\">\n<p><span class='footnote' id='fn-69889-1'><a href='#fnref-69889-1'>1<\/a>.<\/span> BC Chiropractic Association \u2013 First Visit (https:\/\/www.bcchiro.com\/chiropractors-and-you\/your-first-chiropractic-visit\/)<\/p>\n<\/div>\n","protected":false},"excerpt":{"rendered":"<p>Il est normal d\u2019avoir des questions avant une premi\u00e8re consultation avec un nouveau professionnel de la sant\u00e9. Heureusement, les chiropraticiens savent que leurs nouveaux patients ont besoin de plus de temps pour poser des questions et parler de leurs probl\u00e8mes. De votre c\u00f4t\u00e9, vous pouvez contribuer au bon d\u00e9roulement de votre premi\u00e8re consultation, notamment en sachant \u00e0 quoi vous attendre.  <\/p>\n","protected":false},"author":9,"featured_media":76843,"parent":69806,"menu_order":5,"comment_status":"closed","ping_status":"closed","template":"","meta":{"_acf_changed":false,"_relevanssi_hide_post":"","_relevanssi_hide_content":"","_relevanssi_pin_for_all":"","_relevanssi_pin_keywords":"","_relevanssi_unpin_keywords":"","_relevanssi_related_keywords":"","_relevanssi_related_include_ids":"","_relevanssi_related_exclude_ids":"","_relevanssi_related_no_append":"","_relevanssi_related_not_related":"","_relevanssi_related_posts":"31465,44989,72473,47291,71031,72711","_relevanssi_noindex_reason":"","footnotes":""},"page_category":[2917,2923],"class_list":["post-69889","page","type-page","status-publish","has-post-thumbnail","hentry","page_category-canadian-chiropractors","page_category-chiropractic-care-and-you"],"blocksy_meta":{"styles_descriptor":{"styles":{"desktop":"","tablet":"","mobile":""},"google_fonts":[],"version":6}},"acf":[],"yoast_head":"<!-- This site is optimized with the Yoast SEO plugin v27.3 - https:\/\/yoast.com\/product\/yoast-seo-wordpress\/ -->\n<title>Association chiropratique canadienne<\/title>\n<meta name=\"description\" content=\"Il est normal d\u2019avoir des questions avant une premi\u00e8re consultation avec un nouveau professionnel de la sant\u00e9. Heureusement, les chiropraticiens savent que leurs nouveaux patients ont besoin de plus de temps pour poser des questions et parler de leurs probl\u00e8mes. De votre c\u00f4t\u00e9, vous pouvez contribuer au bon d\u00e9roulement de votre premi\u00e8re consultation, notamment en sachant \u00e0 quoi vous attendre.\" \/>\n<meta name=\"robots\" content=\"index, follow, max-snippet:-1, max-image-preview:large, max-video-preview:-1\" \/>\n<link rel=\"canonical\" href=\"https:\/\/chiropractic.ca\/fr\/les-bienfaits-de-la-chiropratique\/deroulement-de-votre-premiere-consultation-en-chiropratique\/\" \/>\n<meta property=\"og:locale\" content=\"fr_FR\" \/>\n<meta property=\"og:type\" content=\"article\" \/>\n<meta property=\"og:title\" content=\"D\u00e9roulement de votre premi\u00e8re consultation en chiropratique - Association chiropratique canadienne\" \/>\n<meta property=\"og:description\" content=\"Il est normal d\u2019avoir des questions avant une premi\u00e8re consultation avec un nouveau professionnel de la sant\u00e9. Heureusement, les chiropraticiens savent que leurs nouveaux patients ont besoin de plus de temps pour poser des questions et parler de leurs probl\u00e8mes. De votre c\u00f4t\u00e9, vous pouvez contribuer au bon d\u00e9roulement de votre premi\u00e8re consultation, notamment en sachant \u00e0 quoi vous attendre.\" \/>\n<meta property=\"og:url\" content=\"https:\/\/chiropractic.ca\/fr\/les-bienfaits-de-la-chiropratique\/deroulement-de-votre-premiere-consultation-en-chiropratique\/\" \/>\n<meta property=\"og:site_name\" content=\"Association chiropratique canadienne\" \/>\n<meta property=\"article:modified_time\" content=\"2024-06-18T19:06:05+00:00\" \/>\n<meta property=\"og:image\" content=\"https:\/\/chiropractic.ca\/wp-content\/uploads\/2024\/06\/What-to-expect-at-an-appointment.jpg\" \/>\n\t<meta property=\"og:image:width\" content=\"2048\" \/>\n\t<meta property=\"og:image:height\" content=\"888\" \/>\n\t<meta property=\"og:image:type\" content=\"image\/jpeg\" \/>\n<meta name=\"twitter:card\" content=\"summary_large_image\" \/>\n<meta name=\"twitter:label1\" content=\"Dur\u00e9e de lecture estim\u00e9e\" \/>\n\t<meta name=\"twitter:data1\" content=\"3 minutes\" \/>\n<script type=\"application\/ld+json\" class=\"yoast-schema-graph\">{\"@context\":\"https:\\\/\\\/schema.org\",\"@graph\":[{\"@type\":\"WebPage\",\"@id\":\"https:\\\/\\\/chiropractic.ca\\\/fr\\\/les-bienfaits-de-la-chiropratique\\\/deroulement-de-votre-premiere-consultation-en-chiropratique\\\/\",\"url\":\"https:\\\/\\\/chiropractic.ca\\\/fr\\\/les-bienfaits-de-la-chiropratique\\\/deroulement-de-votre-premiere-consultation-en-chiropratique\\\/\",\"name\":\"D\u00e9roulement de votre premi\u00e8re consultation en chiropratique - Association chiropratique canadienne\",\"isPartOf\":{\"@id\":\"https:\\\/\\\/chiropractic.ca\\\/fr\\\/#website\"},\"primaryImageOfPage\":{\"@id\":\"https:\\\/\\\/chiropractic.ca\\\/fr\\\/les-bienfaits-de-la-chiropratique\\\/deroulement-de-votre-premiere-consultation-en-chiropratique\\\/#primaryimage\"},\"image\":{\"@id\":\"https:\\\/\\\/chiropractic.ca\\\/fr\\\/les-bienfaits-de-la-chiropratique\\\/deroulement-de-votre-premiere-consultation-en-chiropratique\\\/#primaryimage\"},\"thumbnailUrl\":\"https:\\\/\\\/chiropractic.ca\\\/wp-content\\\/uploads\\\/2026\\\/02\\\/appointment.jpg\",\"datePublished\":\"2022-08-24T16:53:24+00:00\",\"dateModified\":\"2024-06-18T19:06:05+00:00\",\"description\":\"Il est normal d\u2019avoir des questions avant une premi\u00e8re consultation avec un nouveau professionnel de la sant\u00e9. Heureusement, les chiropraticiens savent que leurs nouveaux patients ont besoin de plus de temps pour poser des questions et parler de leurs probl\u00e8mes. De votre c\u00f4t\u00e9, vous pouvez contribuer au bon d\u00e9roulement de votre premi\u00e8re consultation, notamment en sachant \u00e0 quoi vous attendre.\",\"breadcrumb\":{\"@id\":\"https:\\\/\\\/chiropractic.ca\\\/fr\\\/les-bienfaits-de-la-chiropratique\\\/deroulement-de-votre-premiere-consultation-en-chiropratique\\\/#breadcrumb\"},\"inLanguage\":\"fr-FR\",\"potentialAction\":[{\"@type\":\"ReadAction\",\"target\":[\"https:\\\/\\\/chiropractic.ca\\\/fr\\\/les-bienfaits-de-la-chiropratique\\\/deroulement-de-votre-premiere-consultation-en-chiropratique\\\/\"]}]},{\"@type\":\"ImageObject\",\"inLanguage\":\"fr-FR\",\"@id\":\"https:\\\/\\\/chiropractic.ca\\\/fr\\\/les-bienfaits-de-la-chiropratique\\\/deroulement-de-votre-premiere-consultation-en-chiropratique\\\/#primaryimage\",\"url\":\"https:\\\/\\\/chiropractic.ca\\\/wp-content\\\/uploads\\\/2026\\\/02\\\/appointment.jpg\",\"contentUrl\":\"https:\\\/\\\/chiropractic.ca\\\/wp-content\\\/uploads\\\/2026\\\/02\\\/appointment.jpg\",\"width\":1190,\"height\":852},{\"@type\":\"BreadcrumbList\",\"@id\":\"https:\\\/\\\/chiropractic.ca\\\/fr\\\/les-bienfaits-de-la-chiropratique\\\/deroulement-de-votre-premiere-consultation-en-chiropratique\\\/#breadcrumb\",\"itemListElement\":[{\"@type\":\"ListItem\",\"position\":1,\"name\":\"Home\",\"item\":\"https:\\\/\\\/chiropractic.ca\\\/fr\\\/\"},{\"@type\":\"ListItem\",\"position\":2,\"name\":\"Les bienfaits de la chiropratique\",\"item\":\"https:\\\/\\\/chiropractic.ca\\\/fr\\\/les-bienfaits-de-la-chiropratique\\\/\"},{\"@type\":\"ListItem\",\"position\":3,\"name\":\"D\u00e9roulement de votre premi\u00e8re consultation en chiropratique\"}]},{\"@type\":\"WebSite\",\"@id\":\"https:\\\/\\\/chiropractic.ca\\\/fr\\\/#website\",\"url\":\"https:\\\/\\\/chiropractic.ca\\\/fr\\\/\",\"name\":\"Association chiropratique canadienne\",\"description\":\"Chiropractors helping Canadians live healthier lives\",\"publisher\":{\"@id\":\"https:\\\/\\\/chiropractic.ca\\\/fr\\\/#organization\"},\"potentialAction\":[{\"@type\":\"SearchAction\",\"target\":{\"@type\":\"EntryPoint\",\"urlTemplate\":\"https:\\\/\\\/chiropractic.ca\\\/fr\\\/?s={search_term_string}\"},\"query-input\":{\"@type\":\"PropertyValueSpecification\",\"valueRequired\":true,\"valueName\":\"search_term_string\"}}],\"inLanguage\":\"fr-FR\"},{\"@type\":\"Organization\",\"@id\":\"https:\\\/\\\/chiropractic.ca\\\/fr\\\/#organization\",\"name\":\"Association chiropratique canadienne\",\"url\":\"https:\\\/\\\/chiropractic.ca\\\/fr\\\/\",\"logo\":{\"@type\":\"ImageObject\",\"inLanguage\":\"fr-FR\",\"@id\":\"https:\\\/\\\/chiropractic.ca\\\/fr\\\/#\\\/schema\\\/logo\\\/image\\\/\",\"url\":\"https:\\\/\\\/chiropractic.ca\\\/wp-content\\\/uploads\\\/2022\\\/08\\\/cca-logo.svg\",\"contentUrl\":\"https:\\\/\\\/chiropractic.ca\\\/wp-content\\\/uploads\\\/2022\\\/08\\\/cca-logo.svg\",\"width\":921,\"height\":250,\"caption\":\"Association chiropratique canadienne\"},\"image\":{\"@id\":\"https:\\\/\\\/chiropractic.ca\\\/fr\\\/#\\\/schema\\\/logo\\\/image\\\/\"}}]}<\/script>\n<!-- \/ Yoast SEO plugin. -->","yoast_head_json":{"title":"Association chiropratique canadienne","description":"Il est normal d\u2019avoir des questions avant une premi\u00e8re consultation avec un nouveau professionnel de la sant\u00e9. Heureusement, les chiropraticiens savent que leurs nouveaux patients ont besoin de plus de temps pour poser des questions et parler de leurs probl\u00e8mes. De votre c\u00f4t\u00e9, vous pouvez contribuer au bon d\u00e9roulement de votre premi\u00e8re consultation, notamment en sachant \u00e0 quoi vous attendre.","robots":{"index":"index","follow":"follow","max-snippet":"max-snippet:-1","max-image-preview":"max-image-preview:large","max-video-preview":"max-video-preview:-1"},"canonical":"https:\/\/chiropractic.ca\/fr\/les-bienfaits-de-la-chiropratique\/deroulement-de-votre-premiere-consultation-en-chiropratique\/","og_locale":"fr_FR","og_type":"article","og_title":"D\u00e9roulement de votre premi\u00e8re consultation en chiropratique - Association chiropratique canadienne","og_description":"Il est normal d\u2019avoir des questions avant une premi\u00e8re consultation avec un nouveau professionnel de la sant\u00e9. Heureusement, les chiropraticiens savent que leurs nouveaux patients ont besoin de plus de temps pour poser des questions et parler de leurs probl\u00e8mes. De votre c\u00f4t\u00e9, vous pouvez contribuer au bon d\u00e9roulement de votre premi\u00e8re consultation, notamment en sachant \u00e0 quoi vous attendre.","og_url":"https:\/\/chiropractic.ca\/fr\/les-bienfaits-de-la-chiropratique\/deroulement-de-votre-premiere-consultation-en-chiropratique\/","og_site_name":"Association chiropratique canadienne","article_modified_time":"2024-06-18T19:06:05+00:00","og_image":[{"width":2048,"height":888,"url":"https:\/\/chiropractic.ca\/wp-content\/uploads\/2024\/06\/What-to-expect-at-an-appointment.jpg","type":"image\/jpeg"}],"twitter_card":"summary_large_image","twitter_misc":{"Dur\u00e9e de lecture estim\u00e9e":"3 minutes"},"schema":{"@context":"https:\/\/schema.org","@graph":[{"@type":"WebPage","@id":"https:\/\/chiropractic.ca\/fr\/les-bienfaits-de-la-chiropratique\/deroulement-de-votre-premiere-consultation-en-chiropratique\/","url":"https:\/\/chiropractic.ca\/fr\/les-bienfaits-de-la-chiropratique\/deroulement-de-votre-premiere-consultation-en-chiropratique\/","name":"D\u00e9roulement de votre premi\u00e8re consultation en chiropratique - Association chiropratique canadienne","isPartOf":{"@id":"https:\/\/chiropractic.ca\/fr\/#website"},"primaryImageOfPage":{"@id":"https:\/\/chiropractic.ca\/fr\/les-bienfaits-de-la-chiropratique\/deroulement-de-votre-premiere-consultation-en-chiropratique\/#primaryimage"},"image":{"@id":"https:\/\/chiropractic.ca\/fr\/les-bienfaits-de-la-chiropratique\/deroulement-de-votre-premiere-consultation-en-chiropratique\/#primaryimage"},"thumbnailUrl":"https:\/\/chiropractic.ca\/wp-content\/uploads\/2026\/02\/appointment.jpg","datePublished":"2022-08-24T16:53:24+00:00","dateModified":"2024-06-18T19:06:05+00:00","description":"Il est normal d\u2019avoir des questions avant une premi\u00e8re consultation avec un nouveau professionnel de la sant\u00e9. Heureusement, les chiropraticiens savent que leurs nouveaux patients ont besoin de plus de temps pour poser des questions et parler de leurs probl\u00e8mes. De votre c\u00f4t\u00e9, vous pouvez contribuer au bon d\u00e9roulement de votre premi\u00e8re consultation, notamment en sachant \u00e0 quoi vous attendre.","breadcrumb":{"@id":"https:\/\/chiropractic.ca\/fr\/les-bienfaits-de-la-chiropratique\/deroulement-de-votre-premiere-consultation-en-chiropratique\/#breadcrumb"},"inLanguage":"fr-FR","potentialAction":[{"@type":"ReadAction","target":["https:\/\/chiropractic.ca\/fr\/les-bienfaits-de-la-chiropratique\/deroulement-de-votre-premiere-consultation-en-chiropratique\/"]}]},{"@type":"ImageObject","inLanguage":"fr-FR","@id":"https:\/\/chiropractic.ca\/fr\/les-bienfaits-de-la-chiropratique\/deroulement-de-votre-premiere-consultation-en-chiropratique\/#primaryimage","url":"https:\/\/chiropractic.ca\/wp-content\/uploads\/2026\/02\/appointment.jpg","contentUrl":"https:\/\/chiropractic.ca\/wp-content\/uploads\/2026\/02\/appointment.jpg","width":1190,"height":852},{"@type":"BreadcrumbList","@id":"https:\/\/chiropractic.ca\/fr\/les-bienfaits-de-la-chiropratique\/deroulement-de-votre-premiere-consultation-en-chiropratique\/#breadcrumb","itemListElement":[{"@type":"ListItem","position":1,"name":"Home","item":"https:\/\/chiropractic.ca\/fr\/"},{"@type":"ListItem","position":2,"name":"Les bienfaits de la chiropratique","item":"https:\/\/chiropractic.ca\/fr\/les-bienfaits-de-la-chiropratique\/"},{"@type":"ListItem","position":3,"name":"D\u00e9roulement de votre premi\u00e8re consultation en chiropratique"}]},{"@type":"WebSite","@id":"https:\/\/chiropractic.ca\/fr\/#website","url":"https:\/\/chiropractic.ca\/fr\/","name":"Association chiropratique canadienne","description":"Chiropractors helping Canadians live healthier lives","publisher":{"@id":"https:\/\/chiropractic.ca\/fr\/#organization"},"potentialAction":[{"@type":"SearchAction","target":{"@type":"EntryPoint","urlTemplate":"https:\/\/chiropractic.ca\/fr\/?s={search_term_string}"},"query-input":{"@type":"PropertyValueSpecification","valueRequired":true,"valueName":"search_term_string"}}],"inLanguage":"fr-FR"},{"@type":"Organization","@id":"https:\/\/chiropractic.ca\/fr\/#organization","name":"Association chiropratique canadienne","url":"https:\/\/chiropractic.ca\/fr\/","logo":{"@type":"ImageObject","inLanguage":"fr-FR","@id":"https:\/\/chiropractic.ca\/fr\/#\/schema\/logo\/image\/","url":"https:\/\/chiropractic.ca\/wp-content\/uploads\/2022\/08\/cca-logo.svg","contentUrl":"https:\/\/chiropractic.ca\/wp-content\/uploads\/2022\/08\/cca-logo.svg","width":921,"height":250,"caption":"Association chiropratique canadienne"},"image":{"@id":"https:\/\/chiropractic.ca\/fr\/#\/schema\/logo\/image\/"}}]}},"_links":{"self":[{"href":"https:\/\/chiropractic.ca\/fr\/wp-json\/wp\/v2\/pages\/69889","targetHints":{"allow":["GET"]}}],"collection":[{"href":"https:\/\/chiropractic.ca\/fr\/wp-json\/wp\/v2\/pages"}],"about":[{"href":"https:\/\/chiropractic.ca\/fr\/wp-json\/wp\/v2\/types\/page"}],"author":[{"embeddable":true,"href":"https:\/\/chiropractic.ca\/fr\/wp-json\/wp\/v2\/users\/9"}],"replies":[{"embeddable":true,"href":"https:\/\/chiropractic.ca\/fr\/wp-json\/wp\/v2\/comments?post=69889"}],"version-history":[{"count":7,"href":"https:\/\/chiropractic.ca\/fr\/wp-json\/wp\/v2\/pages\/69889\/revisions"}],"predecessor-version":[{"id":73952,"href":"https:\/\/chiropractic.ca\/fr\/wp-json\/wp\/v2\/pages\/69889\/revisions\/73952"}],"up":[{"embeddable":true,"href":"https:\/\/chiropractic.ca\/fr\/wp-json\/wp\/v2\/pages\/69806"}],"wp:featuredmedia":[{"embeddable":true,"href":"https:\/\/chiropractic.ca\/fr\/wp-json\/wp\/v2\/media\/76843"}],"wp:attachment":[{"href":"https:\/\/chiropractic.ca\/fr\/wp-json\/wp\/v2\/media?parent=69889"}],"wp:term":[{"taxonomy":"page_category","embeddable":true,"href":"https:\/\/chiropractic.ca\/fr\/wp-json\/wp\/v2\/page_category?post=69889"}],"curies":[{"name":"wp","href":"https:\/\/api.w.org\/{rel}","templated":true}]}}