{"id":71150,"date":"2022-11-29T11:18:25","date_gmt":"2022-11-29T16:18:25","guid":{"rendered":"https:\/\/chiropractic.ca\/faq-daide-allez-bougez-canada\/"},"modified":"2022-11-30T09:18:01","modified_gmt":"2022-11-30T14:18:01","slug":"allez-bougez-canada-faq-daide","status":"publish","type":"page","link":"https:\/\/chiropractic.ca\/fr\/allez-bougez-canada-faq-daide\/","title":{"rendered":"FAQ d&#8217;aide : Allez bougez Canada"},"content":{"rendered":"\n<h4 class=\"wp-block-heading\"><strong>Qu\u2019est-ce que l\u2019appli mobile Allez bougez Canada?<\/strong><\/h4>\n\n\n\n<p>L\u2019appli <em>Allez bougez Canada<\/em> a \u00e9t\u00e9 con\u00e7ue pour am\u00e9liorer la posture et la sant\u00e9 vert\u00e9brale Elle comprend 12 courtes vid\u00e9os d\u2019exercice, ainsi qu\u2019un outil de suivi de vos progr\u00e8s que vous pouvez partager dans les m\u00e9dias sociaux. Elle offre aussi la fonction Trouver un chiropraticien qui vous permet de localiser les chiropraticiens pr\u00e8s de chez vous.<\/p>\n\n\n\n<p><strong>Comment la t\u00e9l\u00e9charger?<\/strong><\/p>\n\n\n\n<p>L\u2019appli Allez bougez Canada convient aux appareils iOS et Android. Vous pouvez la t\u00e9l\u00e9charger gratuitement \u00e0 partir de l\u2019App Store de votre appareil iOS ou du Google Play Store de votre appareil Android.<\/p>\n\n\n\n<p><strong>Combien co\u00fbte l\u2019appli Allez bougez Canada?<\/strong><\/p>\n\n\n\n<p>L\u2019appli est gratuite.<\/p>\n\n\n\n<p><strong> <\/strong><strong>Combien de temps faut-il pour faire ces exercices?<\/strong><\/p>\n\n\n\n<p>C\u2019est l\u00e0 la beaut\u00e9 de cette appli. Avec un peu de pratique, il ne vous faudra que quelques minutes par jour pour effectuer ces exercices d\u2019\u00e9tirement tout simples.<\/p>\n\n\n\n<p><strong>A-t-il \u00e9t\u00e9 d\u00e9montr\u00e9 que cette appli am\u00e9liore la posture?<\/strong><\/p>\n\n\n\n<p>Cette appli vient tout juste d\u2019\u00eatre lanc\u00e9e, mais elle s\u2019inspire du programme Straighten Up cr\u00e9\u00e9 aux \u00c9tats-Unis en 2005. Or, une \u00e9tude am\u00e9ricaine a constat\u00e9 que l\u2019ex\u00e9cution des exercices du programme tous les jours durant cinq semaines cons\u00e9cutives contribuait \u00e0 am\u00e9liorer la posture, \u00e0 renforcer les principaux muscles posturaux et \u00e0 se sentir mieux.<\/p>\n\n\n\n<p><strong>Comment puis-je suivre mes progr\u00e8s?<\/strong><\/p>\n\n\n\n<p>Pour suivre vos progr\u00e8s, utilisez la fonctionnalit\u00e9 de Suivi. Cette page affiche une interface de calendrier. Vous pouvez enregistrer chaque s\u00e9ance d\u2019exercices quotidienne en touchant la date, puis en cliquant sur \u00ab Enregistrer et quitter \u00bb. Si vous oubliez de consigner une s\u00e9ance d\u2019exercices, vous pouvez revenir \u00e0 cette date et l\u2019enregistrer. Une fois la s\u00e9ance enregistr\u00e9e, vous pouvez suivre vos progr\u00e8s \u00e0 l\u2019aide du graphique qui se trouve juste sous le calendrier.<\/p>\n\n\n\n<p><strong> <\/strong><strong>Comment fonctionne le moteur de recherche Trouver un chiropraticien?<\/strong><\/p>\n\n\n\n<p>C\u2019est simple! Pour trouver un chiropraticien \u00e0 proximit\u00e9, vous n\u2019avez qu\u2019\u00e0 utiliser le lieu o\u00f9 vous vous trouvez actuellement ou \u00e0 entrer un code postal. Vous pouvez \u00e9galement effectuer une recherche par pr\u00e9nom, nom, ville ou province.<\/p>\n\n\n\n<p><strong>Pourquoi ne puis-je pas retrouver l\u2019information sur les chiropraticiens que j\u2019ai obtenue la premi\u00e8re fois que j\u2019ai utilis\u00e9 la fonction Trouver un chiropraticien?<\/strong><\/p>\n\n\n\n<p>L\u2019appli g\u00e9n\u00e8re de mani\u00e8re al\u00e9atoire une liste des chiropraticiens qui r\u00e9pondent \u00e0 vos param\u00e8tres de recherche. Les r\u00e9sultats peuvent varier \u00e0 chaque recherche.<\/p>\n\n\n\n<p><strong>L\u2019appli est-elle disponible dans une autre langue que l\u2019anglais?<\/strong><\/p>\n\n\n\n<p>Oui, l\u2019appli est actuellement disponible en fran\u00e7ais et en anglais.<\/p>\n\n\n\n<p><strong>Pourquoi l\u2019appli ne fonctionne-t-elle pas sur mon appareil iOS?<\/strong><\/p>\n\n\n\n<p>L\u2019appli peut ne pas fonctionner sur votre appareil iOS pour plusieurs raisons. L\u2019une d\u2019elles est que l\u2019appli a \u00e9t\u00e9 configur\u00e9e pour le syst\u00e8me iOS 7.0 et les suivants. Si votre appareil est dot\u00e9 d\u2019une version ant\u00e9rieure d\u2019iOS, il se peut que l\u2019appli fonctionne moins bien.<\/p>\n\n\n\n<p><strong>O\u00f9 puis-je rapporter un probl\u00e8me technique li\u00e9 \u00e0 l\u2019appli?<\/strong><\/p>\n\n\n\n<p>Vous pouvez rapporter tout probl\u00e8me technique \u00e0 l\u2019aide du Rapport de probl\u00e8me, que vous transmettez \u00e0 <a href=\"mailto:info@chiropractic.ca\">info@chiropractic.ca<\/a>. En plus des difficult\u00e9s rencontr\u00e9es, pr\u00e9cisez le mod\u00e8le de l\u2019appareil, l\u2019iOS et ce que vous avez fait.<\/p>\n\n\n\n<p><strong>\u00c0 qui puis-je m\u2019adresser si j\u2019ai une question ou une suggestion sur l\u2019appli?<\/strong><\/p>\n\n\n\n<p>Vous pouvez envoyer toute question ou suggestion \u00e0 <a href=\"mailto:info@chiropractic.ca\">info@chiropractic.ca<\/a>.<\/p>\n\n\n\n<p><strong>Dans quelle mesure mes activit\u00e9s courantes affectent-elles ma posture?<\/strong><\/p>\n\n\n\n<p>Une mauvaise posture peut \u00eatre caus\u00e9e par :<\/p>\n\n\n\n<ul class=\"wp-block-list\">\n<li>De longues p\u00e9riodes d\u2019inactivit\u00e9<\/li>\n\n\n\n<li>Le fait de travailler pench\u00e9 sur le bureau, l\u2019ordinateur ou un appareil mobile<\/li>\n\n\n\n<li>Les emplois qui comportent des activit\u00e9s r\u00e9p\u00e9titives et physiquement exigeantes, notamment l\u2019action de se pencher vers l\u2019avant ou de soulever des charges<\/li>\n<\/ul>\n\n\n\n<p><strong>Qui peut pr\u00e9senter une mauvaise posture?<\/strong><\/p>\n\n\n\n<p>Tout le monde, \u00e0 tout \u00e2ge, peut pr\u00e9senter des probl\u00e8mes de posture.<\/p>\n\n\n\n<p><strong>Quels sont les avantages d\u2019une posture plus solide et d\u2019une meilleure sant\u00e9 vert\u00e9brale?<\/strong><\/p>\n\n\n\n<p>Les avantages d\u2019une bonne posture sont multiples :<\/p>\n\n\n\n<ul class=\"wp-block-list\">\n<li>Maintien de l\u2019alignement des os et des articulations, de sorte que les muscles bougent plus efficacement<\/li>\n\n\n\n<li>Besoins moindres en \u00e9nergie pour accomplir les t\u00e2ches courantes<\/li>\n\n\n\n<li>Diminution de l\u2019usure des articulations, cause potentielle de l\u2019arthrite<\/li>\n\n\n\n<li>Diminution de la tension exerc\u00e9e sur les ligaments qui maintiennent ensemble les articulations de la colonne<\/li>\n\n\n\n<li>Pr\u00e9vention des douleurs dorsales et musculaires<\/li>\n\n\n\n<li>Augmentation de la souplesse de la tol\u00e9rance de la colonne \u00e0 la tension<\/li>\n\n\n\n<li>Apparence plus agr\u00e9able!<\/li>\n<\/ul>\n","protected":false},"excerpt":{"rendered":"<p>Qu\u2019est-ce que l\u2019appli mobile Allez bougez Canada? L\u2019appli Allez bougez Canada a \u00e9t\u00e9 con\u00e7ue pour am\u00e9liorer la posture et la sant\u00e9 vert\u00e9brale Elle comprend 12 courtes vid\u00e9os d\u2019exercice, ainsi qu\u2019un outil de suivi de vos progr\u00e8s que vous pouvez partager dans les m\u00e9dias sociaux. Elle offre aussi la fonction Trouver un chiropraticien qui vous permet [&hellip;]<\/p>\n","protected":false},"author":13548,"featured_media":0,"parent":0,"menu_order":43,"comment_status":"closed","ping_status":"closed","template":"","meta":{"_acf_changed":false,"_relevanssi_hide_post":"","_relevanssi_hide_content":"","_relevanssi_pin_for_all":"","_relevanssi_pin_keywords":"","_relevanssi_unpin_keywords":"","_relevanssi_related_keywords":"","_relevanssi_related_include_ids":"","_relevanssi_related_exclude_ids":"","_relevanssi_related_no_append":"","_relevanssi_related_not_related":"","_relevanssi_related_posts":"69307,69977,71031","_relevanssi_noindex_reason":"","footnotes":""},"page_category":[2922],"class_list":["post-71150","page","type-page","status-publish","hentry","page_category-straighten-up"],"blocksy_meta":{"styles_descriptor":{"styles":{"desktop":"","tablet":"","mobile":""},"google_fonts":[],"version":6}},"acf":[],"yoast_head":"<!-- This site is optimized with the Yoast SEO plugin v27.3 - https:\/\/yoast.com\/product\/yoast-seo-wordpress\/ -->\n<title>Association chiropratique canadienne<\/title>\n<meta name=\"description\" content=\"Qu\u2019est-ce que l\u2019appli mobile Allez bougez Canada? L\u2019appli Allez bougez Canada a \u00e9t\u00e9 con\u00e7ue pour am\u00e9liorer la posture et la sant\u00e9 vert\u00e9brale Elle comprend\" \/>\n<meta name=\"robots\" content=\"index, follow, max-snippet:-1, max-image-preview:large, max-video-preview:-1\" \/>\n<link rel=\"canonical\" href=\"https:\/\/chiropractic.ca\/fr\/allez-bougez-canada-faq-daide\/\" \/>\n<meta property=\"og:locale\" content=\"fr_FR\" \/>\n<meta property=\"og:type\" content=\"article\" \/>\n<meta property=\"og:title\" content=\"FAQ d&#039;aide : Allez bougez Canada - Association chiropratique canadienne\" \/>\n<meta property=\"og:description\" content=\"Qu\u2019est-ce que l\u2019appli mobile Allez bougez Canada? L\u2019appli Allez bougez Canada a \u00e9t\u00e9 con\u00e7ue pour am\u00e9liorer la posture et la sant\u00e9 vert\u00e9brale Elle comprend\" \/>\n<meta property=\"og:url\" content=\"https:\/\/chiropractic.ca\/fr\/allez-bougez-canada-faq-daide\/\" \/>\n<meta property=\"og:site_name\" content=\"Association chiropratique canadienne\" \/>\n<meta property=\"article:modified_time\" content=\"2022-11-30T14:18:01+00:00\" \/>\n<meta name=\"twitter:card\" content=\"summary_large_image\" \/>\n<meta name=\"twitter:label1\" content=\"Dur\u00e9e de lecture estim\u00e9e\" \/>\n\t<meta name=\"twitter:data1\" content=\"4 minutes\" \/>\n<script type=\"application\/ld+json\" class=\"yoast-schema-graph\">{\"@context\":\"https:\\\/\\\/schema.org\",\"@graph\":[{\"@type\":\"WebPage\",\"@id\":\"https:\\\/\\\/chiropractic.ca\\\/fr\\\/allez-bougez-canada-faq-daide\\\/\",\"url\":\"https:\\\/\\\/chiropractic.ca\\\/fr\\\/allez-bougez-canada-faq-daide\\\/\",\"name\":\"FAQ d'aide : Allez bougez Canada - Association chiropratique canadienne\",\"isPartOf\":{\"@id\":\"https:\\\/\\\/chiropractic.ca\\\/fr\\\/#website\"},\"datePublished\":\"2022-11-29T16:18:25+00:00\",\"dateModified\":\"2022-11-30T14:18:01+00:00\",\"description\":\"Qu\u2019est-ce que l\u2019appli mobile Allez bougez Canada? L\u2019appli Allez bougez Canada a \u00e9t\u00e9 con\u00e7ue pour am\u00e9liorer la posture et la sant\u00e9 vert\u00e9brale Elle comprend\",\"breadcrumb\":{\"@id\":\"https:\\\/\\\/chiropractic.ca\\\/fr\\\/allez-bougez-canada-faq-daide\\\/#breadcrumb\"},\"inLanguage\":\"fr-FR\",\"potentialAction\":[{\"@type\":\"ReadAction\",\"target\":[\"https:\\\/\\\/chiropractic.ca\\\/fr\\\/allez-bougez-canada-faq-daide\\\/\"]}]},{\"@type\":\"BreadcrumbList\",\"@id\":\"https:\\\/\\\/chiropractic.ca\\\/fr\\\/allez-bougez-canada-faq-daide\\\/#breadcrumb\",\"itemListElement\":[{\"@type\":\"ListItem\",\"position\":1,\"name\":\"Home\",\"item\":\"https:\\\/\\\/chiropractic.ca\\\/fr\\\/\"},{\"@type\":\"ListItem\",\"position\":2,\"name\":\"FAQ d&#8217;aide : Allez bougez Canada\"}]},{\"@type\":\"WebSite\",\"@id\":\"https:\\\/\\\/chiropractic.ca\\\/fr\\\/#website\",\"url\":\"https:\\\/\\\/chiropractic.ca\\\/fr\\\/\",\"name\":\"Association chiropratique canadienne\",\"description\":\"Chiropractors helping Canadians live healthier lives\",\"publisher\":{\"@id\":\"https:\\\/\\\/chiropractic.ca\\\/fr\\\/#organization\"},\"potentialAction\":[{\"@type\":\"SearchAction\",\"target\":{\"@type\":\"EntryPoint\",\"urlTemplate\":\"https:\\\/\\\/chiropractic.ca\\\/fr\\\/?s={search_term_string}\"},\"query-input\":{\"@type\":\"PropertyValueSpecification\",\"valueRequired\":true,\"valueName\":\"search_term_string\"}}],\"inLanguage\":\"fr-FR\"},{\"@type\":\"Organization\",\"@id\":\"https:\\\/\\\/chiropractic.ca\\\/fr\\\/#organization\",\"name\":\"Association chiropratique canadienne\",\"url\":\"https:\\\/\\\/chiropractic.ca\\\/fr\\\/\",\"logo\":{\"@type\":\"ImageObject\",\"inLanguage\":\"fr-FR\",\"@id\":\"https:\\\/\\\/chiropractic.ca\\\/fr\\\/#\\\/schema\\\/logo\\\/image\\\/\",\"url\":\"https:\\\/\\\/chiropractic.ca\\\/wp-content\\\/uploads\\\/2022\\\/08\\\/cca-logo.svg\",\"contentUrl\":\"https:\\\/\\\/chiropractic.ca\\\/wp-content\\\/uploads\\\/2022\\\/08\\\/cca-logo.svg\",\"width\":921,\"height\":250,\"caption\":\"Association chiropratique canadienne\"},\"image\":{\"@id\":\"https:\\\/\\\/chiropractic.ca\\\/fr\\\/#\\\/schema\\\/logo\\\/image\\\/\"}}]}<\/script>\n<!-- \/ Yoast SEO plugin. -->","yoast_head_json":{"title":"Association chiropratique canadienne","description":"Qu\u2019est-ce que l\u2019appli mobile Allez bougez Canada? L\u2019appli Allez bougez Canada a \u00e9t\u00e9 con\u00e7ue pour am\u00e9liorer la posture et la sant\u00e9 vert\u00e9brale Elle comprend","robots":{"index":"index","follow":"follow","max-snippet":"max-snippet:-1","max-image-preview":"max-image-preview:large","max-video-preview":"max-video-preview:-1"},"canonical":"https:\/\/chiropractic.ca\/fr\/allez-bougez-canada-faq-daide\/","og_locale":"fr_FR","og_type":"article","og_title":"FAQ d'aide : Allez bougez Canada - Association chiropratique canadienne","og_description":"Qu\u2019est-ce que l\u2019appli mobile Allez bougez Canada? L\u2019appli Allez bougez Canada a \u00e9t\u00e9 con\u00e7ue pour am\u00e9liorer la posture et la sant\u00e9 vert\u00e9brale Elle comprend","og_url":"https:\/\/chiropractic.ca\/fr\/allez-bougez-canada-faq-daide\/","og_site_name":"Association chiropratique canadienne","article_modified_time":"2022-11-30T14:18:01+00:00","twitter_card":"summary_large_image","twitter_misc":{"Dur\u00e9e de lecture estim\u00e9e":"4 minutes"},"schema":{"@context":"https:\/\/schema.org","@graph":[{"@type":"WebPage","@id":"https:\/\/chiropractic.ca\/fr\/allez-bougez-canada-faq-daide\/","url":"https:\/\/chiropractic.ca\/fr\/allez-bougez-canada-faq-daide\/","name":"FAQ d'aide : Allez bougez Canada - Association chiropratique canadienne","isPartOf":{"@id":"https:\/\/chiropractic.ca\/fr\/#website"},"datePublished":"2022-11-29T16:18:25+00:00","dateModified":"2022-11-30T14:18:01+00:00","description":"Qu\u2019est-ce que l\u2019appli mobile Allez bougez Canada? L\u2019appli Allez bougez Canada a \u00e9t\u00e9 con\u00e7ue pour am\u00e9liorer la posture et la sant\u00e9 vert\u00e9brale Elle comprend","breadcrumb":{"@id":"https:\/\/chiropractic.ca\/fr\/allez-bougez-canada-faq-daide\/#breadcrumb"},"inLanguage":"fr-FR","potentialAction":[{"@type":"ReadAction","target":["https:\/\/chiropractic.ca\/fr\/allez-bougez-canada-faq-daide\/"]}]},{"@type":"BreadcrumbList","@id":"https:\/\/chiropractic.ca\/fr\/allez-bougez-canada-faq-daide\/#breadcrumb","itemListElement":[{"@type":"ListItem","position":1,"name":"Home","item":"https:\/\/chiropractic.ca\/fr\/"},{"@type":"ListItem","position":2,"name":"FAQ d&#8217;aide : Allez bougez Canada"}]},{"@type":"WebSite","@id":"https:\/\/chiropractic.ca\/fr\/#website","url":"https:\/\/chiropractic.ca\/fr\/","name":"Association chiropratique canadienne","description":"Chiropractors helping Canadians live healthier lives","publisher":{"@id":"https:\/\/chiropractic.ca\/fr\/#organization"},"potentialAction":[{"@type":"SearchAction","target":{"@type":"EntryPoint","urlTemplate":"https:\/\/chiropractic.ca\/fr\/?s={search_term_string}"},"query-input":{"@type":"PropertyValueSpecification","valueRequired":true,"valueName":"search_term_string"}}],"inLanguage":"fr-FR"},{"@type":"Organization","@id":"https:\/\/chiropractic.ca\/fr\/#organization","name":"Association chiropratique canadienne","url":"https:\/\/chiropractic.ca\/fr\/","logo":{"@type":"ImageObject","inLanguage":"fr-FR","@id":"https:\/\/chiropractic.ca\/fr\/#\/schema\/logo\/image\/","url":"https:\/\/chiropractic.ca\/wp-content\/uploads\/2022\/08\/cca-logo.svg","contentUrl":"https:\/\/chiropractic.ca\/wp-content\/uploads\/2022\/08\/cca-logo.svg","width":921,"height":250,"caption":"Association chiropratique canadienne"},"image":{"@id":"https:\/\/chiropractic.ca\/fr\/#\/schema\/logo\/image\/"}}]}},"_links":{"self":[{"href":"https:\/\/chiropractic.ca\/fr\/wp-json\/wp\/v2\/pages\/71150","targetHints":{"allow":["GET"]}}],"collection":[{"href":"https:\/\/chiropractic.ca\/fr\/wp-json\/wp\/v2\/pages"}],"about":[{"href":"https:\/\/chiropractic.ca\/fr\/wp-json\/wp\/v2\/types\/page"}],"author":[{"embeddable":true,"href":"https:\/\/chiropractic.ca\/fr\/wp-json\/wp\/v2\/users\/13548"}],"replies":[{"embeddable":true,"href":"https:\/\/chiropractic.ca\/fr\/wp-json\/wp\/v2\/comments?post=71150"}],"version-history":[{"count":2,"href":"https:\/\/chiropractic.ca\/fr\/wp-json\/wp\/v2\/pages\/71150\/revisions"}],"predecessor-version":[{"id":71470,"href":"https:\/\/chiropractic.ca\/fr\/wp-json\/wp\/v2\/pages\/71150\/revisions\/71470"}],"wp:attachment":[{"href":"https:\/\/chiropractic.ca\/fr\/wp-json\/wp\/v2\/media?parent=71150"}],"wp:term":[{"taxonomy":"page_category","embeddable":true,"href":"https:\/\/chiropractic.ca\/fr\/wp-json\/wp\/v2\/page_category?post=71150"}],"curies":[{"name":"wp","href":"https:\/\/api.w.org\/{rel}","templated":true}]}}