{"id":72955,"date":"2023-08-25T11:03:47","date_gmt":"2023-08-25T15:03:47","guid":{"rendered":"https:\/\/chiropractic.ca\/coalition-des-professionnels-de-la-sante-ehpc\/"},"modified":"2025-03-25T10:31:18","modified_gmt":"2025-03-25T14:31:18","slug":"coalition-des-professionnels-de-la-sante-ehpc","status":"publish","type":"page","link":"https:\/\/chiropractic.ca\/fr\/coalition-des-professionnels-de-la-sante-ehpc\/","title":{"rendered":"Coalition des professionnels de la sant\u00e9 (EHPC)"},"content":{"rendered":"<header class=\"hero hero-large alignfull\"><div class=\"ct-container\"><figure class=\"animated fadeIn\"><div class=\"ct-media-container\"><img decoding=\"async\" width=\"1873\" height=\"624\" src=\"https:\/\/chiropractic.ca\/wp-content\/uploads\/2023\/08\/EHPC-Page-Banner2.png\" class=\"attachment-full size-full\" alt=\"People in a meeting table discussing\" srcset=\"https:\/\/chiropractic.ca\/wp-content\/uploads\/2023\/08\/EHPC-Page-Banner2.png 1873w, https:\/\/chiropractic.ca\/wp-content\/uploads\/2023\/08\/EHPC-Page-Banner2-400x133.png 400w, https:\/\/chiropractic.ca\/wp-content\/uploads\/2023\/08\/EHPC-Page-Banner2-1024x341.png 1024w, https:\/\/chiropractic.ca\/wp-content\/uploads\/2023\/08\/EHPC-Page-Banner2-768x256.png 768w, https:\/\/chiropractic.ca\/wp-content\/uploads\/2023\/08\/EHPC-Page-Banner2-1536x512.png 1536w\" sizes=\"(max-width: 1873px) 100vw, 1873px\" style=\"aspect-ratio: 16\/9;\" \/><\/div><\/figure><div class=\"wp-block-columns is-not-stacked-on-mobile\"><div class=\"wp-block-column\" style=\"flex-basis: 55%;\"><h1 class=\"animated fadeIn\">Coalition des professionnels de la sant\u00e9 (EHPC)<\/h1><\/div><div class=\"wp-block-column\"><\/div><\/div><\/div><div class=\"shape-divider-bottom\">\n\t\t\t\t<svg xmlns=\"http:\/\/www.w3.org\/2000\/svg\" viewBox=\"0 0 2419.94 122.9\"><path id=\"Path_240\" class=\"cls-1\" d=\"M0,49.78C124.41-31.69,584.23,5.21,823.77,32.17c239.54,26.96,751.95,124.97,1269.64,17.61,58.43-12.12,280.19-83,319.61-18.2,7.57,12.44,9.72,32.23,2.36,48.08-21.49,46.26-117.05,43.59-150,43-136.67-2.44-1027.9-1.62-2262-1L0,49.78Z\"\/><\/svg>\n\t\t\t\t<\/div><\/header><div class=\"is-style-lead-text\" aria-hidden=\"true\" content-device=\"mobile\"><\/div>\n\n\n<figure class=\"wp-block-image aligncenter size-full\"><img decoding=\"async\" width=\"710\" height=\"260\" src=\"https:\/\/chiropractic.ca\/wp-content\/uploads\/2023\/08\/EHPC_mainLP.png\" alt=\"\" class=\"wp-image-72926\" srcset=\"https:\/\/chiropractic.ca\/wp-content\/uploads\/2023\/08\/EHPC_mainLP.png 710w, https:\/\/chiropractic.ca\/wp-content\/uploads\/2023\/08\/EHPC_mainLP-400x146.png 400w\" sizes=\"(max-width: 710px) 100vw, 710px\" \/><\/figure>\n\n\n\n<div class=\"wp-block-columns is-layout-flex wp-container-core-columns-is-layout-28f84493 wp-block-columns-is-layout-flex\">\n<div class=\"wp-block-column is-layout-flow wp-block-column-is-layout-flow\">\n<p>La Extended Healthcare Professionals Coalition (EHPC) est un regroupement d\u2019organisations repr\u00e9sentant plus de 100 000 professions de la sant\u00e9 r\u00e9glement\u00e9es qui composent le paysage des soins de sant\u00e9 canadiens, parmi lesquels les audiologistes, les chiropraticiens, les hygi\u00e9nistes dentaires, les dentistes, les denturologistes, les di\u00e9t\u00e9tistes, les ergoth\u00e9rapeutes, les optom\u00e9tristes, les physioth\u00e9rapeutes, les psychologues, les orthophonistes et les travailleurs sociaux.<\/p>\n\n\n\n<p>\u00c0 titre de professionnels r\u00e9glement\u00e9s, ces praticiens jouent un r\u00f4le vital dans l\u2019\u00e9quipe de soins de sant\u00e9 de chaque Canadien et veillent \u00e0 ce que les traitements soient re\u00e7us en temps opportun. L\u2019EHPC s\u2019exprime d\u2019une seule voix pour s\u2019assurer que les services de soins de sant\u00e9 fournis dans les services publics et priv\u00e9s sont pleinement reconnus par les intervenants et les d\u00e9cideurs, et qu\u2019ils soient accessibles au public canadien.<\/p>\n<\/div>\n\n\n\n<div class=\"wp-block-column has-palette-color-6-background-color has-background has-wpc-default-font-size is-layout-flow wp-container-core-column-is-layout-5411be76 wp-block-column-is-layout-flow\" style=\"padding-top:var(--wp--preset--spacing--50);padding-right:var(--wp--preset--spacing--40);padding-bottom:var(--wp--preset--spacing--50);padding-left:var(--wp--preset--spacing--40)\">\n<h3 class=\"wp-block-heading\">\u00c9nonc\u00e9s\/Renonciations<\/h3>\n\n\n\n<ul class=\"wp-block-list\">\n<li>29 mars 2023<br><a href=\"https:\/\/chiropractic.ca\/wp-content\/uploads\/2023\/08\/EHPC_mar2023_Budget_Response_FR.pdf\">R\u00e9ponse budg\u00e9taire 2023 &#8211; L&#8217;EHPC identifie un manque de financement cibl\u00e9 pour les \u00e9quipes interprofessionnelles de soins de sant\u00e9<\/a><\/li>\n\n\n\n<li>22 septembre 2022<br><a href=\"https:\/\/chiropractic.ca\/wp-content\/uploads\/2023\/08\/EHPC_Sep2022_policy_priorities_FINAL_FR.pdf\">Les professionnels de la sant\u00e9 \u00e9tablissent les priorit\u00e9s strat\u00e9giques de l\u2019automne<\/a><\/li>\n<\/ul>\n\n\n\n<h3 class=\"wp-block-heading\">Soumissions gouvernementales<\/h3>\n\n\n\n<ul class=\"wp-block-list\">\n<li><a href=\"https:\/\/chiropractic.ca\/wp-content\/uploads\/2023\/08\/EHPC_2021_Pre-Budget_Consultation_FRN_.pdf\">Soumission pr\u00e9budg\u00e9taire EHPC 2023<\/a><\/li>\n\n\n\n<li>10 avril 2020<br><a href=\"https:\/\/chiropractic.ca\/wp-content\/uploads\/2023\/08\/EHPC_av2020_Demande_de_briefing_technique_conjoint_COVID-19.pdf\">Demande de briefing technique conjoint \u2014 Plan de r\u00e9ponse \u00e9conomique \u00e0 la COVID-19<\/a><\/li>\n<\/ul>\n\n\n\n<h3 class=\"wp-block-heading\">Collaborations\/Partenariats<\/h3>\n\n\n\n<ul class=\"wp-block-list\">\n<li><a href=\"https:\/\/www.canada.ca\/fr\/sante-canada\/nouvelles\/2022\/11\/coalition-daction-pour-les-travailleurs-de-la-sante.html\">Coalition d&#8217;action pour les travailleurs de la sant\u00e9<\/a><\/li>\n<\/ul>\n<\/div>\n<\/div>\n","protected":false},"excerpt":{"rendered":"<p>La Extended Healthcare Professionals Coalition (EHPC) est un regroupement d\u2019organisations repr\u00e9sentant plus de 100 000 professions de la sant\u00e9 r\u00e9glement\u00e9es qui composent le paysage des soins de sant\u00e9 canadiens, parmi lesquels les audiologistes, les chiropraticiens, les hygi\u00e9nistes dentaires, les dentistes, les denturologistes, les di\u00e9t\u00e9tistes, les ergoth\u00e9rapeutes, les optom\u00e9tristes, les physioth\u00e9rapeutes, les psychologues, les orthophonistes et [&hellip;]<\/p>\n","protected":false},"author":9,"featured_media":72933,"parent":0,"menu_order":0,"comment_status":"closed","ping_status":"closed","template":"","meta":{"_acf_changed":false,"_relevanssi_hide_post":"","_relevanssi_hide_content":"","_relevanssi_pin_for_all":"","_relevanssi_pin_keywords":"","_relevanssi_unpin_keywords":"","_relevanssi_related_keywords":"","_relevanssi_related_include_ids":"","_relevanssi_related_exclude_ids":"","_relevanssi_related_no_append":"","_relevanssi_related_not_related":"","_relevanssi_related_posts":"67228,47228,67237,47327,16573,71584","_relevanssi_noindex_reason":"","footnotes":""},"page_category":[],"class_list":["post-72955","page","type-page","status-publish","has-post-thumbnail","hentry"],"blocksy_meta":[],"acf":[],"yoast_head":"<!-- This site is optimized with the Yoast SEO plugin v27.4 - https:\/\/yoast.com\/product\/yoast-seo-wordpress\/ -->\n<title>Association chiropratique canadienne<\/title>\n<meta name=\"description\" content=\"La Extended Healthcare Professionals Coalition (EHPC) est un regroupement d\u2019organisations repr\u00e9sentant plus de 100 000 professions de la sant\u00e9\" \/>\n<meta name=\"robots\" content=\"index, follow, max-snippet:-1, max-image-preview:large, max-video-preview:-1\" \/>\n<link rel=\"canonical\" href=\"https:\/\/chiropractic.ca\/fr\/coalition-des-professionnels-de-la-sante-ehpc\/\" \/>\n<meta property=\"og:locale\" content=\"fr_FR\" \/>\n<meta property=\"og:type\" content=\"article\" \/>\n<meta property=\"og:title\" content=\"Coalition des professionnels de la sant\u00e9 (EHPC) - Association chiropratique canadienne\" \/>\n<meta property=\"og:description\" content=\"La Extended Healthcare Professionals Coalition (EHPC) est un regroupement d\u2019organisations repr\u00e9sentant plus de 100 000 professions de la sant\u00e9\" \/>\n<meta property=\"og:url\" content=\"https:\/\/chiropractic.ca\/fr\/coalition-des-professionnels-de-la-sante-ehpc\/\" \/>\n<meta property=\"og:site_name\" content=\"Association chiropratique canadienne\" \/>\n<meta property=\"article:modified_time\" content=\"2025-03-25T14:31:18+00:00\" \/>\n<meta property=\"og:image\" content=\"https:\/\/chiropractic.ca\/wp-content\/uploads\/2023\/08\/EHPC-Page-Banner2.png\" \/>\n\t<meta property=\"og:image:width\" content=\"1873\" \/>\n\t<meta property=\"og:image:height\" content=\"624\" \/>\n\t<meta property=\"og:image:type\" content=\"image\/png\" \/>\n<meta name=\"twitter:card\" content=\"summary_large_image\" \/>\n<meta name=\"twitter:label1\" content=\"Dur\u00e9e de lecture estim\u00e9e\" \/>\n\t<meta name=\"twitter:data1\" content=\"1 minute\" \/>\n<script type=\"application\/ld+json\" class=\"yoast-schema-graph\">{\"@context\":\"https:\\\/\\\/schema.org\",\"@graph\":[{\"@type\":\"WebPage\",\"@id\":\"https:\\\/\\\/chiropractic.ca\\\/fr\\\/coalition-des-professionnels-de-la-sante-ehpc\\\/\",\"url\":\"https:\\\/\\\/chiropractic.ca\\\/fr\\\/coalition-des-professionnels-de-la-sante-ehpc\\\/\",\"name\":\"Coalition des professionnels de la sant\u00e9 (EHPC) - Association chiropratique canadienne\",\"isPartOf\":{\"@id\":\"https:\\\/\\\/chiropractic.ca\\\/fr\\\/#website\"},\"primaryImageOfPage\":{\"@id\":\"https:\\\/\\\/chiropractic.ca\\\/fr\\\/coalition-des-professionnels-de-la-sante-ehpc\\\/#primaryimage\"},\"image\":{\"@id\":\"https:\\\/\\\/chiropractic.ca\\\/fr\\\/coalition-des-professionnels-de-la-sante-ehpc\\\/#primaryimage\"},\"thumbnailUrl\":\"https:\\\/\\\/chiropractic.ca\\\/wp-content\\\/uploads\\\/2023\\\/08\\\/EHPC-Page-Banner2.png\",\"datePublished\":\"2023-08-25T15:03:47+00:00\",\"dateModified\":\"2025-03-25T14:31:18+00:00\",\"description\":\"La Extended Healthcare Professionals Coalition (EHPC) est un regroupement d\u2019organisations repr\u00e9sentant plus de 100 000 professions de la sant\u00e9\",\"breadcrumb\":{\"@id\":\"https:\\\/\\\/chiropractic.ca\\\/fr\\\/coalition-des-professionnels-de-la-sante-ehpc\\\/#breadcrumb\"},\"inLanguage\":\"fr-FR\",\"potentialAction\":[{\"@type\":\"ReadAction\",\"target\":[\"https:\\\/\\\/chiropractic.ca\\\/fr\\\/coalition-des-professionnels-de-la-sante-ehpc\\\/\"]}]},{\"@type\":\"ImageObject\",\"inLanguage\":\"fr-FR\",\"@id\":\"https:\\\/\\\/chiropractic.ca\\\/fr\\\/coalition-des-professionnels-de-la-sante-ehpc\\\/#primaryimage\",\"url\":\"https:\\\/\\\/chiropractic.ca\\\/wp-content\\\/uploads\\\/2023\\\/08\\\/EHPC-Page-Banner2.png\",\"contentUrl\":\"https:\\\/\\\/chiropractic.ca\\\/wp-content\\\/uploads\\\/2023\\\/08\\\/EHPC-Page-Banner2.png\",\"width\":1873,\"height\":624,\"caption\":\"People in a meeting table discussing\"},{\"@type\":\"BreadcrumbList\",\"@id\":\"https:\\\/\\\/chiropractic.ca\\\/fr\\\/coalition-des-professionnels-de-la-sante-ehpc\\\/#breadcrumb\",\"itemListElement\":[{\"@type\":\"ListItem\",\"position\":1,\"name\":\"Home\",\"item\":\"https:\\\/\\\/chiropractic.ca\\\/fr\\\/\"},{\"@type\":\"ListItem\",\"position\":2,\"name\":\"Coalition des professionnels de la sant\u00e9 (EHPC)\"}]},{\"@type\":\"WebSite\",\"@id\":\"https:\\\/\\\/chiropractic.ca\\\/fr\\\/#website\",\"url\":\"https:\\\/\\\/chiropractic.ca\\\/fr\\\/\",\"name\":\"Association chiropratique canadienne\",\"description\":\"Chiropractors helping Canadians live healthier lives\",\"publisher\":{\"@id\":\"https:\\\/\\\/chiropractic.ca\\\/fr\\\/#organization\"},\"potentialAction\":[{\"@type\":\"SearchAction\",\"target\":{\"@type\":\"EntryPoint\",\"urlTemplate\":\"https:\\\/\\\/chiropractic.ca\\\/fr\\\/?s={search_term_string}\"},\"query-input\":{\"@type\":\"PropertyValueSpecification\",\"valueRequired\":true,\"valueName\":\"search_term_string\"}}],\"inLanguage\":\"fr-FR\"},{\"@type\":\"Organization\",\"@id\":\"https:\\\/\\\/chiropractic.ca\\\/fr\\\/#organization\",\"name\":\"Association chiropratique canadienne\",\"url\":\"https:\\\/\\\/chiropractic.ca\\\/fr\\\/\",\"logo\":{\"@type\":\"ImageObject\",\"inLanguage\":\"fr-FR\",\"@id\":\"https:\\\/\\\/chiropractic.ca\\\/fr\\\/#\\\/schema\\\/logo\\\/image\\\/\",\"url\":\"https:\\\/\\\/chiropractic.ca\\\/wp-content\\\/uploads\\\/2022\\\/08\\\/cca-logo.svg\",\"contentUrl\":\"https:\\\/\\\/chiropractic.ca\\\/wp-content\\\/uploads\\\/2022\\\/08\\\/cca-logo.svg\",\"width\":921,\"height\":250,\"caption\":\"Association chiropratique canadienne\"},\"image\":{\"@id\":\"https:\\\/\\\/chiropractic.ca\\\/fr\\\/#\\\/schema\\\/logo\\\/image\\\/\"}}]}<\/script>\n<!-- \/ Yoast SEO plugin. -->","yoast_head_json":{"title":"Association chiropratique canadienne","description":"La Extended Healthcare Professionals Coalition (EHPC) est un regroupement d\u2019organisations repr\u00e9sentant plus de 100 000 professions de la sant\u00e9","robots":{"index":"index","follow":"follow","max-snippet":"max-snippet:-1","max-image-preview":"max-image-preview:large","max-video-preview":"max-video-preview:-1"},"canonical":"https:\/\/chiropractic.ca\/fr\/coalition-des-professionnels-de-la-sante-ehpc\/","og_locale":"fr_FR","og_type":"article","og_title":"Coalition des professionnels de la sant\u00e9 (EHPC) - Association chiropratique canadienne","og_description":"La Extended Healthcare Professionals Coalition (EHPC) est un regroupement d\u2019organisations repr\u00e9sentant plus de 100 000 professions de la sant\u00e9","og_url":"https:\/\/chiropractic.ca\/fr\/coalition-des-professionnels-de-la-sante-ehpc\/","og_site_name":"Association chiropratique canadienne","article_modified_time":"2025-03-25T14:31:18+00:00","og_image":[{"width":1873,"height":624,"url":"https:\/\/chiropractic.ca\/wp-content\/uploads\/2023\/08\/EHPC-Page-Banner2.png","type":"image\/png"}],"twitter_card":"summary_large_image","twitter_misc":{"Dur\u00e9e de lecture estim\u00e9e":"1 minute"},"schema":{"@context":"https:\/\/schema.org","@graph":[{"@type":"WebPage","@id":"https:\/\/chiropractic.ca\/fr\/coalition-des-professionnels-de-la-sante-ehpc\/","url":"https:\/\/chiropractic.ca\/fr\/coalition-des-professionnels-de-la-sante-ehpc\/","name":"Coalition des professionnels de la sant\u00e9 (EHPC) - Association chiropratique canadienne","isPartOf":{"@id":"https:\/\/chiropractic.ca\/fr\/#website"},"primaryImageOfPage":{"@id":"https:\/\/chiropractic.ca\/fr\/coalition-des-professionnels-de-la-sante-ehpc\/#primaryimage"},"image":{"@id":"https:\/\/chiropractic.ca\/fr\/coalition-des-professionnels-de-la-sante-ehpc\/#primaryimage"},"thumbnailUrl":"https:\/\/chiropractic.ca\/wp-content\/uploads\/2023\/08\/EHPC-Page-Banner2.png","datePublished":"2023-08-25T15:03:47+00:00","dateModified":"2025-03-25T14:31:18+00:00","description":"La Extended Healthcare Professionals Coalition (EHPC) est un regroupement d\u2019organisations repr\u00e9sentant plus de 100 000 professions de la sant\u00e9","breadcrumb":{"@id":"https:\/\/chiropractic.ca\/fr\/coalition-des-professionnels-de-la-sante-ehpc\/#breadcrumb"},"inLanguage":"fr-FR","potentialAction":[{"@type":"ReadAction","target":["https:\/\/chiropractic.ca\/fr\/coalition-des-professionnels-de-la-sante-ehpc\/"]}]},{"@type":"ImageObject","inLanguage":"fr-FR","@id":"https:\/\/chiropractic.ca\/fr\/coalition-des-professionnels-de-la-sante-ehpc\/#primaryimage","url":"https:\/\/chiropractic.ca\/wp-content\/uploads\/2023\/08\/EHPC-Page-Banner2.png","contentUrl":"https:\/\/chiropractic.ca\/wp-content\/uploads\/2023\/08\/EHPC-Page-Banner2.png","width":1873,"height":624,"caption":"People in a meeting table discussing"},{"@type":"BreadcrumbList","@id":"https:\/\/chiropractic.ca\/fr\/coalition-des-professionnels-de-la-sante-ehpc\/#breadcrumb","itemListElement":[{"@type":"ListItem","position":1,"name":"Home","item":"https:\/\/chiropractic.ca\/fr\/"},{"@type":"ListItem","position":2,"name":"Coalition des professionnels de la sant\u00e9 (EHPC)"}]},{"@type":"WebSite","@id":"https:\/\/chiropractic.ca\/fr\/#website","url":"https:\/\/chiropractic.ca\/fr\/","name":"Association chiropratique canadienne","description":"Chiropractors helping Canadians live healthier lives","publisher":{"@id":"https:\/\/chiropractic.ca\/fr\/#organization"},"potentialAction":[{"@type":"SearchAction","target":{"@type":"EntryPoint","urlTemplate":"https:\/\/chiropractic.ca\/fr\/?s={search_term_string}"},"query-input":{"@type":"PropertyValueSpecification","valueRequired":true,"valueName":"search_term_string"}}],"inLanguage":"fr-FR"},{"@type":"Organization","@id":"https:\/\/chiropractic.ca\/fr\/#organization","name":"Association chiropratique canadienne","url":"https:\/\/chiropractic.ca\/fr\/","logo":{"@type":"ImageObject","inLanguage":"fr-FR","@id":"https:\/\/chiropractic.ca\/fr\/#\/schema\/logo\/image\/","url":"https:\/\/chiropractic.ca\/wp-content\/uploads\/2022\/08\/cca-logo.svg","contentUrl":"https:\/\/chiropractic.ca\/wp-content\/uploads\/2022\/08\/cca-logo.svg","width":921,"height":250,"caption":"Association chiropratique canadienne"},"image":{"@id":"https:\/\/chiropractic.ca\/fr\/#\/schema\/logo\/image\/"}}]}},"_links":{"self":[{"href":"https:\/\/chiropractic.ca\/fr\/wp-json\/wp\/v2\/pages\/72955","targetHints":{"allow":["GET"]}}],"collection":[{"href":"https:\/\/chiropractic.ca\/fr\/wp-json\/wp\/v2\/pages"}],"about":[{"href":"https:\/\/chiropractic.ca\/fr\/wp-json\/wp\/v2\/types\/page"}],"author":[{"embeddable":true,"href":"https:\/\/chiropractic.ca\/fr\/wp-json\/wp\/v2\/users\/9"}],"replies":[{"embeddable":true,"href":"https:\/\/chiropractic.ca\/fr\/wp-json\/wp\/v2\/comments?post=72955"}],"version-history":[{"count":6,"href":"https:\/\/chiropractic.ca\/fr\/wp-json\/wp\/v2\/pages\/72955\/revisions"}],"predecessor-version":[{"id":76069,"href":"https:\/\/chiropractic.ca\/fr\/wp-json\/wp\/v2\/pages\/72955\/revisions\/76069"}],"wp:featuredmedia":[{"embeddable":true,"href":"https:\/\/chiropractic.ca\/fr\/wp-json\/wp\/v2\/media\/72933"}],"wp:attachment":[{"href":"https:\/\/chiropractic.ca\/fr\/wp-json\/wp\/v2\/media?parent=72955"}],"wp:term":[{"taxonomy":"page_category","embeddable":true,"href":"https:\/\/chiropractic.ca\/fr\/wp-json\/wp\/v2\/page_category?post=72955"}],"curies":[{"name":"wp","href":"https:\/\/api.w.org\/{rel}","templated":true}]}}