{"id":73579,"date":"2024-03-25T11:42:36","date_gmt":"2024-03-25T15:42:36","guid":{"rendered":"https:\/\/chiropractic.ca\/caucus-national-des-chiropraticiens-autochtones\/"},"modified":"2024-06-18T15:04:53","modified_gmt":"2024-06-18T19:04:53","slug":"caucus-national-des-chiropraticiens-autochtones","status":"publish","type":"page","link":"https:\/\/chiropractic.ca\/fr\/caucus-national-des-chiropraticiens-autochtones\/","title":{"rendered":"Caucus national des chiropraticiens autochtones"},"content":{"rendered":"<header class=\"hero hero-large alignfull\"><div class=\"ct-container\"><figure class=\"animated fadeIn\"><div class=\"ct-media-container\"><img decoding=\"async\" width=\"2048\" height=\"888\" src=\"https:\/\/chiropractic.ca\/wp-content\/uploads\/2024\/06\/ICC-Banner.jpg\" class=\"attachment-full size-full\" alt=\"C\u00e9r\u00e9monie de signature du Caucus chiropratique autochtone\" srcset=\"https:\/\/chiropractic.ca\/wp-content\/uploads\/2024\/06\/ICC-Banner.jpg 2048w, https:\/\/chiropractic.ca\/wp-content\/uploads\/2024\/06\/ICC-Banner-400x173.jpg 400w, https:\/\/chiropractic.ca\/wp-content\/uploads\/2024\/06\/ICC-Banner-1024x444.jpg 1024w, https:\/\/chiropractic.ca\/wp-content\/uploads\/2024\/06\/ICC-Banner-768x333.jpg 768w, https:\/\/chiropractic.ca\/wp-content\/uploads\/2024\/06\/ICC-Banner-1536x666.jpg 1536w\" sizes=\"(max-width: 2048px) 100vw, 2048px\" style=\"aspect-ratio: 16\/9;\" \/><\/div><\/figure><div class=\"wp-block-columns is-not-stacked-on-mobile\"><div class=\"wp-block-column\" style=\"flex-basis: 55%;\"><h1 class=\"animated fadeIn\">Caucus national des chiropraticiens autochtones<\/h1><div class=\"is-style-lead-text\" content-device=\"desktop\"><p>Promouvoir la comp\u00e9tence culturelle et la s\u00e9curit\u00e9 au sein de la profession chiropratique pour les chiropraticiens et les patients autochtones.<\/p>\n<\/div><\/div><div class=\"wp-block-column\"><\/div><\/div><\/div><div class=\"shape-divider-bottom\">\n\t\t\t\t<svg xmlns=\"http:\/\/www.w3.org\/2000\/svg\" viewBox=\"0 0 2419.94 122.9\"><path id=\"Path_240\" class=\"cls-1\" d=\"M0,49.78C124.41-31.69,584.23,5.21,823.77,32.17c239.54,26.96,751.95,124.97,1269.64,17.61,58.43-12.12,280.19-83,319.61-18.2,7.57,12.44,9.72,32.23,2.36,48.08-21.49,46.26-117.05,43.59-150,43-136.67-2.44-1027.9-1.62-2262-1L0,49.78Z\"\/><\/svg>\n\t\t\t\t<\/div><\/header><div class=\"is-style-lead-text\" aria-hidden=\"true\" content-device=\"mobile\"><p>Promouvoir la comp\u00e9tence culturelle et la s\u00e9curit\u00e9 au sein de la profession chiropratique pour les chiropraticiens et les patients autochtones.<\/p>\n<\/div>\n\n\n<div class=\"wp-block-columns is-layout-flex wp-container-core-columns-is-layout-28f84493 wp-block-columns-is-layout-flex\">\n<div class=\"wp-block-column is-layout-flow wp-block-column-is-layout-flow\" style=\"flex-basis:100%\">\n<p>Le Caucus national des chiropraticiens autochtones, copr\u00e9sid\u00e9 par les Drs Jennifer Ward (Manitoba) et David Peeace (Saskatchewan), et soutenu par l\u2019Association chiropratique canadienne, a \u00e9t\u00e9 cr\u00e9\u00e9 en 2022 et officialis\u00e9 en novembre 2023 lors d\u2019une c\u00e9r\u00e9monie de signature officielle \u00e0 Ottawa, en Ontario. <\/p>\n<\/div>\n<\/div>\n\n\n\n<p>Le Caucus national des chiropraticiens autochtones, le premier du genre au Canada, s\u2019efforce de soutenir les chiropraticiens autochtones et les droits des patients autochtones \u00e0 des soins manuels, non pharmacologiques, non invasifs et conservateurs, tels que les soins chiropratiques, par des initiatives de plaidoyer, d\u2019\u00e9ducation, de mentorat, de sensibilisation des \u00e9tudiants, de recherche, ainsi que de partage et de cr\u00e9ation de connaissances et de ressources, en supprimant les obstacles aux soins et en encourageant et soutenant la comp\u00e9tence culturelle et la s\u00e9curit\u00e9 culturelle au sein de la profession chiropratique. <\/p>\n\n\n\n<div class=\"wp-block-columns is-layout-flex wp-container-core-columns-is-layout-28f84493 wp-block-columns-is-layout-flex\">\n<div class=\"wp-block-column is-vertically-aligned-center is-layout-flow wp-block-column-is-layout-flow\" style=\"flex-basis:33.33%\">\n<figure class=\"wp-block-image size-large\"><img decoding=\"async\" width=\"1024\" height=\"683\" src=\"https:\/\/chiropractic.ca\/wp-content\/uploads\/2024\/03\/indigenous-chiropractic-caucus-1-1024x683.jpg\" alt=\"C\u00e9r\u00e9monie de signature du Caucus national des chiropraticiens autochtones\" class=\"wp-image-73534\" style=\"aspect-ratio:4\/3;object-fit:cover\" srcset=\"https:\/\/chiropractic.ca\/wp-content\/uploads\/2024\/03\/indigenous-chiropractic-caucus-1-1024x683.jpg 1024w, https:\/\/chiropractic.ca\/wp-content\/uploads\/2024\/03\/indigenous-chiropractic-caucus-1-400x267.jpg 400w, https:\/\/chiropractic.ca\/wp-content\/uploads\/2024\/03\/indigenous-chiropractic-caucus-1-768x513.jpg 768w, https:\/\/chiropractic.ca\/wp-content\/uploads\/2024\/03\/indigenous-chiropractic-caucus-1.jpg 1500w\" sizes=\"(max-width: 1024px) 100vw, 1024px\" \/><\/figure>\n<\/div>\n\n\n\n<div class=\"wp-block-column is-layout-flow wp-block-column-is-layout-flow\" style=\"flex-basis:66.66%\">\n<h2 class=\"wp-block-heading has-medium-font-size\"><strong>Mission<\/strong><\/h2>\n\n\n\n<p>La mission du Caucus national des chiropraticiens autochtones (CNCA) est de faciliter le dialogue au sein de la communaut\u00e9 chiropratique autochtone du Canada en vue de r\u00e9pondre aux besoins des peuples autochtones en mati\u00e8re de sant\u00e9 neuromusculosquelettique et d\u2019am\u00e9liorer l\u2019acc\u00e8s aux soins chiropratiques dans tout le pays. <\/p>\n\n\n\n<h2 class=\"wp-block-heading has-medium-font-size\"><strong>Mandat <\/strong> <\/h2>\n\n\n\n<p>Le mandat du CNCA est de rassembler les membres de la communaut\u00e9 chiropratique autochtone du Canada dans le but de corriger les in\u00e9galit\u00e9s en mati\u00e8re de sant\u00e9 subies par les peuples des Premi\u00e8res Nations, les M\u00e9tis et les Inuits, et de promouvoir la chiropratique comme option de sant\u00e9 musculosquelettique viable et comme choix de carri\u00e8re attrayant aupr\u00e8s des communaut\u00e9s autochtones. <\/p>\n\n\n\n<h2 class=\"wp-block-heading has-medium-font-size\"><strong>Vision <\/strong> <\/h2>\n\n\n\n<p>Soutenir les diverses priorit\u00e9s des communaut\u00e9s autochtones du Canada et am\u00e9liorer l\u2019acc\u00e8s des populations autochtones \u00e0 des services de sant\u00e9 de qualit\u00e9, holistiques et culturellement adapt\u00e9s, en particulier dans le domaine de la sant\u00e9 neuromusculosquelettique. <\/p>\n<\/div>\n<\/div>\n\n\n\n<hr class=\"wp-block-separator has-alpha-channel-opacity is-style-wide\"\/>\n\n\n\n<p class=\"is-style-default\"><strong>\u00cates-vous un repr\u00e9sentant d\u2019un m\u00e9dia? Avez-vous des questions \u00e0 poser au CNCA? Envoyez-nous un courriel : <a href=\"mailto:ICC@chiropractic.ca\" target=\"_blank\" rel=\"noreferrer noopener\">ICC@CHIROPRACTIC.CA<\/a>   <\/strong><\/p>\n\n\n\n<hr class=\"wp-block-separator has-alpha-channel-opacity is-style-wide\"\/>\n\n\n\n<div class=\"wp-block-columns is-layout-flex wp-container-core-columns-is-layout-28f84493 wp-block-columns-is-layout-flex\">\n<div class=\"wp-block-column is-layout-flow wp-block-column-is-layout-flow\" style=\"flex-basis:33.33%\">\n<figure class=\"wp-block-image is-resized is-style-default\"><img decoding=\"async\" width=\"1000\" height=\"750\" src=\"https:\/\/chiropractic.ca\/wp-content\/uploads\/2024\/03\/cca-lori-idlout.jpg\" alt=\"d\u00e9put\u00e9e Lori Idlout (Nunavut)\" class=\"wp-image-73566\" style=\"width:369px;height:auto\" srcset=\"https:\/\/chiropractic.ca\/wp-content\/uploads\/2024\/03\/cca-lori-idlout.jpg 1000w, https:\/\/chiropractic.ca\/wp-content\/uploads\/2024\/03\/cca-lori-idlout-400x300.jpg 400w, https:\/\/chiropractic.ca\/wp-content\/uploads\/2024\/03\/cca-lori-idlout-768x576.jpg 768w\" sizes=\"(max-width: 1000px) 100vw, 1000px\" \/><figcaption class=\"wp-element-caption\">Les Drs Peaace et Ward, copr\u00e9sidents du CNCA, remettent \u00e0 la d\u00e9put\u00e9e Lori Idlout (Nunavut), membre du Comit\u00e9 permanent des affaires autochtones, un pr\u00e9sent en reconnaissance de la commandite de la salle de la Colline du Parlement utilis\u00e9e pour la c\u00e9r\u00e9monie de signature du CNCA et la r\u00e9ception parlementaire.<\/figcaption><\/figure>\n<\/div>\n\n\n\n<div class=\"wp-block-column is-layout-flow wp-block-column-is-layout-flow\" style=\"flex-basis:66.66%\">\n<div class=\"wp-block-group is-layout-constrained wp-block-group-is-layout-constrained\">\n<h2 class=\"wp-block-heading has-medium-font-size\">Mandat du Caucus national des chiropraticiens autochtones<\/h2>\n\n\n\n<p>Pour en savoir plus sur le mandat du Caucus national des chiropraticiens autochtones, cliquez ici. <\/p>\n\n\n\n<div class=\"wp-block-buttons is-layout-flex wp-block-buttons-is-layout-flex\">\n<div class=\"wp-block-button\"><a class=\"wp-block-button__link wp-element-button\" href=\"https:\/\/chiropractic.ca\/wp-content\/uploads\/2024\/04\/Indigenous-Chiropractic-Caucus-TOR.pdf\" target=\"_blank\" rel=\"noreferrer noopener\">Consulter le mandat<\/a><\/div>\n<\/div>\n\n\n\n<hr class=\"wp-block-separator has-alpha-channel-opacity is-style-wide\"\/>\n\n\n\n<h2 class=\"wp-block-heading has-medium-font-size\">M\u00e9moires pr\u00e9sent\u00e9s par le CNCA au gouvernement<\/h2>\n\n\n\n<p>L\u2019initiative de plaidoyer du CNCA consiste en partie \u00e0 r\u00e9diger des m\u00e9moires pour les \u00e9tudes des comit\u00e9s de la Chambre des communes, afin d\u2019essayer d\u2019influencer les d\u00e9cisions politiques.<\/p>\n\n\n\n<div class=\"wp-block-buttons is-layout-flex wp-block-buttons-is-layout-flex\">\n<div class=\"wp-block-button\"><a class=\"wp-block-button__link wp-element-button\" href=\"https:\/\/chiropractic.ca\/wp-content\/uploads\/2024\/04\/Student-Loan-Forgiveness-ICC.pdf\" target=\"_blank\" rel=\"noreferrer noopener\">Soumission au programme canadien d\u2019exon\u00e9ration de remboursement du pr\u00eat d\u2019\u00e9tudes (PCERPE)<\/a><\/div>\n<\/div>\n<\/div>\n<\/div>\n<\/div>\n\n\n\n<hr class=\"wp-block-separator has-alpha-channel-opacity is-style-wide\"\/>\n\n\n\n<h2 class=\"wp-block-heading has-medium-font-size\">Regardez des repr\u00e9sentants de l\u2019ACC et du CNCA intervenir devant la Tribune de la presse parlementaire<\/h2>\n\n\n\n<div class=\"wp-block-columns is-layout-flex wp-container-core-columns-is-layout-28f84493 wp-block-columns-is-layout-flex\">\n<div class=\"wp-block-column is-layout-flow wp-block-column-is-layout-flow\" style=\"flex-basis:33.33%\">\n<p>En novembre 2023, l\u2019ACC et le CNCA ont annonc\u00e9 le lancement du CNCA devant la Tribune de la presse parlementaire.<\/p>\n<\/div>\n\n\n\n<div class=\"wp-block-column is-layout-flow wp-block-column-is-layout-flow\" style=\"flex-basis:66.66%\">\n<figure class=\"wp-block-embed is-type-video is-provider-youtube wp-block-embed-youtube wp-embed-aspect-16-9 wp-has-aspect-ratio\"><div class=\"wp-block-embed__wrapper\">\n<iframe title=\"CCA Press Conference: Announcing the establishment of the Indigenous Chiropractic Caucus\" width=\"1395\" height=\"785\" src=\"https:\/\/www.youtube.com\/embed\/njql3IEHsG8?feature=oembed&#038;modestbranding=1&#038;showinfo=0&#038;rel=0\" frameborder=\"0\" allow=\"accelerometer; autoplay; clipboard-write; encrypted-media; gyroscope; picture-in-picture; web-share\" referrerpolicy=\"strict-origin-when-cross-origin\" allowfullscreen><\/iframe>\n<\/div><\/figure>\n<\/div>\n<\/div>\n\n\n\n<p><\/p>\n\n\n\n<hr class=\"wp-block-separator has-alpha-channel-opacity is-style-wide\"\/>\n\n\n\n<h2 class=\"wp-block-heading has-medium-font-size\">Nouvelles<\/h2>\n\n\n\n<div class=\"wp-block-columns is-layout-flex wp-container-core-columns-is-layout-28f84493 wp-block-columns-is-layout-flex\">\n<div class=\"wp-block-column is-layout-flow wp-block-column-is-layout-flow\">\n<h3 class=\"wp-block-heading\" style=\"text-transform:capitalize\">Winnipeg Free Press<\/h3>\n\n\n\n<figure class=\"wp-block-image alignleft size-medium\"><a href=\"https:\/\/www.winnipegfreepress.com\/breakingnews\/2024\/03\/11\/its-so-nice-to-be-able-to-make-an-impact\" target=\"_blank\" rel=\"noreferrer noopener\"><img decoding=\"async\" width=\"286\" height=\"400\" src=\"https:\/\/chiropractic.ca\/wp-content\/uploads\/2024\/03\/winnipeg-free-press-icc-286x400.jpg\" alt=\"\" class=\"wp-image-73543\" srcset=\"https:\/\/chiropractic.ca\/wp-content\/uploads\/2024\/03\/winnipeg-free-press-icc-286x400.jpg 286w, https:\/\/chiropractic.ca\/wp-content\/uploads\/2024\/03\/winnipeg-free-press-icc.jpg 500w\" sizes=\"(max-width: 286px) 100vw, 286px\" \/><\/a><\/figure>\n<\/div>\n\n\n\n<div class=\"wp-block-column is-layout-flow wp-block-column-is-layout-flow\">\n<h3 class=\"wp-block-heading\" style=\"text-transform:capitalize\">eagle Feather news<\/h3>\n\n\n\n<figure class=\"wp-block-image alignleft size-medium is-style-default\"><a href=\"https:\/\/www.eaglefeathernews.com\/health\/indigenous-chiropractor-doctor\" target=\"_blank\" rel=\"noreferrer noopener\"><img decoding=\"async\" width=\"286\" height=\"400\" src=\"https:\/\/chiropractic.ca\/wp-content\/uploads\/2024\/03\/eagle-feather-news-icc-286x400.jpg\" alt=\"\" class=\"wp-image-73545\" srcset=\"https:\/\/chiropractic.ca\/wp-content\/uploads\/2024\/03\/eagle-feather-news-icc-286x400.jpg 286w, https:\/\/chiropractic.ca\/wp-content\/uploads\/2024\/03\/eagle-feather-news-icc.jpg 500w\" sizes=\"(max-width: 286px) 100vw, 286px\" \/><\/a><\/figure>\n<\/div>\n<\/div>\n","protected":false},"excerpt":{"rendered":"<p>Le Caucus national des chiropraticiens autochtones, copr\u00e9sid\u00e9 par les Drs Jennifer Ward (Manitoba) et David Peeace (Saskatchewan), et soutenu par l\u2019Association chiropratique canadienne, a \u00e9t\u00e9 cr\u00e9\u00e9 en 2022 et officialis\u00e9 en novembre 2023 lors d\u2019une c\u00e9r\u00e9monie de signature officielle \u00e0 Ottawa, en Ontario. Le Caucus national des chiropraticiens autochtones, le premier du genre au Canada, [&hellip;]<\/p>\n","protected":false},"author":13548,"featured_media":73954,"parent":0,"menu_order":0,"comment_status":"closed","ping_status":"closed","template":"","meta":{"_acf_changed":false,"_relevanssi_hide_post":"","_relevanssi_hide_content":"","_relevanssi_pin_for_all":"","_relevanssi_pin_keywords":"","_relevanssi_unpin_keywords":"","_relevanssi_related_keywords":"","_relevanssi_related_include_ids":"","_relevanssi_related_exclude_ids":"","_relevanssi_related_no_append":"","_relevanssi_related_not_related":"","_relevanssi_related_posts":"","_relevanssi_noindex_reason":"","footnotes":""},"page_category":[],"class_list":["post-73579","page","type-page","status-publish","has-post-thumbnail","hentry"],"blocksy_meta":[],"acf":[],"yoast_head":"<!-- This site is optimized with the Yoast SEO plugin v27.4 - https:\/\/yoast.com\/product\/yoast-seo-wordpress\/ -->\n<title>Association chiropratique canadienne<\/title>\n<meta name=\"description\" content=\"Le Caucus national des chiropraticiens autochtones, copr\u00e9sid\u00e9 par les Drs Jennifer Ward (Manitoba) et David Peeace (Saskatchewan), et soutenu par\" \/>\n<meta name=\"robots\" content=\"index, follow, max-snippet:-1, max-image-preview:large, max-video-preview:-1\" \/>\n<link rel=\"canonical\" href=\"https:\/\/chiropractic.ca\/fr\/caucus-national-des-chiropraticiens-autochtones\/\" \/>\n<meta property=\"og:locale\" content=\"fr_FR\" \/>\n<meta property=\"og:type\" content=\"article\" \/>\n<meta property=\"og:title\" content=\"Caucus national des chiropraticiens autochtones - Association chiropratique canadienne\" \/>\n<meta property=\"og:description\" content=\"Le Caucus national des chiropraticiens autochtones, copr\u00e9sid\u00e9 par les Drs Jennifer Ward (Manitoba) et David Peeace (Saskatchewan), et soutenu par\" \/>\n<meta property=\"og:url\" content=\"https:\/\/chiropractic.ca\/fr\/caucus-national-des-chiropraticiens-autochtones\/\" \/>\n<meta property=\"og:site_name\" content=\"Association chiropratique canadienne\" \/>\n<meta property=\"article:modified_time\" content=\"2024-06-18T19:04:53+00:00\" \/>\n<meta property=\"og:image\" content=\"https:\/\/chiropractic.ca\/wp-content\/uploads\/2024\/06\/ICC-Banner.jpg\" \/>\n\t<meta property=\"og:image:width\" content=\"2048\" \/>\n\t<meta property=\"og:image:height\" content=\"888\" \/>\n\t<meta property=\"og:image:type\" content=\"image\/jpeg\" \/>\n<meta name=\"twitter:card\" content=\"summary_large_image\" \/>\n<meta name=\"twitter:label1\" content=\"Dur\u00e9e de lecture estim\u00e9e\" \/>\n\t<meta name=\"twitter:data1\" content=\"3 minutes\" \/>\n<script type=\"application\/ld+json\" class=\"yoast-schema-graph\">{\"@context\":\"https:\\\/\\\/schema.org\",\"@graph\":[{\"@type\":\"WebPage\",\"@id\":\"https:\\\/\\\/chiropractic.ca\\\/fr\\\/caucus-national-des-chiropraticiens-autochtones\\\/\",\"url\":\"https:\\\/\\\/chiropractic.ca\\\/fr\\\/caucus-national-des-chiropraticiens-autochtones\\\/\",\"name\":\"Caucus national des chiropraticiens autochtones - Association chiropratique canadienne\",\"isPartOf\":{\"@id\":\"https:\\\/\\\/chiropractic.ca\\\/fr\\\/#website\"},\"primaryImageOfPage\":{\"@id\":\"https:\\\/\\\/chiropractic.ca\\\/fr\\\/caucus-national-des-chiropraticiens-autochtones\\\/#primaryimage\"},\"image\":{\"@id\":\"https:\\\/\\\/chiropractic.ca\\\/fr\\\/caucus-national-des-chiropraticiens-autochtones\\\/#primaryimage\"},\"thumbnailUrl\":\"https:\\\/\\\/chiropractic.ca\\\/wp-content\\\/uploads\\\/2024\\\/06\\\/ICC-Banner.jpg\",\"datePublished\":\"2024-03-25T15:42:36+00:00\",\"dateModified\":\"2024-06-18T19:04:53+00:00\",\"description\":\"Le Caucus national des chiropraticiens autochtones, copr\u00e9sid\u00e9 par les Drs Jennifer Ward (Manitoba) et David Peeace (Saskatchewan), et soutenu par\",\"breadcrumb\":{\"@id\":\"https:\\\/\\\/chiropractic.ca\\\/fr\\\/caucus-national-des-chiropraticiens-autochtones\\\/#breadcrumb\"},\"inLanguage\":\"fr-FR\",\"potentialAction\":[{\"@type\":\"ReadAction\",\"target\":[\"https:\\\/\\\/chiropractic.ca\\\/fr\\\/caucus-national-des-chiropraticiens-autochtones\\\/\"]}]},{\"@type\":\"ImageObject\",\"inLanguage\":\"fr-FR\",\"@id\":\"https:\\\/\\\/chiropractic.ca\\\/fr\\\/caucus-national-des-chiropraticiens-autochtones\\\/#primaryimage\",\"url\":\"https:\\\/\\\/chiropractic.ca\\\/wp-content\\\/uploads\\\/2024\\\/06\\\/ICC-Banner.jpg\",\"contentUrl\":\"https:\\\/\\\/chiropractic.ca\\\/wp-content\\\/uploads\\\/2024\\\/06\\\/ICC-Banner.jpg\",\"width\":2048,\"height\":888,\"caption\":\"C\u00e9r\u00e9monie de signature du Caucus chiropratique autochtone\"},{\"@type\":\"BreadcrumbList\",\"@id\":\"https:\\\/\\\/chiropractic.ca\\\/fr\\\/caucus-national-des-chiropraticiens-autochtones\\\/#breadcrumb\",\"itemListElement\":[{\"@type\":\"ListItem\",\"position\":1,\"name\":\"Home\",\"item\":\"https:\\\/\\\/chiropractic.ca\\\/fr\\\/\"},{\"@type\":\"ListItem\",\"position\":2,\"name\":\"Caucus national des chiropraticiens autochtones\"}]},{\"@type\":\"WebSite\",\"@id\":\"https:\\\/\\\/chiropractic.ca\\\/fr\\\/#website\",\"url\":\"https:\\\/\\\/chiropractic.ca\\\/fr\\\/\",\"name\":\"Association chiropratique canadienne\",\"description\":\"Chiropractors helping Canadians live healthier lives\",\"publisher\":{\"@id\":\"https:\\\/\\\/chiropractic.ca\\\/fr\\\/#organization\"},\"potentialAction\":[{\"@type\":\"SearchAction\",\"target\":{\"@type\":\"EntryPoint\",\"urlTemplate\":\"https:\\\/\\\/chiropractic.ca\\\/fr\\\/?s={search_term_string}\"},\"query-input\":{\"@type\":\"PropertyValueSpecification\",\"valueRequired\":true,\"valueName\":\"search_term_string\"}}],\"inLanguage\":\"fr-FR\"},{\"@type\":\"Organization\",\"@id\":\"https:\\\/\\\/chiropractic.ca\\\/fr\\\/#organization\",\"name\":\"Association chiropratique canadienne\",\"url\":\"https:\\\/\\\/chiropractic.ca\\\/fr\\\/\",\"logo\":{\"@type\":\"ImageObject\",\"inLanguage\":\"fr-FR\",\"@id\":\"https:\\\/\\\/chiropractic.ca\\\/fr\\\/#\\\/schema\\\/logo\\\/image\\\/\",\"url\":\"https:\\\/\\\/chiropractic.ca\\\/wp-content\\\/uploads\\\/2022\\\/08\\\/cca-logo.svg\",\"contentUrl\":\"https:\\\/\\\/chiropractic.ca\\\/wp-content\\\/uploads\\\/2022\\\/08\\\/cca-logo.svg\",\"width\":921,\"height\":250,\"caption\":\"Association chiropratique canadienne\"},\"image\":{\"@id\":\"https:\\\/\\\/chiropractic.ca\\\/fr\\\/#\\\/schema\\\/logo\\\/image\\\/\"}}]}<\/script>\n<!-- \/ Yoast SEO plugin. -->","yoast_head_json":{"title":"Association chiropratique canadienne","description":"Le Caucus national des chiropraticiens autochtones, copr\u00e9sid\u00e9 par les Drs Jennifer Ward (Manitoba) et David Peeace (Saskatchewan), et soutenu par","robots":{"index":"index","follow":"follow","max-snippet":"max-snippet:-1","max-image-preview":"max-image-preview:large","max-video-preview":"max-video-preview:-1"},"canonical":"https:\/\/chiropractic.ca\/fr\/caucus-national-des-chiropraticiens-autochtones\/","og_locale":"fr_FR","og_type":"article","og_title":"Caucus national des chiropraticiens autochtones - Association chiropratique canadienne","og_description":"Le Caucus national des chiropraticiens autochtones, copr\u00e9sid\u00e9 par les Drs Jennifer Ward (Manitoba) et David Peeace (Saskatchewan), et soutenu par","og_url":"https:\/\/chiropractic.ca\/fr\/caucus-national-des-chiropraticiens-autochtones\/","og_site_name":"Association chiropratique canadienne","article_modified_time":"2024-06-18T19:04:53+00:00","og_image":[{"width":2048,"height":888,"url":"https:\/\/chiropractic.ca\/wp-content\/uploads\/2024\/06\/ICC-Banner.jpg","type":"image\/jpeg"}],"twitter_card":"summary_large_image","twitter_misc":{"Dur\u00e9e de lecture estim\u00e9e":"3 minutes"},"schema":{"@context":"https:\/\/schema.org","@graph":[{"@type":"WebPage","@id":"https:\/\/chiropractic.ca\/fr\/caucus-national-des-chiropraticiens-autochtones\/","url":"https:\/\/chiropractic.ca\/fr\/caucus-national-des-chiropraticiens-autochtones\/","name":"Caucus national des chiropraticiens autochtones - Association chiropratique canadienne","isPartOf":{"@id":"https:\/\/chiropractic.ca\/fr\/#website"},"primaryImageOfPage":{"@id":"https:\/\/chiropractic.ca\/fr\/caucus-national-des-chiropraticiens-autochtones\/#primaryimage"},"image":{"@id":"https:\/\/chiropractic.ca\/fr\/caucus-national-des-chiropraticiens-autochtones\/#primaryimage"},"thumbnailUrl":"https:\/\/chiropractic.ca\/wp-content\/uploads\/2024\/06\/ICC-Banner.jpg","datePublished":"2024-03-25T15:42:36+00:00","dateModified":"2024-06-18T19:04:53+00:00","description":"Le Caucus national des chiropraticiens autochtones, copr\u00e9sid\u00e9 par les Drs Jennifer Ward (Manitoba) et David Peeace (Saskatchewan), et soutenu par","breadcrumb":{"@id":"https:\/\/chiropractic.ca\/fr\/caucus-national-des-chiropraticiens-autochtones\/#breadcrumb"},"inLanguage":"fr-FR","potentialAction":[{"@type":"ReadAction","target":["https:\/\/chiropractic.ca\/fr\/caucus-national-des-chiropraticiens-autochtones\/"]}]},{"@type":"ImageObject","inLanguage":"fr-FR","@id":"https:\/\/chiropractic.ca\/fr\/caucus-national-des-chiropraticiens-autochtones\/#primaryimage","url":"https:\/\/chiropractic.ca\/wp-content\/uploads\/2024\/06\/ICC-Banner.jpg","contentUrl":"https:\/\/chiropractic.ca\/wp-content\/uploads\/2024\/06\/ICC-Banner.jpg","width":2048,"height":888,"caption":"C\u00e9r\u00e9monie de signature du Caucus chiropratique autochtone"},{"@type":"BreadcrumbList","@id":"https:\/\/chiropractic.ca\/fr\/caucus-national-des-chiropraticiens-autochtones\/#breadcrumb","itemListElement":[{"@type":"ListItem","position":1,"name":"Home","item":"https:\/\/chiropractic.ca\/fr\/"},{"@type":"ListItem","position":2,"name":"Caucus national des chiropraticiens autochtones"}]},{"@type":"WebSite","@id":"https:\/\/chiropractic.ca\/fr\/#website","url":"https:\/\/chiropractic.ca\/fr\/","name":"Association chiropratique canadienne","description":"Chiropractors helping Canadians live healthier lives","publisher":{"@id":"https:\/\/chiropractic.ca\/fr\/#organization"},"potentialAction":[{"@type":"SearchAction","target":{"@type":"EntryPoint","urlTemplate":"https:\/\/chiropractic.ca\/fr\/?s={search_term_string}"},"query-input":{"@type":"PropertyValueSpecification","valueRequired":true,"valueName":"search_term_string"}}],"inLanguage":"fr-FR"},{"@type":"Organization","@id":"https:\/\/chiropractic.ca\/fr\/#organization","name":"Association chiropratique canadienne","url":"https:\/\/chiropractic.ca\/fr\/","logo":{"@type":"ImageObject","inLanguage":"fr-FR","@id":"https:\/\/chiropractic.ca\/fr\/#\/schema\/logo\/image\/","url":"https:\/\/chiropractic.ca\/wp-content\/uploads\/2022\/08\/cca-logo.svg","contentUrl":"https:\/\/chiropractic.ca\/wp-content\/uploads\/2022\/08\/cca-logo.svg","width":921,"height":250,"caption":"Association chiropratique canadienne"},"image":{"@id":"https:\/\/chiropractic.ca\/fr\/#\/schema\/logo\/image\/"}}]}},"_links":{"self":[{"href":"https:\/\/chiropractic.ca\/fr\/wp-json\/wp\/v2\/pages\/73579","targetHints":{"allow":["GET"]}}],"collection":[{"href":"https:\/\/chiropractic.ca\/fr\/wp-json\/wp\/v2\/pages"}],"about":[{"href":"https:\/\/chiropractic.ca\/fr\/wp-json\/wp\/v2\/types\/page"}],"author":[{"embeddable":true,"href":"https:\/\/chiropractic.ca\/fr\/wp-json\/wp\/v2\/users\/13548"}],"replies":[{"embeddable":true,"href":"https:\/\/chiropractic.ca\/fr\/wp-json\/wp\/v2\/comments?post=73579"}],"version-history":[{"count":2,"href":"https:\/\/chiropractic.ca\/fr\/wp-json\/wp\/v2\/pages\/73579\/revisions"}],"predecessor-version":[{"id":73956,"href":"https:\/\/chiropractic.ca\/fr\/wp-json\/wp\/v2\/pages\/73579\/revisions\/73956"}],"wp:featuredmedia":[{"embeddable":true,"href":"https:\/\/chiropractic.ca\/fr\/wp-json\/wp\/v2\/media\/73954"}],"wp:attachment":[{"href":"https:\/\/chiropractic.ca\/fr\/wp-json\/wp\/v2\/media?parent=73579"}],"wp:term":[{"taxonomy":"page_category","embeddable":true,"href":"https:\/\/chiropractic.ca\/fr\/wp-json\/wp\/v2\/page_category?post=73579"}],"curies":[{"name":"wp","href":"https:\/\/api.w.org\/{rel}","templated":true}]}}