{"id":73831,"date":"2024-05-27T10:09:06","date_gmt":"2024-05-27T14:09:06","guid":{"rendered":"https:\/\/chiropractic.ca\/carrieres\/"},"modified":"2025-12-17T09:23:26","modified_gmt":"2025-12-17T14:23:26","slug":"carrieres","status":"publish","type":"page","link":"https:\/\/chiropractic.ca\/fr\/carrieres\/","title":{"rendered":"Carri\u00e8res"},"content":{"rendered":"<header class=\"hero hero-large alignfull\"><div class=\"ct-container\"><figure class=\"animated fadeIn\"><div class=\"ct-media-container\"><img decoding=\"async\" width=\"2560\" height=\"1356\" src=\"https:\/\/chiropractic.ca\/wp-content\/uploads\/2024\/06\/CCA-Staff-Meeting-scaled.jpg\" class=\"attachment-full size-full\" alt=\"CCA Staff Meeting\" srcset=\"https:\/\/chiropractic.ca\/wp-content\/uploads\/2024\/06\/CCA-Staff-Meeting-scaled.jpg 2560w, https:\/\/chiropractic.ca\/wp-content\/uploads\/2024\/06\/CCA-Staff-Meeting-400x212.jpg 400w, https:\/\/chiropractic.ca\/wp-content\/uploads\/2024\/06\/CCA-Staff-Meeting-1024x543.jpg 1024w, https:\/\/chiropractic.ca\/wp-content\/uploads\/2024\/06\/CCA-Staff-Meeting-768x407.jpg 768w, https:\/\/chiropractic.ca\/wp-content\/uploads\/2024\/06\/CCA-Staff-Meeting-1536x814.jpg 1536w, https:\/\/chiropractic.ca\/wp-content\/uploads\/2024\/06\/CCA-Staff-Meeting-2048x1085.jpg 2048w\" sizes=\"(max-width: 2560px) 100vw, 2560px\" style=\"aspect-ratio: 16\/9;\" \/><\/div><\/figure><div class=\"wp-block-columns is-not-stacked-on-mobile\"><div class=\"wp-block-column\" style=\"flex-basis: 55%;\"><h1 class=\"animated fadeIn\">Carri\u00e8res<\/h1><div class=\"is-style-lead-text\" content-device=\"desktop\"><p>Travailler pour l&#8217;Association chiropratique canadienne<\/p>\n<\/div><\/div><div class=\"wp-block-column\"><\/div><\/div><\/div><div class=\"shape-divider-bottom\">\n\t\t\t\t<svg xmlns=\"http:\/\/www.w3.org\/2000\/svg\" viewBox=\"0 0 2419.94 122.9\"><path id=\"Path_240\" class=\"cls-1\" d=\"M0,49.78C124.41-31.69,584.23,5.21,823.77,32.17c239.54,26.96,751.95,124.97,1269.64,17.61,58.43-12.12,280.19-83,319.61-18.2,7.57,12.44,9.72,32.23,2.36,48.08-21.49,46.26-117.05,43.59-150,43-136.67-2.44-1027.9-1.62-2262-1L0,49.78Z\"\/><\/svg>\n\t\t\t\t<\/div><\/header><div class=\"is-style-lead-text\" aria-hidden=\"true\" content-device=\"mobile\"><p>Travailler pour l&#8217;Association chiropratique canadienne<\/p>\n<\/div>\n<div class=\"wp-block-columns is-layout-flex wp-container-core-columns-is-layout-b1a3c565 wp-block-columns-is-layout-flex\" style=\"margin-top:0;margin-bottom:0;padding-top:0;padding-right:0;padding-bottom:0;padding-left:0\">\n<div class=\"wp-block-column is-layout-flow wp-block-column-is-layout-flow\" style=\"flex-basis:85%\">\n<p>Veuillez visiter notre <strong><a href=\"#job-board\">site d&#8217;emploi<\/a><\/strong> pour obtenir des informations \u00e0 jour sur les offres d\u2019emploi actuelles.<\/p>\n\n\n\n<hr class=\"wp-block-separator has-text-color has-cyan-bluish-gray-color has-alpha-channel-opacity has-cyan-bluish-gray-background-color has-background is-style-wide\"\/>\n\n\n\n<h3 class=\"wp-block-heading\">Nous sommes l\u2019Association chiropratique canadienne<\/h3>\n\n\n\n<div style=\"height:10px\" aria-hidden=\"true\" class=\"wp-block-spacer\"><\/div>\n\n\n\n<p>L\u2019ACC est un regroupement de professionnels hautement qualifi\u00e9s qui travaillent assid\u00fbment pour soutenir les chiropraticiens et faire avancer la profession gr\u00e2ce \u00e0 ses efforts de plaidoyer, au d\u00e9veloppement des ressources et \u00e0 ses initiatives de mobilisation des membres. Votre place est ici, avec nous !<\/p>\n\n\n\n<hr class=\"wp-block-separator has-text-color has-cyan-bluish-gray-color has-alpha-channel-opacity has-cyan-bluish-gray-background-color has-background is-style-wide\"\/>\n\n\n\n<h3 class=\"wp-block-heading\">Nos valeurs<\/h3>\n\n\n\n<div style=\"height:10px\" aria-hidden=\"true\" class=\"wp-block-spacer\"><\/div>\n\n\n\n<p>Chaque jour, nous nous engageons \u00e0 soutenir les chiropraticiens pour un Canada en meilleure sant\u00e9. Si notre strat\u00e9gie guide nos actions, ce sont nos valeurs qui guident notre approche.  <strong>\u00c0 l\u2019Association chiropratique canadienne, nous avons \u00e0 c\u0153ur de :<\/strong><\/p>\n\n\n\n<div class=\"wp-block-media-text is-stacked-on-mobile\" style=\"grid-template-columns:15% auto\"><figure class=\"wp-block-media-text__media\"><img decoding=\"async\" src=\"https:\/\/chiropractic.ca\/wp-content\/uploads\/2025\/12\/CCA-Staff-Icons_PutPeopleFirst.svg\" alt=\"Ic\u00f4ne repr\u00e9sentant trois personnes et un c\u0153ur\" class=\"wp-image-76736 size-full\"\/><\/figure><div class=\"wp-block-media-text__content\">\n<h4 class=\"wp-block-heading\">Placer les gens au premier plan<\/h4>\n\n\n\n<p>En faisant preuve de respect et de compassion dans toutes nos interactions, nous cr\u00e9ons pour nous-m\u00eames et les personnes que nous servons une communaut\u00e9 bas\u00e9e sur le soutien mutuel.<\/p>\n<\/div><\/div>\n\n\n\n<div class=\"wp-block-media-text is-stacked-on-mobile\" style=\"grid-template-columns:15% auto\"><figure class=\"wp-block-media-text__media\"><img decoding=\"async\" src=\"https:\/\/chiropractic.ca\/wp-content\/uploads\/2025\/12\/CCA-Staff-Icons_LeadBoldyTogether.svg\" alt=\"\" class=\"wp-image-76737 size-full\"\/><\/figure><div class=\"wp-block-media-text__content\">\n<h4 class=\"wp-block-heading\">Progresser ensemble, audacieusement<\/h4>\n\n\n\n<p>La collaboration nous propulse vite et loin. Lorsque nous r\u00e9unissons les diverses forces, exp\u00e9riences et perspectives propres \u00e0 chacun, nous atteignons de nouveaux sommets. <\/p>\n<\/div><\/div>\n\n\n\n<div class=\"wp-block-media-text is-stacked-on-mobile\" style=\"grid-template-columns:15% auto\"><figure class=\"wp-block-media-text__media\"><img decoding=\"async\" src=\"https:\/\/chiropractic.ca\/wp-content\/uploads\/2025\/12\/CCA-Staff-Icons_FocusOnTheWhy.svg\" alt=\"\" class=\"wp-image-76738 size-full\"\/><\/figure><div class=\"wp-block-media-text__content\">\n<h4 class=\"wp-block-heading\">Mettre l\u2019accent sur notre raison d\u2019\u00eatre<\/h4>\n\n\n\n<p>R\u00e9aliser l\u2019importance de notre travail nourrit notre passion, et voir notre influence sur la profession nous incite \u00e0 nous surpasser.<\/p>\n<\/div><\/div>\n\n\n\n<div class=\"wp-block-media-text is-stacked-on-mobile\" style=\"grid-template-columns:15% auto\"><figure class=\"wp-block-media-text__media\"><img decoding=\"async\" src=\"https:\/\/chiropractic.ca\/wp-content\/uploads\/2025\/12\/CCA-Staff-Icons_ChallengesOpportunities.svg\" alt=\"\" class=\"wp-image-76739 size-full\"\/><\/figure><div class=\"wp-block-media-text__content\">\n<h4 class=\"wp-block-heading\">Voir les d\u00e9fis comme des opportunit\u00e9s<\/h4>\n\n\n\n<p>Notre croissance repose sur la curiosit\u00e9 et le courage. Nous restons \u00e0 l\u2019aff\u00fbt des occasions d\u2019apprentissage, accueillons les r\u00e9troactions et remettons en question nos id\u00e9es pour nous adapter constamment. <\/p>\n<\/div><\/div>\n\n\n\n<hr class=\"wp-block-separator has-text-color has-cyan-bluish-gray-color has-alpha-channel-opacity has-cyan-bluish-gray-background-color has-background is-style-wide\"\/>\n\n\n\n<h3 class=\"wp-block-heading\">Notre environnement de travail<\/h3>\n\n\n\n<p>Situ\u00e9s dans le centre-ville de Toronto, les bureaux de l\u2019ACC ont \u00e9t\u00e9 con\u00e7us de mani\u00e8re \u00e0 encourager le travail d\u2019\u00e9quipe et la collaboration au sein du personnel. De plus, nous disposons d\u2019une petite \u00ab salle de bien-\u00eatre \u00bb o\u00f9 les employ\u00e9s peuvent prendre un moment pour se reposer et refaire le plein d\u2019\u00e9nergie durant leurs journ\u00e9es charg\u00e9es.<\/p>\n\n\n\n<p>Nous savons que les membres de notre \u00e9quipe ont des pr\u00e9f\u00e9rences et des horaires vari\u00e9s, c\u2019est pourquoi nous leur offrons des options adapt\u00e9es et hybrides. En leur proposant des horaires flexibles et la possibilit\u00e9 de collaborer \u00e0 la fois en personne et virtuellement, nous nous effor\u00e7ons de cr\u00e9er un milieu de travail favorable \u00e0 l\u2019\u00e9panouissement.<\/p>\n\n\n\n<hr class=\"wp-block-separator has-text-color has-cyan-bluish-gray-color has-alpha-channel-opacity has-cyan-bluish-gray-background-color has-background is-style-wide\"\/>\n\n\n\n<h3 class=\"wp-block-heading\">Prendre soin de notre \u00e9quipe<\/h3>\n\n\n\n<p>Nous proposons \u00e0 nos employ\u00e9s des salaires comp\u00e9titifs, des avantages sociaux complets qui favorisent la sant\u00e9 et le bien-\u00eatre, des occasions de perfectionnement professionnel et des activit\u00e9s sociales th\u00e9matiques vari\u00e9es (pour souligner des anniversaires, des \u00e9tapes d\u2019emploi importantes, des \u00e9v\u00e9nements culturels, etc.).<\/p>\n\n\n\n<p>Les jours o\u00f9 les membres de l\u2019\u00e9quipe travaillent au bureau, ils peuvent \u00e9galement savourer diverses collations amusantes et saines&#8230; et beaucoup de caf\u00e9 !<\/p>\n\n\n\n<hr class=\"wp-block-separator has-text-color has-cyan-bluish-gray-color has-alpha-channel-opacity has-cyan-bluish-gray-background-color has-background is-style-wide\"\/>\n\n\n\n<h3 class=\"wp-block-heading\">Le processus d\u2019entrevue<\/h3>\n\n\n\n<ol class=\"wp-block-list\">\n<li>Apr\u00e8s avoir pos\u00e9 votre candidature \u00e0 un poste vacant, l\u2019\u00e9quipe de recrutement examine votre dossier et d\u00e9cide si vous passerez \u00e0 l\u2019\u00e9tape de la pr\u00e9s\u00e9lection.<\/li>\n\n\n\n<li>Les personnes s\u00e9lectionn\u00e9es sont convoqu\u00e9es en entrevue avec le gestionnaire d\u2019embauche.<\/li>\n\n\n\n<li>Vous pourriez \u00eatre convoqu\u00e9 \u00e0 une autre entrevue avec un membre de l\u2019\u00e9quipe de direction ou d\u2019autres membres du personnel selon l\u2019emploi que vous postulez.<\/li>\n\n\n\n<li>Tous les candidats sont inform\u00e9s de l\u2019issue du processus (offre d\u2019emploi ou non).<\/li>\n<\/ol>\n\n\n\n<p>Nous remercions tous les candidats pour leur temps et leurs efforts. Notre \u00e9quipe de recrutement se fait un point d\u2019honneur de fournir des instructions et des communications claires tout au long du processus d\u2019entrevue. Nous savons \u00e0 quel point il peut \u00eatre stressant de postuler l\u2019emploi de vos r\u00eaves. Si vous avez des questions concernant votre candidature, n\u2019h\u00e9sitez pas \u00e0 nous <strong><a href=\"mailto:info@chiropractic.ca\">contacter<\/a><\/strong> en mentionnant votre nom et l\u2019emploi postul\u00e9.<\/p>\n\n\n\n<hr class=\"wp-block-separator has-text-color has-cyan-bluish-gray-color has-alpha-channel-opacity has-cyan-bluish-gray-background-color has-background is-style-wide\"\/>\n<\/div>\n\n\n\n<div class=\"wp-block-column is-layout-flow wp-block-column-is-layout-flow\" style=\"padding-right:0;flex-basis:50%\">\n<figure class=\"wp-block-image size-full\"><img decoding=\"async\" width=\"870\" height=\"500\" src=\"https:\/\/chiropractic.ca\/wp-content\/uploads\/2024\/05\/moss-wall.jpg\" alt=\"\" class=\"wp-image-73769\" srcset=\"https:\/\/chiropractic.ca\/wp-content\/uploads\/2024\/05\/moss-wall.jpg 870w, https:\/\/chiropractic.ca\/wp-content\/uploads\/2024\/05\/moss-wall-400x230.jpg 400w, https:\/\/chiropractic.ca\/wp-content\/uploads\/2024\/05\/moss-wall-768x441.jpg 768w\" sizes=\"(max-width: 870px) 100vw, 870px\" \/><\/figure>\n\n\n\n<figure class=\"wp-block-image size-large\"><img decoding=\"async\" width=\"1024\" height=\"576\" src=\"https:\/\/chiropractic.ca\/wp-content\/uploads\/2024\/06\/CCA-Staff-Image-2-1024x576.jpg\" alt=\"Dr. Ayla Azad talking to CCA staff at a meeting\" class=\"wp-image-73865\" srcset=\"https:\/\/chiropractic.ca\/wp-content\/uploads\/2024\/06\/CCA-Staff-Image-2-1024x576.jpg 1024w, https:\/\/chiropractic.ca\/wp-content\/uploads\/2024\/06\/CCA-Staff-Image-2-400x225.jpg 400w, https:\/\/chiropractic.ca\/wp-content\/uploads\/2024\/06\/CCA-Staff-Image-2-768x432.jpg 768w, https:\/\/chiropractic.ca\/wp-content\/uploads\/2024\/06\/CCA-Staff-Image-2-1536x864.jpg 1536w, https:\/\/chiropractic.ca\/wp-content\/uploads\/2024\/06\/CCA-Staff-Image-2.jpg 1920w\" sizes=\"(max-width: 1024px) 100vw, 1024px\" \/><\/figure>\n\n\n\n<figure class=\"wp-block-gallery has-nested-images columns-1 wp-block-gallery-1 is-layout-flex wp-block-gallery-is-layout-flex\">\n<figure class=\"wp-block-image size-large\"><img decoding=\"async\" width=\"1024\" height=\"576\" data-id=\"73755\" src=\"https:\/\/chiropractic.ca\/wp-content\/uploads\/2024\/05\/CCA_Staff-3-1024x576.jpg\" alt=\"A CCA staff member helping a helping CCA member at an event\" class=\"wp-image-73755\" srcset=\"https:\/\/chiropractic.ca\/wp-content\/uploads\/2024\/05\/CCA_Staff-3-1024x576.jpg 1024w, https:\/\/chiropractic.ca\/wp-content\/uploads\/2024\/05\/CCA_Staff-3-400x225.jpg 400w, https:\/\/chiropractic.ca\/wp-content\/uploads\/2024\/05\/CCA_Staff-3-768x432.jpg 768w, https:\/\/chiropractic.ca\/wp-content\/uploads\/2024\/05\/CCA_Staff-3-1536x864.jpg 1536w, https:\/\/chiropractic.ca\/wp-content\/uploads\/2024\/05\/CCA_Staff-3.jpg 1920w\" sizes=\"(max-width: 1024px) 100vw, 1024px\" \/><\/figure>\n<\/figure>\n\n\n\n<figure class=\"wp-block-image size-large\"><img decoding=\"async\" width=\"1024\" height=\"576\" src=\"https:\/\/chiropractic.ca\/wp-content\/uploads\/2024\/05\/CCA_Staff-4.jpg-1024x576.jpg\" alt=\"CCA staff at NCT\" class=\"wp-image-73763\" srcset=\"https:\/\/chiropractic.ca\/wp-content\/uploads\/2024\/05\/CCA_Staff-4.jpg-1024x576.jpg 1024w, https:\/\/chiropractic.ca\/wp-content\/uploads\/2024\/05\/CCA_Staff-4.jpg-400x225.jpg 400w, https:\/\/chiropractic.ca\/wp-content\/uploads\/2024\/05\/CCA_Staff-4.jpg-768x432.jpg 768w, https:\/\/chiropractic.ca\/wp-content\/uploads\/2024\/05\/CCA_Staff-4.jpg-1536x864.jpg 1536w, https:\/\/chiropractic.ca\/wp-content\/uploads\/2024\/05\/CCA_Staff-4.jpg.jpg 1920w\" sizes=\"(max-width: 1024px) 100vw, 1024px\" \/><\/figure>\n<\/div>\n<\/div>\n\n<div style=\"height:0px\" aria-hidden=\"true\" class=\"wp-block-spacer\"><\/div>\n\n<h2 class=\"wp-block-heading\" id=\"job-board\">Job postings<\/h2>\n\n<div style=\"height:10px\" aria-hidden=\"true\" class=\"wp-block-spacer\"><\/div>\n\n<script src=\"https:\/\/assets.secure.collage.co\/static\/js\/embed.js\"><\/script> <link rel=\"stylesheet\" href=\"https:\/\/assets.secure.collage.co\/static\/style\/embed.css\"\/> <script> document.addEventListener('DOMContentLoaded', () => collageEmbed('cca', 'en')); <\/script> <div id=\"collage_embed_container\"><\/div>\n\n<div style=\"height:37px\" aria-hidden=\"true\" class=\"wp-block-spacer\"><\/div>\n","protected":false},"excerpt":{"rendered":"<p>Veuillez visiter notre site d&#8217;emploi pour obtenir des informations \u00e0 jour sur les offres d\u2019emploi actuelles. Nous sommes l\u2019Association chiropratique canadienne L\u2019ACC est un regroupement de professionnels hautement qualifi\u00e9s qui travaillent assid\u00fbment pour soutenir les chiropraticiens et faire avancer la profession gr\u00e2ce \u00e0 ses efforts de plaidoyer, au d\u00e9veloppement des ressources et \u00e0 ses initiatives [&hellip;]<\/p>\n","protected":false},"author":13561,"featured_media":73892,"parent":0,"menu_order":1,"comment_status":"closed","ping_status":"closed","template":"","meta":{"_acf_changed":false,"_relevanssi_hide_post":"","_relevanssi_hide_content":"","_relevanssi_pin_for_all":"","_relevanssi_pin_keywords":"","_relevanssi_unpin_keywords":"","_relevanssi_related_keywords":"","_relevanssi_related_include_ids":"","_relevanssi_related_exclude_ids":"","_relevanssi_related_no_append":"","_relevanssi_related_not_related":"","_relevanssi_related_posts":"","_relevanssi_noindex_reason":"","footnotes":""},"page_category":[2920],"class_list":["post-73831","page","type-page","status-publish","has-post-thumbnail","hentry","page_category-about-cca"],"blocksy_meta":{"styles_descriptor":{"styles":{"desktop":"","tablet":"","mobile":""},"google_fonts":[],"version":6}},"acf":[],"yoast_head":"<!-- This site is optimized with the Yoast SEO plugin v27.4 - https:\/\/yoast.com\/product\/yoast-seo-wordpress\/ -->\n<title>Association chiropratique canadienne<\/title>\n<meta name=\"description\" content=\"D\u00e9veloppez votre carri\u00e8re \u00e0 l\u2019Association chiropratique canadienne (ACC). L\u2019ACC est un regroupement de professionnels hautement qualifi\u00e9s qui travaillent assid\u00fbment pour soutenir les chiropraticiens et faire avancer la profession gr\u00e2ce \u00e0 ses efforts de plaidoyer, au d\u00e9veloppement des ressources et \u00e0 ses initiatives de mobilisation des membres.\" \/>\n<meta name=\"robots\" content=\"index, follow, max-snippet:-1, max-image-preview:large, max-video-preview:-1\" \/>\n<link rel=\"canonical\" href=\"https:\/\/chiropractic.ca\/fr\/carrieres\/\" \/>\n<meta property=\"og:locale\" content=\"fr_FR\" \/>\n<meta property=\"og:type\" content=\"article\" \/>\n<meta property=\"og:title\" content=\"Carri\u00e8res - Association chiropratique canadienne\" \/>\n<meta property=\"og:description\" content=\"D\u00e9veloppez votre carri\u00e8re \u00e0 l\u2019Association chiropratique canadienne (ACC). L\u2019ACC est un regroupement de professionnels hautement qualifi\u00e9s qui travaillent assid\u00fbment pour soutenir les chiropraticiens et faire avancer la profession gr\u00e2ce \u00e0 ses efforts de plaidoyer, au d\u00e9veloppement des ressources et \u00e0 ses initiatives de mobilisation des membres.\" \/>\n<meta property=\"og:url\" content=\"https:\/\/chiropractic.ca\/fr\/carrieres\/\" \/>\n<meta property=\"og:site_name\" content=\"Association chiropratique canadienne\" \/>\n<meta property=\"article:modified_time\" content=\"2025-12-17T14:23:26+00:00\" \/>\n<meta property=\"og:image\" content=\"https:\/\/chiropractic.ca\/wp-content\/uploads\/2024\/06\/CCA-Staff-Meeting-scaled.jpg\" \/>\n\t<meta property=\"og:image:width\" content=\"2560\" \/>\n\t<meta property=\"og:image:height\" content=\"1356\" \/>\n\t<meta property=\"og:image:type\" content=\"image\/jpeg\" \/>\n<meta name=\"twitter:card\" content=\"summary_large_image\" \/>\n<meta name=\"twitter:label1\" content=\"Dur\u00e9e de lecture estim\u00e9e\" \/>\n\t<meta name=\"twitter:data1\" content=\"3 minutes\" \/>\n<script type=\"application\/ld+json\" class=\"yoast-schema-graph\">{\"@context\":\"https:\\\/\\\/schema.org\",\"@graph\":[{\"@type\":\"WebPage\",\"@id\":\"https:\\\/\\\/chiropractic.ca\\\/fr\\\/carrieres\\\/\",\"url\":\"https:\\\/\\\/chiropractic.ca\\\/fr\\\/carrieres\\\/\",\"name\":\"Carri\u00e8res - Association chiropratique canadienne\",\"isPartOf\":{\"@id\":\"https:\\\/\\\/chiropractic.ca\\\/fr\\\/#website\"},\"primaryImageOfPage\":{\"@id\":\"https:\\\/\\\/chiropractic.ca\\\/fr\\\/carrieres\\\/#primaryimage\"},\"image\":{\"@id\":\"https:\\\/\\\/chiropractic.ca\\\/fr\\\/carrieres\\\/#primaryimage\"},\"thumbnailUrl\":\"https:\\\/\\\/chiropractic.ca\\\/wp-content\\\/uploads\\\/2024\\\/06\\\/CCA-Staff-Meeting-scaled.jpg\",\"datePublished\":\"2024-05-27T14:09:06+00:00\",\"dateModified\":\"2025-12-17T14:23:26+00:00\",\"description\":\"D\u00e9veloppez votre carri\u00e8re \u00e0 l\u2019Association chiropratique canadienne (ACC). L\u2019ACC est un regroupement de professionnels hautement qualifi\u00e9s qui travaillent assid\u00fbment pour soutenir les chiropraticiens et faire avancer la profession gr\u00e2ce \u00e0 ses efforts de plaidoyer, au d\u00e9veloppement des ressources et \u00e0 ses initiatives de mobilisation des membres.\",\"breadcrumb\":{\"@id\":\"https:\\\/\\\/chiropractic.ca\\\/fr\\\/carrieres\\\/#breadcrumb\"},\"inLanguage\":\"fr-FR\",\"potentialAction\":[{\"@type\":\"ReadAction\",\"target\":[\"https:\\\/\\\/chiropractic.ca\\\/fr\\\/carrieres\\\/\"]}]},{\"@type\":\"ImageObject\",\"inLanguage\":\"fr-FR\",\"@id\":\"https:\\\/\\\/chiropractic.ca\\\/fr\\\/carrieres\\\/#primaryimage\",\"url\":\"https:\\\/\\\/chiropractic.ca\\\/wp-content\\\/uploads\\\/2024\\\/06\\\/CCA-Staff-Meeting-scaled.jpg\",\"contentUrl\":\"https:\\\/\\\/chiropractic.ca\\\/wp-content\\\/uploads\\\/2024\\\/06\\\/CCA-Staff-Meeting-scaled.jpg\",\"width\":2560,\"height\":1356,\"caption\":\"CCA Staff Meeting\"},{\"@type\":\"BreadcrumbList\",\"@id\":\"https:\\\/\\\/chiropractic.ca\\\/fr\\\/carrieres\\\/#breadcrumb\",\"itemListElement\":[{\"@type\":\"ListItem\",\"position\":1,\"name\":\"Home\",\"item\":\"https:\\\/\\\/chiropractic.ca\\\/fr\\\/\"},{\"@type\":\"ListItem\",\"position\":2,\"name\":\"Carri\u00e8res\"}]},{\"@type\":\"WebSite\",\"@id\":\"https:\\\/\\\/chiropractic.ca\\\/fr\\\/#website\",\"url\":\"https:\\\/\\\/chiropractic.ca\\\/fr\\\/\",\"name\":\"Association chiropratique canadienne\",\"description\":\"Chiropractors helping Canadians live healthier lives\",\"publisher\":{\"@id\":\"https:\\\/\\\/chiropractic.ca\\\/fr\\\/#organization\"},\"potentialAction\":[{\"@type\":\"SearchAction\",\"target\":{\"@type\":\"EntryPoint\",\"urlTemplate\":\"https:\\\/\\\/chiropractic.ca\\\/fr\\\/?s={search_term_string}\"},\"query-input\":{\"@type\":\"PropertyValueSpecification\",\"valueRequired\":true,\"valueName\":\"search_term_string\"}}],\"inLanguage\":\"fr-FR\"},{\"@type\":\"Organization\",\"@id\":\"https:\\\/\\\/chiropractic.ca\\\/fr\\\/#organization\",\"name\":\"Association chiropratique canadienne\",\"url\":\"https:\\\/\\\/chiropractic.ca\\\/fr\\\/\",\"logo\":{\"@type\":\"ImageObject\",\"inLanguage\":\"fr-FR\",\"@id\":\"https:\\\/\\\/chiropractic.ca\\\/fr\\\/#\\\/schema\\\/logo\\\/image\\\/\",\"url\":\"https:\\\/\\\/chiropractic.ca\\\/wp-content\\\/uploads\\\/2022\\\/08\\\/cca-logo.svg\",\"contentUrl\":\"https:\\\/\\\/chiropractic.ca\\\/wp-content\\\/uploads\\\/2022\\\/08\\\/cca-logo.svg\",\"width\":921,\"height\":250,\"caption\":\"Association chiropratique canadienne\"},\"image\":{\"@id\":\"https:\\\/\\\/chiropractic.ca\\\/fr\\\/#\\\/schema\\\/logo\\\/image\\\/\"}}]}<\/script>\n<!-- \/ Yoast SEO plugin. -->","yoast_head_json":{"title":"Association chiropratique canadienne","description":"D\u00e9veloppez votre carri\u00e8re \u00e0 l\u2019Association chiropratique canadienne (ACC). L\u2019ACC est un regroupement de professionnels hautement qualifi\u00e9s qui travaillent assid\u00fbment pour soutenir les chiropraticiens et faire avancer la profession gr\u00e2ce \u00e0 ses efforts de plaidoyer, au d\u00e9veloppement des ressources et \u00e0 ses initiatives de mobilisation des membres.","robots":{"index":"index","follow":"follow","max-snippet":"max-snippet:-1","max-image-preview":"max-image-preview:large","max-video-preview":"max-video-preview:-1"},"canonical":"https:\/\/chiropractic.ca\/fr\/carrieres\/","og_locale":"fr_FR","og_type":"article","og_title":"Carri\u00e8res - Association chiropratique canadienne","og_description":"D\u00e9veloppez votre carri\u00e8re \u00e0 l\u2019Association chiropratique canadienne (ACC). L\u2019ACC est un regroupement de professionnels hautement qualifi\u00e9s qui travaillent assid\u00fbment pour soutenir les chiropraticiens et faire avancer la profession gr\u00e2ce \u00e0 ses efforts de plaidoyer, au d\u00e9veloppement des ressources et \u00e0 ses initiatives de mobilisation des membres.","og_url":"https:\/\/chiropractic.ca\/fr\/carrieres\/","og_site_name":"Association chiropratique canadienne","article_modified_time":"2025-12-17T14:23:26+00:00","og_image":[{"width":2560,"height":1356,"url":"https:\/\/chiropractic.ca\/wp-content\/uploads\/2024\/06\/CCA-Staff-Meeting-scaled.jpg","type":"image\/jpeg"}],"twitter_card":"summary_large_image","twitter_misc":{"Dur\u00e9e de lecture estim\u00e9e":"3 minutes"},"schema":{"@context":"https:\/\/schema.org","@graph":[{"@type":"WebPage","@id":"https:\/\/chiropractic.ca\/fr\/carrieres\/","url":"https:\/\/chiropractic.ca\/fr\/carrieres\/","name":"Carri\u00e8res - Association chiropratique canadienne","isPartOf":{"@id":"https:\/\/chiropractic.ca\/fr\/#website"},"primaryImageOfPage":{"@id":"https:\/\/chiropractic.ca\/fr\/carrieres\/#primaryimage"},"image":{"@id":"https:\/\/chiropractic.ca\/fr\/carrieres\/#primaryimage"},"thumbnailUrl":"https:\/\/chiropractic.ca\/wp-content\/uploads\/2024\/06\/CCA-Staff-Meeting-scaled.jpg","datePublished":"2024-05-27T14:09:06+00:00","dateModified":"2025-12-17T14:23:26+00:00","description":"D\u00e9veloppez votre carri\u00e8re \u00e0 l\u2019Association chiropratique canadienne (ACC). L\u2019ACC est un regroupement de professionnels hautement qualifi\u00e9s qui travaillent assid\u00fbment pour soutenir les chiropraticiens et faire avancer la profession gr\u00e2ce \u00e0 ses efforts de plaidoyer, au d\u00e9veloppement des ressources et \u00e0 ses initiatives de mobilisation des membres.","breadcrumb":{"@id":"https:\/\/chiropractic.ca\/fr\/carrieres\/#breadcrumb"},"inLanguage":"fr-FR","potentialAction":[{"@type":"ReadAction","target":["https:\/\/chiropractic.ca\/fr\/carrieres\/"]}]},{"@type":"ImageObject","inLanguage":"fr-FR","@id":"https:\/\/chiropractic.ca\/fr\/carrieres\/#primaryimage","url":"https:\/\/chiropractic.ca\/wp-content\/uploads\/2024\/06\/CCA-Staff-Meeting-scaled.jpg","contentUrl":"https:\/\/chiropractic.ca\/wp-content\/uploads\/2024\/06\/CCA-Staff-Meeting-scaled.jpg","width":2560,"height":1356,"caption":"CCA Staff Meeting"},{"@type":"BreadcrumbList","@id":"https:\/\/chiropractic.ca\/fr\/carrieres\/#breadcrumb","itemListElement":[{"@type":"ListItem","position":1,"name":"Home","item":"https:\/\/chiropractic.ca\/fr\/"},{"@type":"ListItem","position":2,"name":"Carri\u00e8res"}]},{"@type":"WebSite","@id":"https:\/\/chiropractic.ca\/fr\/#website","url":"https:\/\/chiropractic.ca\/fr\/","name":"Association chiropratique canadienne","description":"Chiropractors helping Canadians live healthier lives","publisher":{"@id":"https:\/\/chiropractic.ca\/fr\/#organization"},"potentialAction":[{"@type":"SearchAction","target":{"@type":"EntryPoint","urlTemplate":"https:\/\/chiropractic.ca\/fr\/?s={search_term_string}"},"query-input":{"@type":"PropertyValueSpecification","valueRequired":true,"valueName":"search_term_string"}}],"inLanguage":"fr-FR"},{"@type":"Organization","@id":"https:\/\/chiropractic.ca\/fr\/#organization","name":"Association chiropratique canadienne","url":"https:\/\/chiropractic.ca\/fr\/","logo":{"@type":"ImageObject","inLanguage":"fr-FR","@id":"https:\/\/chiropractic.ca\/fr\/#\/schema\/logo\/image\/","url":"https:\/\/chiropractic.ca\/wp-content\/uploads\/2022\/08\/cca-logo.svg","contentUrl":"https:\/\/chiropractic.ca\/wp-content\/uploads\/2022\/08\/cca-logo.svg","width":921,"height":250,"caption":"Association chiropratique canadienne"},"image":{"@id":"https:\/\/chiropractic.ca\/fr\/#\/schema\/logo\/image\/"}}]}},"_links":{"self":[{"href":"https:\/\/chiropractic.ca\/fr\/wp-json\/wp\/v2\/pages\/73831","targetHints":{"allow":["GET"]}}],"collection":[{"href":"https:\/\/chiropractic.ca\/fr\/wp-json\/wp\/v2\/pages"}],"about":[{"href":"https:\/\/chiropractic.ca\/fr\/wp-json\/wp\/v2\/types\/page"}],"author":[{"embeddable":true,"href":"https:\/\/chiropractic.ca\/fr\/wp-json\/wp\/v2\/users\/13561"}],"replies":[{"embeddable":true,"href":"https:\/\/chiropractic.ca\/fr\/wp-json\/wp\/v2\/comments?post=73831"}],"version-history":[{"count":2,"href":"https:\/\/chiropractic.ca\/fr\/wp-json\/wp\/v2\/pages\/73831\/revisions"}],"predecessor-version":[{"id":76747,"href":"https:\/\/chiropractic.ca\/fr\/wp-json\/wp\/v2\/pages\/73831\/revisions\/76747"}],"wp:featuredmedia":[{"embeddable":true,"href":"https:\/\/chiropractic.ca\/fr\/wp-json\/wp\/v2\/media\/73892"}],"wp:attachment":[{"href":"https:\/\/chiropractic.ca\/fr\/wp-json\/wp\/v2\/media?parent=73831"}],"wp:term":[{"taxonomy":"page_category","embeddable":true,"href":"https:\/\/chiropractic.ca\/fr\/wp-json\/wp\/v2\/page_category?post=73831"}],"curies":[{"name":"wp","href":"https:\/\/api.w.org\/{rel}","templated":true}]}}