{"id":76058,"date":"2025-03-25T10:14:39","date_gmt":"2025-03-25T14:14:39","guid":{"rendered":"https:\/\/chiropractic.ca\/?page_id=76058"},"modified":"2025-03-25T10:28:28","modified_gmt":"2025-03-25T14:28:28","slug":"gias-le-groupe-dintervention-action-sante","status":"publish","type":"page","link":"https:\/\/chiropractic.ca\/fr\/gias-le-groupe-dintervention-action-sante\/","title":{"rendered":"GIAS \u2013 le Groupe d\u2019intervention action sant\u00e9"},"content":{"rendered":"<header class=\"hero hero-large alignfull\"><div class=\"ct-container\"><figure class=\"animated fadeIn\"><div class=\"ct-media-container\"><img decoding=\"async\" width=\"2560\" height=\"1920\" src=\"https:\/\/chiropractic.ca\/wp-content\/uploads\/2025\/03\/heal1-1-scaled.jpg\" class=\"attachment-full size-full\" alt=\"\" srcset=\"https:\/\/chiropractic.ca\/wp-content\/uploads\/2025\/03\/heal1-1-scaled.jpg 2560w, https:\/\/chiropractic.ca\/wp-content\/uploads\/2025\/03\/heal1-1-400x300.jpg 400w, https:\/\/chiropractic.ca\/wp-content\/uploads\/2025\/03\/heal1-1-1024x768.jpg 1024w, https:\/\/chiropractic.ca\/wp-content\/uploads\/2025\/03\/heal1-1-768x576.jpg 768w, https:\/\/chiropractic.ca\/wp-content\/uploads\/2025\/03\/heal1-1-1536x1152.jpg 1536w, https:\/\/chiropractic.ca\/wp-content\/uploads\/2025\/03\/heal1-1-2048x1536.jpg 2048w\" sizes=\"(max-width: 2560px) 100vw, 2560px\" style=\"aspect-ratio: 16\/9;\" \/><\/div><\/figure><div class=\"wp-block-columns is-not-stacked-on-mobile\"><div class=\"wp-block-column\" style=\"flex-basis: 55%;\"><h1 class=\"animated fadeIn\">GIAS \u2013 le Groupe d\u2019intervention action sant\u00e9<\/h1><\/div><div class=\"wp-block-column\"><\/div><\/div><\/div><div class=\"shape-divider-bottom\">\n\t\t\t\t<svg xmlns=\"http:\/\/www.w3.org\/2000\/svg\" viewBox=\"0 0 2419.94 122.9\"><path id=\"Path_240\" class=\"cls-1\" d=\"M0,49.78C124.41-31.69,584.23,5.21,823.77,32.17c239.54,26.96,751.95,124.97,1269.64,17.61,58.43-12.12,280.19-83,319.61-18.2,7.57,12.44,9.72,32.23,2.36,48.08-21.49,46.26-117.05,43.59-150,43-136.67-2.44-1027.9-1.62-2262-1L0,49.78Z\"\/><\/svg>\n\t\t\t\t<\/div><\/header><div class=\"is-style-lead-text\" aria-hidden=\"true\" content-device=\"mobile\"><\/div>\n<div class=\"wp-block-columns is-layout-flex wp-container-core-columns-is-layout-28f84493 wp-block-columns-is-layout-flex\">\n<div class=\"wp-block-column is-layout-flow wp-block-column-is-layout-flow\" style=\"flex-basis:66.66%\"><\/div>\n\n\n\n<div class=\"wp-block-column is-layout-flow wp-block-column-is-layout-flow\" style=\"flex-basis:33.33%\"><\/div>\n<\/div>\n\n<div class=\"wp-block-columns is-layout-flex wp-container-core-columns-is-layout-28f84493 wp-block-columns-is-layout-flex\">\n<div class=\"wp-block-column is-layout-flow wp-block-column-is-layout-flow\" style=\"flex-basis:66.66%\">\n<p>L&#8217;Association chiropratique canadienne est membre de GIAS depuis plus de 20 ans. La directrice g\u00e9n\u00e9rale de l&#8217;ACC, la D\u02b3\u1d49 Ayla Azad, est actuellement copr\u00e9sidente de HEAL. Les membres de cette coalition se r\u00e9unissent tous les trimestres \u00e0 Ottawa pour aborder et d\u00e9fendre des politiques qui am\u00e9liorent le syst\u00e8me de sant\u00e9 canadien en collaborant avec les d\u00e9cideurs et les parlementaires.  <\/p>\n\n\n\n<figure class=\"wp-block-image size-large\"><img decoding=\"async\" width=\"1024\" height=\"576\" src=\"https:\/\/chiropractic.ca\/wp-content\/uploads\/2025\/03\/Heal-1024x576.jpg\" alt=\"GIAS &#x2013; le Groupe d&#x2019;intervention action sant&#xE9;\" class=\"wp-image-76046\" srcset=\"https:\/\/chiropractic.ca\/wp-content\/uploads\/2025\/03\/Heal-1024x576.jpg 1024w, https:\/\/chiropractic.ca\/wp-content\/uploads\/2025\/03\/Heal-400x225.jpg 400w, https:\/\/chiropractic.ca\/wp-content\/uploads\/2025\/03\/Heal-768x432.jpg 768w, https:\/\/chiropractic.ca\/wp-content\/uploads\/2025\/03\/Heal-1536x864.jpg 1536w, https:\/\/chiropractic.ca\/wp-content\/uploads\/2025\/03\/Heal.jpg 1920w\" sizes=\"(max-width: 1024px) 100vw, 1024px\" \/><\/figure>\n\n\n\n<p>GIAS est une coalition de 40 organisations nationales de sant\u00e9 qui se consacrent \u00e0 l&#8217;am\u00e9lioration de la sant\u00e9 des Canadiens et de la qualit\u00e9 des soins qu&#8217;ils re\u00e7oivent. Nos membres sont des associations professionnelles de fournisseurs de soins de sant\u00e9 r\u00e9glement\u00e9s et des organisations d&#8217;organismes de bienfaisance dans le domaine de la sant\u00e9 qui offrent une gamme de services de soins de sant\u00e9 dans tout le Canada.  <\/p>\n\n\n\n<p>Les membres du Groupe d\u2019intervention action sant\u00e9 s&#8217;engagent \u00e0 maintenir et \u00e0 am\u00e9liorer la sant\u00e9 des Canadiens, ainsi qu&#8217;\u00e0 am\u00e9liorer constamment les services et les syst\u00e8mes de sant\u00e9 qui sont justes, \u00e9quitables, efficients et efficaces. En tant que participants actifs \u00e0 l&#8217;\u00e9laboration et \u00e0 la mise en \u0153uvre de nos syst\u00e8mes de sant\u00e9, nous nous engageons \u00e0 respecter ces principes directeurs en mati\u00e8re de sant\u00e9 et de soins de sant\u00e9 au Canada.<\/p>\n\n\n\n<p class=\"is-style-lead-text\"><strong>Principes directeurs de GIAS<\/strong><\/p>\n\n\n\n<ul class=\"wp-block-list is-style-fancy\">\n<li>Tous les Canadiens attachent de l&#8217;importance \u00e0 la sant\u00e9 et \u00e0 des soins de sant\u00e9 accessibles et dispens\u00e9s en temps voulu.<\/li>\n\n\n\n<li>La sant\u00e9 va au-del\u00e0 de la prestation de soins de sant\u00e9 et englobe la promotion de la sant\u00e9, la pr\u00e9vention des maladies et la politique \u00e9conomique et sociale qui sous-tend les d\u00e9terminants de la sant\u00e9 et les communaut\u00e9s en bonne sant\u00e9.<\/li>\n\n\n\n<li>L&#8217;acc\u00e8s \u00e0 des soins de sant\u00e9 de qualit\u00e9, quelle que soit la capacit\u00e9 de payer, est une valeur canadienne fondamentale.<\/li>\n\n\n\n<li>Le maintien du caract\u00e8re national des services de sant\u00e9 n\u00e9cessite l&#8217;adh\u00e9sion \u00e0 un ensemble de principes communs.<\/li>\n\n\n\n<li>Des ressources publiques limit\u00e9es sont disponibles pour soutenir la sant\u00e9 des Canadiens et le syst\u00e8me national d&#8217;assurance maladie.<\/li>\n<\/ul>\n<\/div>\n\n\n\n<div class=\"wp-block-column is-layout-flow wp-block-column-is-layout-flow\" style=\"flex-basis:33.33%\"><\/div>\n<\/div>\n\n<div class=\"wp-block-buttons is-layout-flex wp-block-buttons-is-layout-flex\">\n<div class=\"wp-block-button\"><a class=\"wp-block-button__link wp-element-button\" href=\"https:\/\/www.healthaction.ca\/fr\" target=\"_blank\" rel=\"noreferrer noopener\">Visitez le site web de GIAS<\/a><\/div>\n<\/div>\n\n<p><\/p>\n","protected":false},"excerpt":{"rendered":"<p>L&#8217;Association chiropratique canadienne est membre de GIAS depuis plus de 20 ans. La directrice g\u00e9n\u00e9rale de l&#8217;ACC, la D\u02b3\u1d49 Ayla Azad, est actuellement copr\u00e9sidente de HEAL. Les membres de cette coalition se r\u00e9unissent tous les trimestres \u00e0 Ottawa pour aborder et d\u00e9fendre des politiques qui am\u00e9liorent le syst\u00e8me de sant\u00e9 canadien en collaborant avec les [&hellip;]<\/p>\n","protected":false},"author":13564,"featured_media":76035,"parent":0,"menu_order":0,"comment_status":"closed","ping_status":"closed","template":"","meta":{"_acf_changed":false,"_relevanssi_hide_post":"","_relevanssi_hide_content":"","_relevanssi_pin_for_all":"","_relevanssi_pin_keywords":"","_relevanssi_unpin_keywords":"","_relevanssi_related_keywords":"","_relevanssi_related_include_ids":"","_relevanssi_related_exclude_ids":"","_relevanssi_related_no_append":"","_relevanssi_related_not_related":"","_relevanssi_related_posts":"","_relevanssi_noindex_reason":"","footnotes":""},"page_category":[2920],"class_list":["post-76058","page","type-page","status-publish","has-post-thumbnail","hentry","page_category-about-cca"],"blocksy_meta":[],"acf":[],"yoast_head":"<!-- This site is optimized with the Yoast SEO plugin v27.3 - https:\/\/yoast.com\/product\/yoast-seo-wordpress\/ -->\n<title>Association chiropratique canadienne<\/title>\n<meta name=\"description\" content=\"L&#039;Association chiropratique canadienne est membre de GIAS depuis plus de 20 ans. La directrice g\u00e9n\u00e9rale de l&#039;ACC, la D\u02b3\u1d49 Ayla Azad, est actuellement\" \/>\n<meta name=\"robots\" content=\"index, follow, max-snippet:-1, max-image-preview:large, max-video-preview:-1\" \/>\n<link rel=\"canonical\" href=\"https:\/\/chiropractic.ca\/fr\/gias-le-groupe-dintervention-action-sante\/\" \/>\n<meta property=\"og:locale\" content=\"fr_FR\" \/>\n<meta property=\"og:type\" content=\"article\" \/>\n<meta property=\"og:title\" content=\"GIAS \u2013 le Groupe d\u2019intervention action sant\u00e9 - Association chiropratique canadienne\" \/>\n<meta property=\"og:description\" content=\"L&#039;Association chiropratique canadienne est membre de GIAS depuis plus de 20 ans. La directrice g\u00e9n\u00e9rale de l&#039;ACC, la D\u02b3\u1d49 Ayla Azad, est actuellement\" \/>\n<meta property=\"og:url\" content=\"https:\/\/chiropractic.ca\/fr\/gias-le-groupe-dintervention-action-sante\/\" \/>\n<meta property=\"og:site_name\" content=\"Association chiropratique canadienne\" \/>\n<meta property=\"article:modified_time\" content=\"2025-03-25T14:28:28+00:00\" \/>\n<meta property=\"og:image\" content=\"https:\/\/chiropractic.ca\/wp-content\/uploads\/2025\/03\/heal1-1-scaled.jpg\" \/>\n\t<meta property=\"og:image:width\" content=\"2560\" \/>\n\t<meta property=\"og:image:height\" content=\"1920\" \/>\n\t<meta property=\"og:image:type\" content=\"image\/jpeg\" \/>\n<meta name=\"twitter:card\" content=\"summary_large_image\" \/>\n<meta name=\"twitter:label1\" content=\"Dur\u00e9e de lecture estim\u00e9e\" \/>\n\t<meta name=\"twitter:data1\" content=\"2 minutes\" \/>\n<script type=\"application\/ld+json\" class=\"yoast-schema-graph\">{\"@context\":\"https:\\\/\\\/schema.org\",\"@graph\":[{\"@type\":\"WebPage\",\"@id\":\"https:\\\/\\\/chiropractic.ca\\\/fr\\\/gias-le-groupe-dintervention-action-sante\\\/\",\"url\":\"https:\\\/\\\/chiropractic.ca\\\/fr\\\/gias-le-groupe-dintervention-action-sante\\\/\",\"name\":\"GIAS \u2013 le Groupe d\u2019intervention action sant\u00e9 - Association chiropratique canadienne\",\"isPartOf\":{\"@id\":\"https:\\\/\\\/chiropractic.ca\\\/fr\\\/#website\"},\"primaryImageOfPage\":{\"@id\":\"https:\\\/\\\/chiropractic.ca\\\/fr\\\/gias-le-groupe-dintervention-action-sante\\\/#primaryimage\"},\"image\":{\"@id\":\"https:\\\/\\\/chiropractic.ca\\\/fr\\\/gias-le-groupe-dintervention-action-sante\\\/#primaryimage\"},\"thumbnailUrl\":\"https:\\\/\\\/chiropractic.ca\\\/wp-content\\\/uploads\\\/2025\\\/03\\\/heal1-1-scaled.jpg\",\"datePublished\":\"2025-03-25T14:14:39+00:00\",\"dateModified\":\"2025-03-25T14:28:28+00:00\",\"description\":\"L'Association chiropratique canadienne est membre de GIAS depuis plus de 20 ans. La directrice g\u00e9n\u00e9rale de l'ACC, la D\u02b3\u1d49 Ayla Azad, est actuellement\",\"breadcrumb\":{\"@id\":\"https:\\\/\\\/chiropractic.ca\\\/fr\\\/gias-le-groupe-dintervention-action-sante\\\/#breadcrumb\"},\"inLanguage\":\"fr-FR\",\"potentialAction\":[{\"@type\":\"ReadAction\",\"target\":[\"https:\\\/\\\/chiropractic.ca\\\/fr\\\/gias-le-groupe-dintervention-action-sante\\\/\"]}]},{\"@type\":\"ImageObject\",\"inLanguage\":\"fr-FR\",\"@id\":\"https:\\\/\\\/chiropractic.ca\\\/fr\\\/gias-le-groupe-dintervention-action-sante\\\/#primaryimage\",\"url\":\"https:\\\/\\\/chiropractic.ca\\\/wp-content\\\/uploads\\\/2025\\\/03\\\/heal1-1-scaled.jpg\",\"contentUrl\":\"https:\\\/\\\/chiropractic.ca\\\/wp-content\\\/uploads\\\/2025\\\/03\\\/heal1-1-scaled.jpg\",\"width\":2560,\"height\":1920},{\"@type\":\"BreadcrumbList\",\"@id\":\"https:\\\/\\\/chiropractic.ca\\\/fr\\\/gias-le-groupe-dintervention-action-sante\\\/#breadcrumb\",\"itemListElement\":[{\"@type\":\"ListItem\",\"position\":1,\"name\":\"Home\",\"item\":\"https:\\\/\\\/chiropractic.ca\\\/fr\\\/\"},{\"@type\":\"ListItem\",\"position\":2,\"name\":\"GIAS \u2013 le Groupe d\u2019intervention action sant\u00e9\"}]},{\"@type\":\"WebSite\",\"@id\":\"https:\\\/\\\/chiropractic.ca\\\/fr\\\/#website\",\"url\":\"https:\\\/\\\/chiropractic.ca\\\/fr\\\/\",\"name\":\"Association chiropratique canadienne\",\"description\":\"Chiropractors helping Canadians live healthier lives\",\"publisher\":{\"@id\":\"https:\\\/\\\/chiropractic.ca\\\/fr\\\/#organization\"},\"potentialAction\":[{\"@type\":\"SearchAction\",\"target\":{\"@type\":\"EntryPoint\",\"urlTemplate\":\"https:\\\/\\\/chiropractic.ca\\\/fr\\\/?s={search_term_string}\"},\"query-input\":{\"@type\":\"PropertyValueSpecification\",\"valueRequired\":true,\"valueName\":\"search_term_string\"}}],\"inLanguage\":\"fr-FR\"},{\"@type\":\"Organization\",\"@id\":\"https:\\\/\\\/chiropractic.ca\\\/fr\\\/#organization\",\"name\":\"Association chiropratique canadienne\",\"url\":\"https:\\\/\\\/chiropractic.ca\\\/fr\\\/\",\"logo\":{\"@type\":\"ImageObject\",\"inLanguage\":\"fr-FR\",\"@id\":\"https:\\\/\\\/chiropractic.ca\\\/fr\\\/#\\\/schema\\\/logo\\\/image\\\/\",\"url\":\"https:\\\/\\\/chiropractic.ca\\\/wp-content\\\/uploads\\\/2022\\\/08\\\/cca-logo.svg\",\"contentUrl\":\"https:\\\/\\\/chiropractic.ca\\\/wp-content\\\/uploads\\\/2022\\\/08\\\/cca-logo.svg\",\"width\":921,\"height\":250,\"caption\":\"Association chiropratique canadienne\"},\"image\":{\"@id\":\"https:\\\/\\\/chiropractic.ca\\\/fr\\\/#\\\/schema\\\/logo\\\/image\\\/\"}}]}<\/script>\n<!-- \/ Yoast SEO plugin. -->","yoast_head_json":{"title":"Association chiropratique canadienne","description":"L'Association chiropratique canadienne est membre de GIAS depuis plus de 20 ans. La directrice g\u00e9n\u00e9rale de l'ACC, la D\u02b3\u1d49 Ayla Azad, est actuellement","robots":{"index":"index","follow":"follow","max-snippet":"max-snippet:-1","max-image-preview":"max-image-preview:large","max-video-preview":"max-video-preview:-1"},"canonical":"https:\/\/chiropractic.ca\/fr\/gias-le-groupe-dintervention-action-sante\/","og_locale":"fr_FR","og_type":"article","og_title":"GIAS \u2013 le Groupe d\u2019intervention action sant\u00e9 - Association chiropratique canadienne","og_description":"L'Association chiropratique canadienne est membre de GIAS depuis plus de 20 ans. La directrice g\u00e9n\u00e9rale de l'ACC, la D\u02b3\u1d49 Ayla Azad, est actuellement","og_url":"https:\/\/chiropractic.ca\/fr\/gias-le-groupe-dintervention-action-sante\/","og_site_name":"Association chiropratique canadienne","article_modified_time":"2025-03-25T14:28:28+00:00","og_image":[{"width":2560,"height":1920,"url":"https:\/\/chiropractic.ca\/wp-content\/uploads\/2025\/03\/heal1-1-scaled.jpg","type":"image\/jpeg"}],"twitter_card":"summary_large_image","twitter_misc":{"Dur\u00e9e de lecture estim\u00e9e":"2 minutes"},"schema":{"@context":"https:\/\/schema.org","@graph":[{"@type":"WebPage","@id":"https:\/\/chiropractic.ca\/fr\/gias-le-groupe-dintervention-action-sante\/","url":"https:\/\/chiropractic.ca\/fr\/gias-le-groupe-dintervention-action-sante\/","name":"GIAS \u2013 le Groupe d\u2019intervention action sant\u00e9 - Association chiropratique canadienne","isPartOf":{"@id":"https:\/\/chiropractic.ca\/fr\/#website"},"primaryImageOfPage":{"@id":"https:\/\/chiropractic.ca\/fr\/gias-le-groupe-dintervention-action-sante\/#primaryimage"},"image":{"@id":"https:\/\/chiropractic.ca\/fr\/gias-le-groupe-dintervention-action-sante\/#primaryimage"},"thumbnailUrl":"https:\/\/chiropractic.ca\/wp-content\/uploads\/2025\/03\/heal1-1-scaled.jpg","datePublished":"2025-03-25T14:14:39+00:00","dateModified":"2025-03-25T14:28:28+00:00","description":"L'Association chiropratique canadienne est membre de GIAS depuis plus de 20 ans. La directrice g\u00e9n\u00e9rale de l'ACC, la D\u02b3\u1d49 Ayla Azad, est actuellement","breadcrumb":{"@id":"https:\/\/chiropractic.ca\/fr\/gias-le-groupe-dintervention-action-sante\/#breadcrumb"},"inLanguage":"fr-FR","potentialAction":[{"@type":"ReadAction","target":["https:\/\/chiropractic.ca\/fr\/gias-le-groupe-dintervention-action-sante\/"]}]},{"@type":"ImageObject","inLanguage":"fr-FR","@id":"https:\/\/chiropractic.ca\/fr\/gias-le-groupe-dintervention-action-sante\/#primaryimage","url":"https:\/\/chiropractic.ca\/wp-content\/uploads\/2025\/03\/heal1-1-scaled.jpg","contentUrl":"https:\/\/chiropractic.ca\/wp-content\/uploads\/2025\/03\/heal1-1-scaled.jpg","width":2560,"height":1920},{"@type":"BreadcrumbList","@id":"https:\/\/chiropractic.ca\/fr\/gias-le-groupe-dintervention-action-sante\/#breadcrumb","itemListElement":[{"@type":"ListItem","position":1,"name":"Home","item":"https:\/\/chiropractic.ca\/fr\/"},{"@type":"ListItem","position":2,"name":"GIAS \u2013 le Groupe d\u2019intervention action sant\u00e9"}]},{"@type":"WebSite","@id":"https:\/\/chiropractic.ca\/fr\/#website","url":"https:\/\/chiropractic.ca\/fr\/","name":"Association chiropratique canadienne","description":"Chiropractors helping Canadians live healthier lives","publisher":{"@id":"https:\/\/chiropractic.ca\/fr\/#organization"},"potentialAction":[{"@type":"SearchAction","target":{"@type":"EntryPoint","urlTemplate":"https:\/\/chiropractic.ca\/fr\/?s={search_term_string}"},"query-input":{"@type":"PropertyValueSpecification","valueRequired":true,"valueName":"search_term_string"}}],"inLanguage":"fr-FR"},{"@type":"Organization","@id":"https:\/\/chiropractic.ca\/fr\/#organization","name":"Association chiropratique canadienne","url":"https:\/\/chiropractic.ca\/fr\/","logo":{"@type":"ImageObject","inLanguage":"fr-FR","@id":"https:\/\/chiropractic.ca\/fr\/#\/schema\/logo\/image\/","url":"https:\/\/chiropractic.ca\/wp-content\/uploads\/2022\/08\/cca-logo.svg","contentUrl":"https:\/\/chiropractic.ca\/wp-content\/uploads\/2022\/08\/cca-logo.svg","width":921,"height":250,"caption":"Association chiropratique canadienne"},"image":{"@id":"https:\/\/chiropractic.ca\/fr\/#\/schema\/logo\/image\/"}}]}},"_links":{"self":[{"href":"https:\/\/chiropractic.ca\/fr\/wp-json\/wp\/v2\/pages\/76058","targetHints":{"allow":["GET"]}}],"collection":[{"href":"https:\/\/chiropractic.ca\/fr\/wp-json\/wp\/v2\/pages"}],"about":[{"href":"https:\/\/chiropractic.ca\/fr\/wp-json\/wp\/v2\/types\/page"}],"author":[{"embeddable":true,"href":"https:\/\/chiropractic.ca\/fr\/wp-json\/wp\/v2\/users\/13564"}],"replies":[{"embeddable":true,"href":"https:\/\/chiropractic.ca\/fr\/wp-json\/wp\/v2\/comments?post=76058"}],"version-history":[{"count":3,"href":"https:\/\/chiropractic.ca\/fr\/wp-json\/wp\/v2\/pages\/76058\/revisions"}],"predecessor-version":[{"id":76062,"href":"https:\/\/chiropractic.ca\/fr\/wp-json\/wp\/v2\/pages\/76058\/revisions\/76062"}],"wp:featuredmedia":[{"embeddable":true,"href":"https:\/\/chiropractic.ca\/fr\/wp-json\/wp\/v2\/media\/76035"}],"wp:attachment":[{"href":"https:\/\/chiropractic.ca\/fr\/wp-json\/wp\/v2\/media?parent=76058"}],"wp:term":[{"taxonomy":"page_category","embeddable":true,"href":"https:\/\/chiropractic.ca\/fr\/wp-json\/wp\/v2\/page_category?post=76058"}],"curies":[{"name":"wp","href":"https:\/\/api.w.org\/{rel}","templated":true}]}}