{"id":76081,"date":"2025-04-07T17:18:58","date_gmt":"2025-04-07T21:18:58","guid":{"rendered":"https:\/\/chiropractic.ca\/?page_id=76081"},"modified":"2025-04-08T16:50:28","modified_gmt":"2025-04-08T20:50:28","slug":"faites-de-la-chiropratique-une-priorite-lors-des-elections-federales","status":"publish","type":"page","link":"https:\/\/chiropractic.ca\/fr\/faites-de-la-chiropratique-une-priorite-lors-des-elections-federales\/","title":{"rendered":"Faites de la chiropratique une priorit\u00e9 lors des \u00e9lections f\u00e9d\u00e9rales"},"content":{"rendered":"<header class=\"hero hero-large alignfull\"><div class=\"ct-container\"><figure class=\"animated fadeIn\"><div class=\"ct-media-container\"><img decoding=\"async\" width=\"2560\" height=\"1350\" src=\"https:\/\/chiropractic.ca\/wp-content\/uploads\/2025\/04\/iStock-2189848077-scaled.jpg\" class=\"attachment-full size-full\" alt=\"Chiropractor with male patient\" srcset=\"https:\/\/chiropractic.ca\/wp-content\/uploads\/2025\/04\/iStock-2189848077-scaled.jpg 2560w, https:\/\/chiropractic.ca\/wp-content\/uploads\/2025\/04\/iStock-2189848077-400x211.jpg 400w, https:\/\/chiropractic.ca\/wp-content\/uploads\/2025\/04\/iStock-2189848077-1024x540.jpg 1024w, https:\/\/chiropractic.ca\/wp-content\/uploads\/2025\/04\/iStock-2189848077-768x405.jpg 768w, https:\/\/chiropractic.ca\/wp-content\/uploads\/2025\/04\/iStock-2189848077-1536x810.jpg 1536w, https:\/\/chiropractic.ca\/wp-content\/uploads\/2025\/04\/iStock-2189848077-2048x1080.jpg 2048w\" sizes=\"(max-width: 2560px) 100vw, 2560px\" style=\"aspect-ratio: 16\/9;\" \/><\/div><\/figure><div class=\"wp-block-columns is-not-stacked-on-mobile\"><div class=\"wp-block-column\" style=\"flex-basis: 55%;\"><h1 class=\"animated fadeIn\">Faites de la chiropratique une priorit\u00e9 lors des \u00e9lections f\u00e9d\u00e9rales<\/h1><\/div><div class=\"wp-block-column\"><\/div><\/div><\/div><div class=\"shape-divider-bottom\">\n\t\t\t\t<svg xmlns=\"http:\/\/www.w3.org\/2000\/svg\" viewBox=\"0 0 2419.94 122.9\"><path id=\"Path_240\" class=\"cls-1\" d=\"M0,49.78C124.41-31.69,584.23,5.21,823.77,32.17c239.54,26.96,751.95,124.97,1269.64,17.61,58.43-12.12,280.19-83,319.61-18.2,7.57,12.44,9.72,32.23,2.36,48.08-21.49,46.26-117.05,43.59-150,43-136.67-2.44-1027.9-1.62-2262-1L0,49.78Z\"\/><\/svg>\n\t\t\t\t<\/div><\/header><div class=\"is-style-lead-text\" aria-hidden=\"true\" content-device=\"mobile\"><\/div>\n\n\n<div class=\"wp-block-columns is-layout-flex wp-container-core-columns-is-layout-28f84493 wp-block-columns-is-layout-flex\">\n<div class=\"wp-block-column is-layout-flow wp-block-column-is-layout-flow\" style=\"flex-basis:66.66%\"><\/div>\n\n\n\n<div class=\"wp-block-column is-layout-flow wp-block-column-is-layout-flow\" style=\"flex-basis:33.33%\"><\/div>\n<\/div>\n\n\n\n<div class=\"wp-block-columns is-layout-flex wp-container-core-columns-is-layout-28f84493 wp-block-columns-is-layout-flex\">\n<div class=\"wp-block-column is-layout-flow wp-block-column-is-layout-flow\" style=\"flex-basis:66.66%\">\n<p>Les Canadiens se rendront aux urnes le 28 avril 2025, ce qui offre aux chiropraticiens et \u00e0 notre profession une occasion unique d\u2019engager le dialogue avec les d\u00e9cideurs politiques.<br><br>Joignez-vous \u00e0 nos efforts en participant \u00e0 une campagne de r\u00e9daction de lettres sur le site Push Politics. Ces lettres visent \u00e0 souligner l\u2019importance de renforcer notre syst\u00e8me de sant\u00e9 en difficult\u00e9 en int\u00e9grant la chiropratique dans les syst\u00e8mes r\u00e9glement\u00e9s par le gouvernement f\u00e9d\u00e9ral. <\/p>\n\n\n\n<p class=\"is-style-lead-text\"><strong>Envoyez une lettre \u00e0 vos candidats<\/strong><\/p>\n\n\n\n<p>Nous vous recommandons vivement d&#8217;envoyer votre lettre \u00e0 tous les candidats qui apparaissent apr\u00e8s que vous ayez saisi votre adresse. Il est important que tous les candidats et partis politiques re\u00e7oivent notre message. Veuillez \u00e9viter de cliquer sur les cercles \u00e0 c\u00f4t\u00e9 de leurs noms, car cela les supprimera de la liste des destinataires.  <\/p>\n\n\n\n<div class=\"pp_campaign\" data-id=\"6216\"><\/div><script src=\"https:\/\/admin.csaeconnect.ca\/widget.js\"><\/script><script>EmbeddableWidget.mount({class: \"pp_campaign\" });<\/script>\n<\/div>\n\n\n\n<div class=\"wp-block-column is-layout-flow wp-block-column-is-layout-flow\" style=\"flex-basis:33.33%\"><\/div>\n<\/div>\n","protected":false},"excerpt":{"rendered":"<p>Les Canadiens se rendront aux urnes le 28 avril 2025, ce qui offre aux chiropraticiens et \u00e0 notre profession une occasion unique d\u2019engager le dialogue avec les d\u00e9cideurs politiques. Joignez-vous \u00e0 nos efforts en participant \u00e0 une campagne de r\u00e9daction de lettres sur le site Push Politics. Ces lettres visent \u00e0 souligner l\u2019importance de renforcer [&hellip;]<\/p>\n","protected":false},"author":13548,"featured_media":76075,"parent":0,"menu_order":0,"comment_status":"closed","ping_status":"closed","template":"","meta":{"_acf_changed":false,"_relevanssi_hide_post":"","_relevanssi_hide_content":"","_relevanssi_pin_for_all":"","_relevanssi_pin_keywords":"","_relevanssi_unpin_keywords":"","_relevanssi_related_keywords":"","_relevanssi_related_include_ids":"","_relevanssi_related_exclude_ids":"","_relevanssi_related_no_append":"","_relevanssi_related_not_related":"","_relevanssi_related_posts":"","_relevanssi_noindex_reason":"","footnotes":""},"page_category":[2920,2921],"class_list":["post-76081","page","type-page","status-publish","has-post-thumbnail","hentry","page_category-about-cca","page_category-advocacy"],"blocksy_meta":[],"acf":[],"yoast_head":"<!-- This site is optimized with the Yoast SEO plugin v27.3 - https:\/\/yoast.com\/product\/yoast-seo-wordpress\/ -->\n<title>Association chiropratique canadienne<\/title>\n<meta name=\"description\" content=\"Les Canadiens se rendront aux urnes le 28 avril 2025, ce qui offre aux chiropraticiens et \u00e0 notre profession une occasion unique d\u2019engager le dialogue\" \/>\n<meta name=\"robots\" content=\"index, follow, max-snippet:-1, max-image-preview:large, max-video-preview:-1\" \/>\n<link rel=\"canonical\" href=\"https:\/\/chiropractic.ca\/fr\/faites-de-la-chiropratique-une-priorite-lors-des-elections-federales\/\" \/>\n<meta property=\"og:locale\" content=\"fr_FR\" \/>\n<meta property=\"og:type\" content=\"article\" \/>\n<meta property=\"og:title\" content=\"Faites de la chiropratique une priorit\u00e9 lors des \u00e9lections f\u00e9d\u00e9rales - Association chiropratique canadienne\" \/>\n<meta property=\"og:description\" content=\"Les Canadiens se rendront aux urnes le 28 avril 2025, ce qui offre aux chiropraticiens et \u00e0 notre profession une occasion unique d\u2019engager le dialogue\" \/>\n<meta property=\"og:url\" content=\"https:\/\/chiropractic.ca\/fr\/faites-de-la-chiropratique-une-priorite-lors-des-elections-federales\/\" \/>\n<meta property=\"og:site_name\" content=\"Association chiropratique canadienne\" \/>\n<meta property=\"article:modified_time\" content=\"2025-04-08T20:50:28+00:00\" \/>\n<meta property=\"og:image\" content=\"https:\/\/chiropractic.ca\/wp-content\/uploads\/2025\/04\/iStock-2189848077-scaled.jpg\" \/>\n\t<meta property=\"og:image:width\" content=\"2560\" \/>\n\t<meta property=\"og:image:height\" content=\"1350\" \/>\n\t<meta property=\"og:image:type\" content=\"image\/jpeg\" \/>\n<meta name=\"twitter:card\" content=\"summary_large_image\" \/>\n<meta name=\"twitter:label1\" content=\"Dur\u00e9e de lecture estim\u00e9e\" \/>\n\t<meta name=\"twitter:data1\" content=\"1 minute\" \/>\n<script type=\"application\/ld+json\" class=\"yoast-schema-graph\">{\"@context\":\"https:\\\/\\\/schema.org\",\"@graph\":[{\"@type\":\"WebPage\",\"@id\":\"https:\\\/\\\/chiropractic.ca\\\/fr\\\/faites-de-la-chiropratique-une-priorite-lors-des-elections-federales\\\/\",\"url\":\"https:\\\/\\\/chiropractic.ca\\\/fr\\\/faites-de-la-chiropratique-une-priorite-lors-des-elections-federales\\\/\",\"name\":\"Faites de la chiropratique une priorit\u00e9 lors des \u00e9lections f\u00e9d\u00e9rales - Association chiropratique canadienne\",\"isPartOf\":{\"@id\":\"https:\\\/\\\/chiropractic.ca\\\/fr\\\/#website\"},\"primaryImageOfPage\":{\"@id\":\"https:\\\/\\\/chiropractic.ca\\\/fr\\\/faites-de-la-chiropratique-une-priorite-lors-des-elections-federales\\\/#primaryimage\"},\"image\":{\"@id\":\"https:\\\/\\\/chiropractic.ca\\\/fr\\\/faites-de-la-chiropratique-une-priorite-lors-des-elections-federales\\\/#primaryimage\"},\"thumbnailUrl\":\"https:\\\/\\\/chiropractic.ca\\\/wp-content\\\/uploads\\\/2025\\\/04\\\/iStock-2189848077-scaled.jpg\",\"datePublished\":\"2025-04-07T21:18:58+00:00\",\"dateModified\":\"2025-04-08T20:50:28+00:00\",\"description\":\"Les Canadiens se rendront aux urnes le 28 avril 2025, ce qui offre aux chiropraticiens et \u00e0 notre profession une occasion unique d\u2019engager le dialogue\",\"breadcrumb\":{\"@id\":\"https:\\\/\\\/chiropractic.ca\\\/fr\\\/faites-de-la-chiropratique-une-priorite-lors-des-elections-federales\\\/#breadcrumb\"},\"inLanguage\":\"fr-FR\",\"potentialAction\":[{\"@type\":\"ReadAction\",\"target\":[\"https:\\\/\\\/chiropractic.ca\\\/fr\\\/faites-de-la-chiropratique-une-priorite-lors-des-elections-federales\\\/\"]}]},{\"@type\":\"ImageObject\",\"inLanguage\":\"fr-FR\",\"@id\":\"https:\\\/\\\/chiropractic.ca\\\/fr\\\/faites-de-la-chiropratique-une-priorite-lors-des-elections-federales\\\/#primaryimage\",\"url\":\"https:\\\/\\\/chiropractic.ca\\\/wp-content\\\/uploads\\\/2025\\\/04\\\/iStock-2189848077-scaled.jpg\",\"contentUrl\":\"https:\\\/\\\/chiropractic.ca\\\/wp-content\\\/uploads\\\/2025\\\/04\\\/iStock-2189848077-scaled.jpg\",\"width\":2560,\"height\":1350,\"caption\":\"Physiotherapy, tablet and shoulder pain with people in clinic for rehabilitation, healthcare or consulting. Support, medical and chiropractor with man and athlete for healing, advice or report\"},{\"@type\":\"BreadcrumbList\",\"@id\":\"https:\\\/\\\/chiropractic.ca\\\/fr\\\/faites-de-la-chiropratique-une-priorite-lors-des-elections-federales\\\/#breadcrumb\",\"itemListElement\":[{\"@type\":\"ListItem\",\"position\":1,\"name\":\"Home\",\"item\":\"https:\\\/\\\/chiropractic.ca\\\/fr\\\/\"},{\"@type\":\"ListItem\",\"position\":2,\"name\":\"Faites de la chiropratique une priorit\u00e9 lors des \u00e9lections f\u00e9d\u00e9rales\"}]},{\"@type\":\"WebSite\",\"@id\":\"https:\\\/\\\/chiropractic.ca\\\/fr\\\/#website\",\"url\":\"https:\\\/\\\/chiropractic.ca\\\/fr\\\/\",\"name\":\"Association chiropratique canadienne\",\"description\":\"Chiropractors helping Canadians live healthier lives\",\"publisher\":{\"@id\":\"https:\\\/\\\/chiropractic.ca\\\/fr\\\/#organization\"},\"potentialAction\":[{\"@type\":\"SearchAction\",\"target\":{\"@type\":\"EntryPoint\",\"urlTemplate\":\"https:\\\/\\\/chiropractic.ca\\\/fr\\\/?s={search_term_string}\"},\"query-input\":{\"@type\":\"PropertyValueSpecification\",\"valueRequired\":true,\"valueName\":\"search_term_string\"}}],\"inLanguage\":\"fr-FR\"},{\"@type\":\"Organization\",\"@id\":\"https:\\\/\\\/chiropractic.ca\\\/fr\\\/#organization\",\"name\":\"Association chiropratique canadienne\",\"url\":\"https:\\\/\\\/chiropractic.ca\\\/fr\\\/\",\"logo\":{\"@type\":\"ImageObject\",\"inLanguage\":\"fr-FR\",\"@id\":\"https:\\\/\\\/chiropractic.ca\\\/fr\\\/#\\\/schema\\\/logo\\\/image\\\/\",\"url\":\"https:\\\/\\\/chiropractic.ca\\\/wp-content\\\/uploads\\\/2022\\\/08\\\/cca-logo.svg\",\"contentUrl\":\"https:\\\/\\\/chiropractic.ca\\\/wp-content\\\/uploads\\\/2022\\\/08\\\/cca-logo.svg\",\"width\":921,\"height\":250,\"caption\":\"Association chiropratique canadienne\"},\"image\":{\"@id\":\"https:\\\/\\\/chiropractic.ca\\\/fr\\\/#\\\/schema\\\/logo\\\/image\\\/\"}}]}<\/script>\n<!-- \/ Yoast SEO plugin. -->","yoast_head_json":{"title":"Association chiropratique canadienne","description":"Les Canadiens se rendront aux urnes le 28 avril 2025, ce qui offre aux chiropraticiens et \u00e0 notre profession une occasion unique d\u2019engager le dialogue","robots":{"index":"index","follow":"follow","max-snippet":"max-snippet:-1","max-image-preview":"max-image-preview:large","max-video-preview":"max-video-preview:-1"},"canonical":"https:\/\/chiropractic.ca\/fr\/faites-de-la-chiropratique-une-priorite-lors-des-elections-federales\/","og_locale":"fr_FR","og_type":"article","og_title":"Faites de la chiropratique une priorit\u00e9 lors des \u00e9lections f\u00e9d\u00e9rales - Association chiropratique canadienne","og_description":"Les Canadiens se rendront aux urnes le 28 avril 2025, ce qui offre aux chiropraticiens et \u00e0 notre profession une occasion unique d\u2019engager le dialogue","og_url":"https:\/\/chiropractic.ca\/fr\/faites-de-la-chiropratique-une-priorite-lors-des-elections-federales\/","og_site_name":"Association chiropratique canadienne","article_modified_time":"2025-04-08T20:50:28+00:00","og_image":[{"width":2560,"height":1350,"url":"https:\/\/chiropractic.ca\/wp-content\/uploads\/2025\/04\/iStock-2189848077-scaled.jpg","type":"image\/jpeg"}],"twitter_card":"summary_large_image","twitter_misc":{"Dur\u00e9e de lecture estim\u00e9e":"1 minute"},"schema":{"@context":"https:\/\/schema.org","@graph":[{"@type":"WebPage","@id":"https:\/\/chiropractic.ca\/fr\/faites-de-la-chiropratique-une-priorite-lors-des-elections-federales\/","url":"https:\/\/chiropractic.ca\/fr\/faites-de-la-chiropratique-une-priorite-lors-des-elections-federales\/","name":"Faites de la chiropratique une priorit\u00e9 lors des \u00e9lections f\u00e9d\u00e9rales - Association chiropratique canadienne","isPartOf":{"@id":"https:\/\/chiropractic.ca\/fr\/#website"},"primaryImageOfPage":{"@id":"https:\/\/chiropractic.ca\/fr\/faites-de-la-chiropratique-une-priorite-lors-des-elections-federales\/#primaryimage"},"image":{"@id":"https:\/\/chiropractic.ca\/fr\/faites-de-la-chiropratique-une-priorite-lors-des-elections-federales\/#primaryimage"},"thumbnailUrl":"https:\/\/chiropractic.ca\/wp-content\/uploads\/2025\/04\/iStock-2189848077-scaled.jpg","datePublished":"2025-04-07T21:18:58+00:00","dateModified":"2025-04-08T20:50:28+00:00","description":"Les Canadiens se rendront aux urnes le 28 avril 2025, ce qui offre aux chiropraticiens et \u00e0 notre profession une occasion unique d\u2019engager le dialogue","breadcrumb":{"@id":"https:\/\/chiropractic.ca\/fr\/faites-de-la-chiropratique-une-priorite-lors-des-elections-federales\/#breadcrumb"},"inLanguage":"fr-FR","potentialAction":[{"@type":"ReadAction","target":["https:\/\/chiropractic.ca\/fr\/faites-de-la-chiropratique-une-priorite-lors-des-elections-federales\/"]}]},{"@type":"ImageObject","inLanguage":"fr-FR","@id":"https:\/\/chiropractic.ca\/fr\/faites-de-la-chiropratique-une-priorite-lors-des-elections-federales\/#primaryimage","url":"https:\/\/chiropractic.ca\/wp-content\/uploads\/2025\/04\/iStock-2189848077-scaled.jpg","contentUrl":"https:\/\/chiropractic.ca\/wp-content\/uploads\/2025\/04\/iStock-2189848077-scaled.jpg","width":2560,"height":1350,"caption":"Physiotherapy, tablet and shoulder pain with people in clinic for rehabilitation, healthcare or consulting. Support, medical and chiropractor with man and athlete for healing, advice or report"},{"@type":"BreadcrumbList","@id":"https:\/\/chiropractic.ca\/fr\/faites-de-la-chiropratique-une-priorite-lors-des-elections-federales\/#breadcrumb","itemListElement":[{"@type":"ListItem","position":1,"name":"Home","item":"https:\/\/chiropractic.ca\/fr\/"},{"@type":"ListItem","position":2,"name":"Faites de la chiropratique une priorit\u00e9 lors des \u00e9lections f\u00e9d\u00e9rales"}]},{"@type":"WebSite","@id":"https:\/\/chiropractic.ca\/fr\/#website","url":"https:\/\/chiropractic.ca\/fr\/","name":"Association chiropratique canadienne","description":"Chiropractors helping Canadians live healthier lives","publisher":{"@id":"https:\/\/chiropractic.ca\/fr\/#organization"},"potentialAction":[{"@type":"SearchAction","target":{"@type":"EntryPoint","urlTemplate":"https:\/\/chiropractic.ca\/fr\/?s={search_term_string}"},"query-input":{"@type":"PropertyValueSpecification","valueRequired":true,"valueName":"search_term_string"}}],"inLanguage":"fr-FR"},{"@type":"Organization","@id":"https:\/\/chiropractic.ca\/fr\/#organization","name":"Association chiropratique canadienne","url":"https:\/\/chiropractic.ca\/fr\/","logo":{"@type":"ImageObject","inLanguage":"fr-FR","@id":"https:\/\/chiropractic.ca\/fr\/#\/schema\/logo\/image\/","url":"https:\/\/chiropractic.ca\/wp-content\/uploads\/2022\/08\/cca-logo.svg","contentUrl":"https:\/\/chiropractic.ca\/wp-content\/uploads\/2022\/08\/cca-logo.svg","width":921,"height":250,"caption":"Association chiropratique canadienne"},"image":{"@id":"https:\/\/chiropractic.ca\/fr\/#\/schema\/logo\/image\/"}}]}},"_links":{"self":[{"href":"https:\/\/chiropractic.ca\/fr\/wp-json\/wp\/v2\/pages\/76081","targetHints":{"allow":["GET"]}}],"collection":[{"href":"https:\/\/chiropractic.ca\/fr\/wp-json\/wp\/v2\/pages"}],"about":[{"href":"https:\/\/chiropractic.ca\/fr\/wp-json\/wp\/v2\/types\/page"}],"author":[{"embeddable":true,"href":"https:\/\/chiropractic.ca\/fr\/wp-json\/wp\/v2\/users\/13548"}],"replies":[{"embeddable":true,"href":"https:\/\/chiropractic.ca\/fr\/wp-json\/wp\/v2\/comments?post=76081"}],"version-history":[{"count":4,"href":"https:\/\/chiropractic.ca\/fr\/wp-json\/wp\/v2\/pages\/76081\/revisions"}],"predecessor-version":[{"id":76103,"href":"https:\/\/chiropractic.ca\/fr\/wp-json\/wp\/v2\/pages\/76081\/revisions\/76103"}],"wp:featuredmedia":[{"embeddable":true,"href":"https:\/\/chiropractic.ca\/fr\/wp-json\/wp\/v2\/media\/76075"}],"wp:attachment":[{"href":"https:\/\/chiropractic.ca\/fr\/wp-json\/wp\/v2\/media?parent=76081"}],"wp:term":[{"taxonomy":"page_category","embeddable":true,"href":"https:\/\/chiropractic.ca\/fr\/wp-json\/wp\/v2\/page_category?post=76081"}],"curies":[{"name":"wp","href":"https:\/\/api.w.org\/{rel}","templated":true}]}}