{"id":76387,"date":"2025-10-14T14:08:08","date_gmt":"2025-10-14T18:08:08","guid":{"rendered":"https:\/\/chiropractic.ca\/?page_id=76387"},"modified":"2025-10-14T14:12:15","modified_gmt":"2025-10-14T18:12:15","slug":"direction-du-personnel-de-lacc","status":"publish","type":"page","link":"https:\/\/chiropractic.ca\/fr\/direction-du-personnel-de-lacc\/","title":{"rendered":"Direction du personnel de l\u2019ACC"},"content":{"rendered":"<header class=\"hero hero-large alignfull\"><div class=\"ct-container\"><figure class=\"animated fadeIn\"><div class=\"ct-media-container\"><img decoding=\"async\" width=\"2560\" height=\"1853\" src=\"https:\/\/chiropractic.ca\/wp-content\/uploads\/2026\/03\/CCA-Staff-Photo-Website-scaled.jpg\" class=\"attachment-full size-full\" alt=\"\" srcset=\"https:\/\/chiropractic.ca\/wp-content\/uploads\/2026\/03\/CCA-Staff-Photo-Website-scaled.jpg 2560w, https:\/\/chiropractic.ca\/wp-content\/uploads\/2026\/03\/CCA-Staff-Photo-Website-400x290.jpg 400w, https:\/\/chiropractic.ca\/wp-content\/uploads\/2026\/03\/CCA-Staff-Photo-Website-1024x741.jpg 1024w, https:\/\/chiropractic.ca\/wp-content\/uploads\/2026\/03\/CCA-Staff-Photo-Website-768x556.jpg 768w, https:\/\/chiropractic.ca\/wp-content\/uploads\/2026\/03\/CCA-Staff-Photo-Website-1536x1112.jpg 1536w, https:\/\/chiropractic.ca\/wp-content\/uploads\/2026\/03\/CCA-Staff-Photo-Website-2048x1482.jpg 2048w\" sizes=\"(max-width: 2560px) 100vw, 2560px\" style=\"aspect-ratio: 16\/9;\" \/><\/div><\/figure><div class=\"wp-block-columns is-not-stacked-on-mobile\"><div class=\"wp-block-column\" style=\"flex-basis: 55%;\"><h1 class=\"animated fadeIn\">Direction du personnel de l\u2019ACC<\/h1><div class=\"is-style-lead-text\" content-device=\"desktop\"><p>Donnons-nous les moyens de cr\u00e9er un environnement bienveillant pour mettre en \u0153uvre et r\u00e9aliser notre mission.<\/p>\n<\/div><\/div><div class=\"wp-block-column\"><\/div><\/div><\/div><div class=\"shape-divider-bottom\">\n\t\t\t\t<svg xmlns=\"http:\/\/www.w3.org\/2000\/svg\" viewBox=\"0 0 2419.94 122.9\"><path id=\"Path_240\" class=\"cls-1\" d=\"M0,49.78C124.41-31.69,584.23,5.21,823.77,32.17c239.54,26.96,751.95,124.97,1269.64,17.61,58.43-12.12,280.19-83,319.61-18.2,7.57,12.44,9.72,32.23,2.36,48.08-21.49,46.26-117.05,43.59-150,43-136.67-2.44-1027.9-1.62-2262-1L0,49.78Z\"\/><\/svg>\n\t\t\t\t<\/div><\/header><div class=\"is-style-lead-text\" aria-hidden=\"true\" content-device=\"mobile\"><p>Donnons-nous les moyens de cr\u00e9er un environnement bienveillant pour mettre en \u0153uvre et r\u00e9aliser notre mission.<\/p>\n<\/div>\n<h2 class=\"wp-block-heading\">\u00c9quipe de direction de l\u2019ACC<\/h2>\n\n<p>L\u2019\u00e9quipe de direction de l\u2019ACC agit comme guide pour orienter nos efforts, s\u2019assurant ainsi que chacun des gestes pos\u00e9s contribue \u00e0 soutenir les chiropraticiens, \u00e0 renforcer la profession et \u00e0 am\u00e9liorer la sant\u00e9 des Canadiens. Relevant du conseil d\u2019administration de l\u2019ACC, cette \u00e9quipe qui g\u00e8re les activit\u00e9s quotidiennes de l\u2019Association est compos\u00e9e des membres suivants : <\/p>\n\n<div class=\"wp-block-columns is-layout-flex wp-container-core-columns-is-layout-28f84493 wp-block-columns-is-layout-flex\">\n<div class=\"wp-block-column is-layout-flow wp-block-column-is-layout-flow\" style=\"flex-basis:66.66%\"><div class=\"ct-posts-shortcode modal\" data-prefix=\"team_archive\"><div class=\"entries\" data-archive=\"default\" data-layout=\"grid\" data-cards=\"simple\"><article class=\"entry-card card-content post-71157 team type-team status-publish has-post-thumbnail hentry group-cca-executive-leadership-team group-leadership-team\" ><a class=\"ct-media-container\" href=\"https:\/\/chiropractic.ca\/fr\/team\/dre-ayla-azad\/\" aria-label=\"Dre Ayla Azad\"><img decoding=\"async\" width=\"768\" height=\"1152\" src=\"https:\/\/chiropractic.ca\/wp-content\/uploads\/2022\/11\/Ayla-Azad-768x1152.jpg\" class=\"attachment-medium_large size-medium_large wp-post-image\" alt=\"\" srcset=\"https:\/\/chiropractic.ca\/wp-content\/uploads\/2022\/11\/Ayla-Azad-768x1152.jpg 768w, https:\/\/chiropractic.ca\/wp-content\/uploads\/2022\/11\/Ayla-Azad-267x400.jpg 267w, https:\/\/chiropractic.ca\/wp-content\/uploads\/2022\/11\/Ayla-Azad-683x1024.jpg 683w, https:\/\/chiropractic.ca\/wp-content\/uploads\/2022\/11\/Ayla-Azad-1024x1536.jpg 1024w, https:\/\/chiropractic.ca\/wp-content\/uploads\/2022\/11\/Ayla-Azad-1366x2048.jpg 1366w, https:\/\/chiropractic.ca\/wp-content\/uploads\/2022\/11\/Ayla-Azad.jpg 1707w\" sizes=\"(max-width: 768px) 100vw, 768px\" style=\"aspect-ratio: 115\/172;\" \/><\/a><h3 class=\"entry-title\"><a href=\"https:\/\/chiropractic.ca\/fr\/team\/dre-ayla-azad\/\" rel=\"bookmark\">Dre Ayla Azad<\/a><\/h3><div class=\"ct-dynamic-data-layer\" data-field=\"position:7novYB\">Pr\u00e9sidente-directrice g\u00e9n\u00e9rale<\/div><\/article><article class=\"entry-card card-content post-76366 team type-team status-publish has-post-thumbnail hentry group-cca-executive-leadership-team\" ><a class=\"ct-media-container\" href=\"https:\/\/chiropractic.ca\/fr\/team\/dillon-dantas-2\/\" aria-label=\"Dillon Dantas\"><img decoding=\"async\" width=\"640\" height=\"960\" src=\"https:\/\/chiropractic.ca\/wp-content\/uploads\/2025\/09\/DillonD.jpg\" class=\"attachment-medium_large size-medium_large wp-post-image\" alt=\"Dillon Dantas\" srcset=\"https:\/\/chiropractic.ca\/wp-content\/uploads\/2025\/09\/DillonD.jpg 640w, https:\/\/chiropractic.ca\/wp-content\/uploads\/2025\/09\/DillonD-267x400.jpg 267w\" sizes=\"(max-width: 640px) 100vw, 640px\" style=\"aspect-ratio: 115\/172;\" \/><\/a><h3 class=\"entry-title\"><a href=\"https:\/\/chiropractic.ca\/fr\/team\/dillon-dantas-2\/\" rel=\"bookmark\">Dillon Dantas<\/a><\/h3><div class=\"ct-dynamic-data-layer\" data-field=\"position:7novYB\">Directeur en chef de la technologie<\/div><\/article><article class=\"entry-card card-content post-76374 team type-team status-publish has-post-thumbnail hentry group-cca-executive-leadership-team\" ><a class=\"ct-media-container\" href=\"https:\/\/chiropractic.ca\/fr\/team\/dre-crystal-draper\/\" aria-label=\"Dre Crystal Draper\"><img decoding=\"async\" width=\"640\" height=\"960\" src=\"https:\/\/chiropractic.ca\/wp-content\/uploads\/2025\/09\/CrystalD.jpg\" class=\"attachment-medium_large size-medium_large wp-post-image\" alt=\"Crystal Draper\" srcset=\"https:\/\/chiropractic.ca\/wp-content\/uploads\/2025\/09\/CrystalD.jpg 640w, https:\/\/chiropractic.ca\/wp-content\/uploads\/2025\/09\/CrystalD-267x400.jpg 267w\" sizes=\"(max-width: 640px) 100vw, 640px\" style=\"aspect-ratio: 115\/172;\" \/><\/a><h3 class=\"entry-title\"><a href=\"https:\/\/chiropractic.ca\/fr\/team\/dre-crystal-draper\/\" rel=\"bookmark\">Dre Crystal Draper<\/a><\/h3><div class=\"ct-dynamic-data-layer\" data-field=\"position:7novYB\">Directeur de la Pratique Professionelle<\/div><\/article><article class=\"entry-card card-content post-76378 team type-team status-publish has-post-thumbnail hentry group-cca-executive-leadership-team\" ><a class=\"ct-media-container\" href=\"https:\/\/chiropractic.ca\/fr\/team\/simone-lai\/\" aria-label=\"Simone Lai\"><img decoding=\"async\" width=\"640\" height=\"960\" src=\"https:\/\/chiropractic.ca\/wp-content\/uploads\/2025\/09\/SimoneL.jpg\" class=\"attachment-medium_large size-medium_large wp-post-image\" alt=\"Simone Lai\" srcset=\"https:\/\/chiropractic.ca\/wp-content\/uploads\/2025\/09\/SimoneL.jpg 640w, https:\/\/chiropractic.ca\/wp-content\/uploads\/2025\/09\/SimoneL-267x400.jpg 267w\" sizes=\"(max-width: 640px) 100vw, 640px\" style=\"aspect-ratio: 115\/172;\" \/><\/a><h3 class=\"entry-title\"><a href=\"https:\/\/chiropractic.ca\/fr\/team\/simone-lai\/\" rel=\"bookmark\">Simone Lai<\/a><\/h3><div class=\"ct-dynamic-data-layer\" data-field=\"position:7novYB\">Directrice associ\u00e9e du marketing et de la communication<\/div><\/article><article class=\"entry-card card-content post-76359 team type-team status-publish has-post-thumbnail hentry group-cca-executive-leadership-team\" ><a class=\"ct-media-container\" href=\"https:\/\/chiropractic.ca\/fr\/team\/sarah-perry\/\" aria-label=\"Sarah Perry\"><img decoding=\"async\" width=\"640\" height=\"960\" src=\"https:\/\/chiropractic.ca\/wp-content\/uploads\/2025\/09\/SarahP.jpg\" class=\"attachment-medium_large size-medium_large wp-post-image\" alt=\"Sarah Perry\" srcset=\"https:\/\/chiropractic.ca\/wp-content\/uploads\/2025\/09\/SarahP.jpg 640w, https:\/\/chiropractic.ca\/wp-content\/uploads\/2025\/09\/SarahP-267x400.jpg 267w\" sizes=\"(max-width: 640px) 100vw, 640px\" style=\"aspect-ratio: 115\/172;\" \/><\/a><h3 class=\"entry-title\"><a href=\"https:\/\/chiropractic.ca\/fr\/team\/sarah-perry\/\" rel=\"bookmark\">Sarah Perry<\/a><\/h3><div class=\"ct-dynamic-data-layer\" data-field=\"position:7novYB\">Adjointe ex\u00e9cutive de la Pr\u00e9sidente-directrice g\u00e9n\u00e9rale et responsable de la gouvernance<\/div><\/article><article class=\"entry-card card-content post-76370 team type-team status-publish has-post-thumbnail hentry group-cca-executive-leadership-team\" ><a class=\"ct-media-container\" href=\"https:\/\/chiropractic.ca\/fr\/team\/sarah-smith-coulter\/\" aria-label=\"Sarah Smith Coulter\"><img decoding=\"async\" width=\"640\" height=\"960\" src=\"https:\/\/chiropractic.ca\/wp-content\/uploads\/2025\/09\/SarahC.jpg\" class=\"attachment-medium_large size-medium_large wp-post-image\" alt=\"Sarah Coulter Smith\" srcset=\"https:\/\/chiropractic.ca\/wp-content\/uploads\/2025\/09\/SarahC.jpg 640w, https:\/\/chiropractic.ca\/wp-content\/uploads\/2025\/09\/SarahC-267x400.jpg 267w\" sizes=\"(max-width: 640px) 100vw, 640px\" style=\"aspect-ratio: 115\/172;\" \/><\/a><h3 class=\"entry-title\"><a href=\"https:\/\/chiropractic.ca\/fr\/team\/sarah-smith-coulter\/\" rel=\"bookmark\">Sarah Smith Coulter<\/a><\/h3><div class=\"ct-dynamic-data-layer\" data-field=\"position:7novYB\">Directrice de l\u2019Exp\u00e9rience Client<\/div><\/article><article class=\"entry-card card-content post-76364 team type-team status-publish has-post-thumbnail hentry group-cca-executive-leadership-team\" ><a class=\"ct-media-container\" href=\"https:\/\/chiropractic.ca\/fr\/team\/marla-torres\/\" aria-label=\"Marla Torres\"><img decoding=\"async\" width=\"640\" height=\"960\" src=\"https:\/\/chiropractic.ca\/wp-content\/uploads\/2025\/09\/MarlaT-1.jpg\" class=\"attachment-medium_large size-medium_large wp-post-image\" alt=\"Marla Torres\" srcset=\"https:\/\/chiropractic.ca\/wp-content\/uploads\/2025\/09\/MarlaT-1.jpg 640w, https:\/\/chiropractic.ca\/wp-content\/uploads\/2025\/09\/MarlaT-1-267x400.jpg 267w\" sizes=\"(max-width: 640px) 100vw, 640px\" style=\"aspect-ratio: 115\/172;\" \/><\/a><h3 class=\"entry-title\"><a href=\"https:\/\/chiropractic.ca\/fr\/team\/marla-torres\/\" rel=\"bookmark\">Marla Torres<\/a><\/h3><div class=\"ct-dynamic-data-layer\" data-field=\"position:7novYB\">Directrice des Ressources Humaines et Op\u00e9rations<\/div><\/article><\/div><\/div>\n<\/div>\n\n\n\n<div class=\"wp-block-column is-layout-flow wp-block-column-is-layout-flow\" style=\"flex-basis:33.33%\"><\/div>\n<\/div>\n\n<div class=\"wp-block-columns is-layout-flex wp-container-core-columns-is-layout-28f84493 wp-block-columns-is-layout-flex\">\n<div class=\"wp-block-column is-layout-flow wp-block-column-is-layout-flow\" style=\"flex-basis:66.66%\"><\/div>\n\n\n\n<div class=\"wp-block-column is-layout-flow wp-block-column-is-layout-flow\" style=\"flex-basis:33.33%\"><\/div>\n<\/div>\n\n<p><\/p>\n","protected":false},"excerpt":{"rendered":"<p>\u00c9quipe de direction de l\u2019ACC L\u2019\u00e9quipe de direction de l\u2019ACC agit comme guide pour orienter nos efforts, s\u2019assurant ainsi que chacun des gestes pos\u00e9s contribue \u00e0 soutenir les chiropraticiens, \u00e0 renforcer la profession et \u00e0 am\u00e9liorer la sant\u00e9 des Canadiens. Relevant du conseil d\u2019administration de l\u2019ACC, cette \u00e9quipe qui g\u00e8re les activit\u00e9s quotidiennes de l\u2019Association [&hellip;]<\/p>\n","protected":false},"author":13548,"featured_media":76875,"parent":0,"menu_order":24,"comment_status":"closed","ping_status":"closed","template":"","meta":{"_acf_changed":false,"_relevanssi_hide_post":"","_relevanssi_hide_content":"","_relevanssi_pin_for_all":"","_relevanssi_pin_keywords":"","_relevanssi_unpin_keywords":"","_relevanssi_related_keywords":"","_relevanssi_related_include_ids":"","_relevanssi_related_exclude_ids":"","_relevanssi_related_no_append":"","_relevanssi_related_not_related":"","_relevanssi_related_posts":"","_relevanssi_noindex_reason":"","footnotes":""},"page_category":[2920],"class_list":["post-76387","page","type-page","status-publish","has-post-thumbnail","hentry","page_category-about-cca"],"blocksy_meta":{"styles_descriptor":{"styles":{"desktop":"","tablet":"","mobile":""},"google_fonts":[],"version":6}},"acf":[],"yoast_head":"<!-- This site is optimized with the Yoast SEO plugin v27.4 - https:\/\/yoast.com\/product\/yoast-seo-wordpress\/ -->\n<title>Association chiropratique canadienne<\/title>\n<meta name=\"description\" content=\"\u00c9quipe de direction de l\u2019ACC L\u2019\u00e9quipe de direction de l\u2019ACC agit comme guide pour orienter nos efforts, s\u2019assurant ainsi que chacun des gestes pos\u00e9s\" \/>\n<meta name=\"robots\" content=\"index, follow, max-snippet:-1, max-image-preview:large, max-video-preview:-1\" \/>\n<link rel=\"canonical\" href=\"https:\/\/chiropractic.ca\/fr\/direction-du-personnel-de-lacc\/\" \/>\n<meta property=\"og:locale\" content=\"fr_FR\" \/>\n<meta property=\"og:type\" content=\"article\" \/>\n<meta property=\"og:title\" content=\"Direction du personnel de l\u2019ACC - Association chiropratique canadienne\" \/>\n<meta property=\"og:description\" content=\"\u00c9quipe de direction de l\u2019ACC L\u2019\u00e9quipe de direction de l\u2019ACC agit comme guide pour orienter nos efforts, s\u2019assurant ainsi que chacun des gestes pos\u00e9s\" \/>\n<meta property=\"og:url\" content=\"https:\/\/chiropractic.ca\/fr\/direction-du-personnel-de-lacc\/\" \/>\n<meta property=\"og:site_name\" content=\"Association chiropratique canadienne\" \/>\n<meta property=\"article:modified_time\" content=\"2025-10-14T18:12:15+00:00\" \/>\n<meta property=\"og:image\" content=\"https:\/\/chiropractic.ca\/wp-content\/uploads\/2025\/09\/Group-Photos-03-1-8-scaled.jpg\" \/>\n\t<meta property=\"og:image:width\" content=\"2500\" \/>\n\t<meta property=\"og:image:height\" content=\"1562\" \/>\n\t<meta property=\"og:image:type\" content=\"image\/jpeg\" \/>\n<meta name=\"twitter:card\" content=\"summary_large_image\" \/>\n<script type=\"application\/ld+json\" class=\"yoast-schema-graph\">{\"@context\":\"https:\\\/\\\/schema.org\",\"@graph\":[{\"@type\":\"WebPage\",\"@id\":\"https:\\\/\\\/chiropractic.ca\\\/fr\\\/direction-du-personnel-de-lacc\\\/\",\"url\":\"https:\\\/\\\/chiropractic.ca\\\/fr\\\/direction-du-personnel-de-lacc\\\/\",\"name\":\"Direction du personnel de l\u2019ACC - Association chiropratique canadienne\",\"isPartOf\":{\"@id\":\"https:\\\/\\\/chiropractic.ca\\\/fr\\\/#website\"},\"primaryImageOfPage\":{\"@id\":\"https:\\\/\\\/chiropractic.ca\\\/fr\\\/direction-du-personnel-de-lacc\\\/#primaryimage\"},\"image\":{\"@id\":\"https:\\\/\\\/chiropractic.ca\\\/fr\\\/direction-du-personnel-de-lacc\\\/#primaryimage\"},\"thumbnailUrl\":\"https:\\\/\\\/chiropractic.ca\\\/wp-content\\\/uploads\\\/2026\\\/03\\\/CCA-Staff-Photo-Website-scaled.jpg\",\"datePublished\":\"2025-10-14T18:08:08+00:00\",\"dateModified\":\"2025-10-14T18:12:15+00:00\",\"description\":\"\u00c9quipe de direction de l\u2019ACC L\u2019\u00e9quipe de direction de l\u2019ACC agit comme guide pour orienter nos efforts, s\u2019assurant ainsi que chacun des gestes pos\u00e9s\",\"breadcrumb\":{\"@id\":\"https:\\\/\\\/chiropractic.ca\\\/fr\\\/direction-du-personnel-de-lacc\\\/#breadcrumb\"},\"inLanguage\":\"fr-FR\",\"potentialAction\":[{\"@type\":\"ReadAction\",\"target\":[\"https:\\\/\\\/chiropractic.ca\\\/fr\\\/direction-du-personnel-de-lacc\\\/\"]}]},{\"@type\":\"ImageObject\",\"inLanguage\":\"fr-FR\",\"@id\":\"https:\\\/\\\/chiropractic.ca\\\/fr\\\/direction-du-personnel-de-lacc\\\/#primaryimage\",\"url\":\"https:\\\/\\\/chiropractic.ca\\\/wp-content\\\/uploads\\\/2026\\\/03\\\/CCA-Staff-Photo-Website-scaled.jpg\",\"contentUrl\":\"https:\\\/\\\/chiropractic.ca\\\/wp-content\\\/uploads\\\/2026\\\/03\\\/CCA-Staff-Photo-Website-scaled.jpg\",\"width\":2560,\"height\":1853},{\"@type\":\"BreadcrumbList\",\"@id\":\"https:\\\/\\\/chiropractic.ca\\\/fr\\\/direction-du-personnel-de-lacc\\\/#breadcrumb\",\"itemListElement\":[{\"@type\":\"ListItem\",\"position\":1,\"name\":\"Home\",\"item\":\"https:\\\/\\\/chiropractic.ca\\\/fr\\\/\"},{\"@type\":\"ListItem\",\"position\":2,\"name\":\"Direction du personnel de l\u2019ACC\"}]},{\"@type\":\"WebSite\",\"@id\":\"https:\\\/\\\/chiropractic.ca\\\/fr\\\/#website\",\"url\":\"https:\\\/\\\/chiropractic.ca\\\/fr\\\/\",\"name\":\"Association chiropratique canadienne\",\"description\":\"Chiropractors helping Canadians live healthier lives\",\"publisher\":{\"@id\":\"https:\\\/\\\/chiropractic.ca\\\/fr\\\/#organization\"},\"potentialAction\":[{\"@type\":\"SearchAction\",\"target\":{\"@type\":\"EntryPoint\",\"urlTemplate\":\"https:\\\/\\\/chiropractic.ca\\\/fr\\\/?s={search_term_string}\"},\"query-input\":{\"@type\":\"PropertyValueSpecification\",\"valueRequired\":true,\"valueName\":\"search_term_string\"}}],\"inLanguage\":\"fr-FR\"},{\"@type\":\"Organization\",\"@id\":\"https:\\\/\\\/chiropractic.ca\\\/fr\\\/#organization\",\"name\":\"Association chiropratique canadienne\",\"url\":\"https:\\\/\\\/chiropractic.ca\\\/fr\\\/\",\"logo\":{\"@type\":\"ImageObject\",\"inLanguage\":\"fr-FR\",\"@id\":\"https:\\\/\\\/chiropractic.ca\\\/fr\\\/#\\\/schema\\\/logo\\\/image\\\/\",\"url\":\"https:\\\/\\\/chiropractic.ca\\\/wp-content\\\/uploads\\\/2022\\\/08\\\/cca-logo.svg\",\"contentUrl\":\"https:\\\/\\\/chiropractic.ca\\\/wp-content\\\/uploads\\\/2022\\\/08\\\/cca-logo.svg\",\"width\":921,\"height\":250,\"caption\":\"Association chiropratique canadienne\"},\"image\":{\"@id\":\"https:\\\/\\\/chiropractic.ca\\\/fr\\\/#\\\/schema\\\/logo\\\/image\\\/\"}}]}<\/script>\n<!-- \/ Yoast SEO plugin. -->","yoast_head_json":{"title":"Association chiropratique canadienne","description":"\u00c9quipe de direction de l\u2019ACC L\u2019\u00e9quipe de direction de l\u2019ACC agit comme guide pour orienter nos efforts, s\u2019assurant ainsi que chacun des gestes pos\u00e9s","robots":{"index":"index","follow":"follow","max-snippet":"max-snippet:-1","max-image-preview":"max-image-preview:large","max-video-preview":"max-video-preview:-1"},"canonical":"https:\/\/chiropractic.ca\/fr\/direction-du-personnel-de-lacc\/","og_locale":"fr_FR","og_type":"article","og_title":"Direction du personnel de l\u2019ACC - Association chiropratique canadienne","og_description":"\u00c9quipe de direction de l\u2019ACC L\u2019\u00e9quipe de direction de l\u2019ACC agit comme guide pour orienter nos efforts, s\u2019assurant ainsi que chacun des gestes pos\u00e9s","og_url":"https:\/\/chiropractic.ca\/fr\/direction-du-personnel-de-lacc\/","og_site_name":"Association chiropratique canadienne","article_modified_time":"2025-10-14T18:12:15+00:00","og_image":[{"width":2500,"height":1562,"url":"https:\/\/chiropractic.ca\/wp-content\/uploads\/2025\/09\/Group-Photos-03-1-8-scaled.jpg","type":"image\/jpeg"}],"twitter_card":"summary_large_image","schema":{"@context":"https:\/\/schema.org","@graph":[{"@type":"WebPage","@id":"https:\/\/chiropractic.ca\/fr\/direction-du-personnel-de-lacc\/","url":"https:\/\/chiropractic.ca\/fr\/direction-du-personnel-de-lacc\/","name":"Direction du personnel de l\u2019ACC - Association chiropratique canadienne","isPartOf":{"@id":"https:\/\/chiropractic.ca\/fr\/#website"},"primaryImageOfPage":{"@id":"https:\/\/chiropractic.ca\/fr\/direction-du-personnel-de-lacc\/#primaryimage"},"image":{"@id":"https:\/\/chiropractic.ca\/fr\/direction-du-personnel-de-lacc\/#primaryimage"},"thumbnailUrl":"https:\/\/chiropractic.ca\/wp-content\/uploads\/2026\/03\/CCA-Staff-Photo-Website-scaled.jpg","datePublished":"2025-10-14T18:08:08+00:00","dateModified":"2025-10-14T18:12:15+00:00","description":"\u00c9quipe de direction de l\u2019ACC L\u2019\u00e9quipe de direction de l\u2019ACC agit comme guide pour orienter nos efforts, s\u2019assurant ainsi que chacun des gestes pos\u00e9s","breadcrumb":{"@id":"https:\/\/chiropractic.ca\/fr\/direction-du-personnel-de-lacc\/#breadcrumb"},"inLanguage":"fr-FR","potentialAction":[{"@type":"ReadAction","target":["https:\/\/chiropractic.ca\/fr\/direction-du-personnel-de-lacc\/"]}]},{"@type":"ImageObject","inLanguage":"fr-FR","@id":"https:\/\/chiropractic.ca\/fr\/direction-du-personnel-de-lacc\/#primaryimage","url":"https:\/\/chiropractic.ca\/wp-content\/uploads\/2026\/03\/CCA-Staff-Photo-Website-scaled.jpg","contentUrl":"https:\/\/chiropractic.ca\/wp-content\/uploads\/2026\/03\/CCA-Staff-Photo-Website-scaled.jpg","width":2560,"height":1853},{"@type":"BreadcrumbList","@id":"https:\/\/chiropractic.ca\/fr\/direction-du-personnel-de-lacc\/#breadcrumb","itemListElement":[{"@type":"ListItem","position":1,"name":"Home","item":"https:\/\/chiropractic.ca\/fr\/"},{"@type":"ListItem","position":2,"name":"Direction du personnel de l\u2019ACC"}]},{"@type":"WebSite","@id":"https:\/\/chiropractic.ca\/fr\/#website","url":"https:\/\/chiropractic.ca\/fr\/","name":"Association chiropratique canadienne","description":"Chiropractors helping Canadians live healthier lives","publisher":{"@id":"https:\/\/chiropractic.ca\/fr\/#organization"},"potentialAction":[{"@type":"SearchAction","target":{"@type":"EntryPoint","urlTemplate":"https:\/\/chiropractic.ca\/fr\/?s={search_term_string}"},"query-input":{"@type":"PropertyValueSpecification","valueRequired":true,"valueName":"search_term_string"}}],"inLanguage":"fr-FR"},{"@type":"Organization","@id":"https:\/\/chiropractic.ca\/fr\/#organization","name":"Association chiropratique canadienne","url":"https:\/\/chiropractic.ca\/fr\/","logo":{"@type":"ImageObject","inLanguage":"fr-FR","@id":"https:\/\/chiropractic.ca\/fr\/#\/schema\/logo\/image\/","url":"https:\/\/chiropractic.ca\/wp-content\/uploads\/2022\/08\/cca-logo.svg","contentUrl":"https:\/\/chiropractic.ca\/wp-content\/uploads\/2022\/08\/cca-logo.svg","width":921,"height":250,"caption":"Association chiropratique canadienne"},"image":{"@id":"https:\/\/chiropractic.ca\/fr\/#\/schema\/logo\/image\/"}}]}},"_links":{"self":[{"href":"https:\/\/chiropractic.ca\/fr\/wp-json\/wp\/v2\/pages\/76387","targetHints":{"allow":["GET"]}}],"collection":[{"href":"https:\/\/chiropractic.ca\/fr\/wp-json\/wp\/v2\/pages"}],"about":[{"href":"https:\/\/chiropractic.ca\/fr\/wp-json\/wp\/v2\/types\/page"}],"author":[{"embeddable":true,"href":"https:\/\/chiropractic.ca\/fr\/wp-json\/wp\/v2\/users\/13548"}],"replies":[{"embeddable":true,"href":"https:\/\/chiropractic.ca\/fr\/wp-json\/wp\/v2\/comments?post=76387"}],"version-history":[{"count":3,"href":"https:\/\/chiropractic.ca\/fr\/wp-json\/wp\/v2\/pages\/76387\/revisions"}],"predecessor-version":[{"id":76433,"href":"https:\/\/chiropractic.ca\/fr\/wp-json\/wp\/v2\/pages\/76387\/revisions\/76433"}],"wp:featuredmedia":[{"embeddable":true,"href":"https:\/\/chiropractic.ca\/fr\/wp-json\/wp\/v2\/media\/76875"}],"wp:attachment":[{"href":"https:\/\/chiropractic.ca\/fr\/wp-json\/wp\/v2\/media?parent=76387"}],"wp:term":[{"taxonomy":"page_category","embeddable":true,"href":"https:\/\/chiropractic.ca\/fr\/wp-json\/wp\/v2\/page_category?post=76387"}],"curies":[{"name":"wp","href":"https:\/\/api.w.org\/{rel}","templated":true}]}}